{"id":7931,"date":"2017-10-09T11:31:17","date_gmt":"2017-10-09T11:31:17","guid":{"rendered":"http:\/\/www.firstlinepractitioners.com\/takedown-project\/"},"modified":"2019-09-26T09:15:02","modified_gmt":"2019-09-26T09:15:02","slug":"takedown-project","status":"publish","type":"page","link":"https:\/\/www.firstlinepractitioners.com\/cs\/takedown-project\/","title":{"rendered":"Takedown Project"},"content":{"rendered":"<p>[vc_section css=&#8220;.vc_custom_1523017027877{padding-bottom: 100px !important;}&#8220;][vc_row][vc_column width=&#8220;3\/4&#8243;][vc_row_inner][vc_column_inner width=&#8220;3\/4&#8243;]\t<div  class=\"bs-shortcode bs-heading-shortcode bscb-19221 bsb-have-heading-color\">\r\n\t\t\t\t<h3 class=\"section-heading sh-t6 sh-s6\">\r\n\t\t\t\t<span class=\"h-text\">V\u00ddCHOZ\u00cd SITUACE PRACOVN\u00cdK\u016e V PRVN\u00cd LINII<\/span>\r\n\t\t\t\t<\/h3>\r\n\t\t\t<\/div>\r\n[\/vc_column_inner][vc_column_inner width=&#8220;1\/4&#8243;]\t\t<div\n\t\t\tclass=\"better-studio-shortcode bsc-clearfix better-social-counter style-button colored in-4-col \">\n\t\t\t\t\t\t<ul class=\"social-list bsc-clearfix\"><li class=\"social-item twitter\"><a href=\"http:\/\/twitter.com\/@FLPractitioners\" target=\"_blank\"><i class=\"item-icon bsfi-twitter\"><\/i><span class=\"item-title\">Followers<\/span><\/a><\/li><li class=\"social-item youtube\"><a href=\"#\" target=\"_blank\"><i class=\"item-icon bsfi-youtube\"><\/i><span class=\"item-title\">Subscribers<\/span><\/a><\/li>\t\t\t<\/ul>\n\t\t<\/div>\n\t\t[\/vc_column_inner][\/vc_row_inner][vc_column_text]Hlavn\u00edmi hrozbami pro Evropskou unii a jej\u00ed obyvatelstvo jsou organizovan\u00fd zlo\u010din a teroristick\u00e9 s\u00edt\u011b. Na jednu stranu v Evrop\u011b neust\u00e1le roste objem a hodnota aktiv zabaven\u00fdch organizovan\u00e9mu zlo\u010dinu, co\u017e nazna\u010duje, \u017ee je v Evrop\u011b na vzestupu a \u017ee pro \u0159adu n\u00e1rodn\u00edch st\u00e1t\u016f znamen\u00e1 ohro\u017een\u00ed leg\u00e1ln\u00ed ekonomiky a da\u0148ov\u00e9 z\u00e1kladny. Na druhou stranu stoj\u00ed Evropa p\u0159ed probl\u00e9mem rostouc\u00edho po\u010dtu jednotlivc\u016f, kte\u0159\u00ed jsou naj\u00edm\u00e1ni jako zahrani\u010dn\u00ed bojovn\u00edci nebo k\u00a0p\u00e1ch\u00e1n\u00ed teroristick\u00fdch \u00fatok\u016f na evropsk\u00e9m \u00fazem\u00ed. Krom\u011b p\u0159\u00edm\u00fdch d\u016fsledk\u016f je tak vytv\u00e1\u0159ena atmosf\u00e9ra strachu.<\/p>\n<p>D\u00e1le se zvy\u0161uj\u00ed ekonomick\u00e9 n\u00e1klady na prevenci a pot\u00edr\u00e1n\u00ed organizovan\u00e9ho zlo\u010dinu a teroristick\u00fdch s\u00edt\u00ed. To je velice relevantn\u00ed pr\u00e1v\u011b v \u00e9\u0159e \u00fasporn\u00fdch opat\u0159en\u00ed, kdy sni\u017eov\u00e1n\u00ed rozpo\u010dt\u016f ur\u010den\u00fdch na integra\u010dn\u00ed programy a na podporu marginalizovan\u00fdch skupin zp\u016fsobuje prohlubov\u00e1n\u00ed rozd\u00edl\u016f mezi spole\u010densk\u00fdmi vrstvami. Spole\u010densk\u00e9 bari\u00e9ry se prohlubuj\u00ed dokonce i v \u00fadajn\u011b \u201erovnost\u00e1\u0159sk\u00fdch\u201c spole\u010dnostech. V\u00fdsledkem jsou t\u0159\u00eddy \u201eodpadl\u00edk\u016f\u201c bez \u0161ance na spole\u010densk\u00fd vzestup. A jsou to \u010dasto mlad\u00ed lid\u00e9 bez perspektivy do budoucna, kte\u0159\u00ed jsou ohro\u017eeni mo\u017enost\u00ed vstupu do zlo\u010dineck\u00fdch organizac\u00ed nebo teroristick\u00fdch s\u00edt\u00ed. Pr\u00e1v\u011b kombinace t\u011bchto probl\u00e9m\u016f a p\u0159\u00edslu\u0161n\u00fdch politik vede k\u00a0nepochybn\u00e9mu ohro\u017een\u00ed evropsk\u00e9 soci\u00e1ln\u00ed soudr\u017enosti.[\/vc_column_text][vc_row_inner][vc_column_inner]\t<div  class=\"bs-shortcode bs-heading-shortcode bscb-82434 bsb-have-heading-color\">\r\n\t\t\t\t<h3 class=\"section-heading sh-t6 sh-s6\">\r\n\t\t\t\t<span class=\"h-text\">KOORDINACE PRACOVN\u00cdK\u016e V PRVN\u00cd LINII<\/span>\r\n\t\t\t\t<\/h3>\r\n\t\t\t<\/div>\r\n[vc_column_text]<strong>TAKEDOWN \u2013 IDENTIFIKACE, PREVENCE A REAKCE V OBLASTECH ORGANIZOVAN\u00c9 TRESTN\u00c9 \u010cINNOSTI A TERORISTICK\u00ddCH S\u00cdT\u00cd<\/strong><\/p>\n<p>Toto jsou hlavn\u00ed osy projektu TAKEDOWN, kter\u00fd je realizov\u00e1n 18\u00a0evropsk\u00fdmi partnersk\u00fdmi institucemi. Partnerstv\u00ed mezi akademickou obc\u00ed, v\u00fdzkumn\u00edky, pracovn\u00edky z praxe, odborn\u00edky na zabezpe\u010dovac\u00ed software, org\u00e1ny a s\u00edt\u011bmi org\u00e1n\u016f \u010dinn\u00fdch v trestn\u00edm \u0159\u00edzen\u00ed je financov\u00e1no z v\u00fdzkumn\u00e9ho a inova\u010dn\u00edho programu EU H2020 Projekt TAKEDOWN vytv\u00e1\u0159\u00ed reakce na krimin\u00e1ln\u00ed hrozby pomoc\u00ed v\u00edcerozm\u011brn\u00e9ho p\u0159\u00edstupu zahrnuj\u00edc\u00edho soci\u00e1ln\u00ed, psychologick\u00e9, ekonomick\u00e9 a kulturn\u00ed aspekty, a p\u0159i p\u0159\u00edprav\u011b \u0159e\u0161en\u00ed integruje n\u00e1stroje technologick\u00e9 prevence s preventivn\u00edmi p\u0159\u00edstupy.<\/p>\n<p>Dal\u0161\u00ed informace: <a href=\"https:\/\/www.takedownproject.eu\/\">Project website<\/a>[\/vc_column_text][vc_video link=&#8220;https:\/\/www.youtube.com\/watch?v=ipPYpmcb3BY&#8220;][\/vc_column_inner][\/vc_row_inner][\/vc_column][vc_column width=&#8220;1\/4&#8243;][vc_widget_sidebar sidebar_id=&#8220;cs-2&#8243;][\/vc_column][\/vc_row][\/vc_section]<\/p>\n","protected":false},"excerpt":{"rendered":"<p>[vc_section css=&#8220;.vc_custom_1523017027877{padding-bottom: 100px !important;}&#8220;][vc_row][vc_column width=&#8220;3\/4&#8243;][vc_row_inner][vc_column_inner width=&#8220;3\/4&#8243;][\/vc_column_inner][vc_column_inner width=&#8220;1\/4&#8243;][\/vc_column_inner][\/vc_row_inner][vc_column_text]Hlavn\u00edmi hrozbami pro Evropskou unii a jej\u00ed obyvatelstvo jsou organizovan\u00fd zlo\u010din a teroristick\u00e9 s\u00edt\u011b. Na jednu stranu v Evrop\u011b neust\u00e1le roste objem a hodnota aktiv zabaven\u00fdch organizovan\u00e9mu zlo\u010dinu, co\u017e nazna\u010duje, \u017ee je v Evrop\u011b na vzestupu a \u017ee pro \u0159adu n\u00e1rodn\u00edch st\u00e1t\u016f znamen\u00e1 ohro\u017een\u00ed leg\u00e1ln\u00ed ekonomiky a da\u0148ov\u00e9 z\u00e1kladny.<\/p>\n","protected":false},"author":4,"featured_media":0,"parent":0,"menu_order":0,"comment_status":"closed","ping_status":"closed","template":"","meta":{"footnotes":""},"yoast_head":"<!-- This site is optimized with the Yoast SEO plugin v21.3 - https:\/\/yoast.com\/wordpress\/plugins\/seo\/ -->\n<title>Takedown Project - FIRST-LINE PRACTITIONERS<\/title>\n<meta name=\"robots\" content=\"index, follow, max-snippet:-1, max-image-preview:large, max-video-preview:-1\" \/>\n<link rel=\"canonical\" href=\"https:\/\/www.firstlinepractitioners.com\/takedown-project\/\" \/>\n<meta property=\"og:locale\" content=\"cs_CZ\" \/>\n<meta property=\"og:type\" content=\"article\" \/>\n<meta property=\"og:title\" content=\"Takedown Project - FIRST-LINE PRACTITIONERS\" \/>\n<meta property=\"og:description\" content=\"[vc_section css=&#8220;.vc_custom_1523017027877{padding-bottom: 100px !important;}&#8220;][vc_row][vc_column width=&#8220;3\/4&#8243;][vc_row_inner][vc_column_inner width=&#8220;3\/4&#8243;][\/vc_column_inner][vc_column_inner width=&#8220;1\/4&#8243;][\/vc_column_inner][\/vc_row_inner][vc_column_text]Hlavn\u00edmi hrozbami pro Evropskou unii a jej\u00ed obyvatelstvo jsou organizovan\u00fd zlo\u010din a teroristick\u00e9 s\u00edt\u011b. Na jednu stranu v Evrop\u011b neust\u00e1le roste objem a hodnota aktiv zabaven\u00fdch organizovan\u00e9mu zlo\u010dinu, co\u017e nazna\u010duje, \u017ee je v Evrop\u011b na vzestupu a \u017ee pro \u0159adu n\u00e1rodn\u00edch st\u00e1t\u016f znamen\u00e1 ohro\u017een\u00ed leg\u00e1ln\u00ed ekonomiky a da\u0148ov\u00e9 z\u00e1kladny.\" \/>\n<meta property=\"og:url\" content=\"https:\/\/www.firstlinepractitioners.com\/takedown-project\/\" \/>\n<meta property=\"og:site_name\" content=\"FIRST-LINE PRACTITIONERS\" \/>\n<meta property=\"article:modified_time\" content=\"2019-09-26T09:15:02+00:00\" \/>\n<meta name=\"twitter:card\" content=\"summary_large_image\" \/>\n<meta name=\"twitter:label1\" content=\"Odhadovan\u00e1 doba \u010dten\u00ed\" \/>\n\t<meta name=\"twitter:data1\" content=\"3 minuty\" \/>\n<script type=\"application\/ld+json\" class=\"yoast-schema-graph\">{\"@context\":\"https:\/\/schema.org\",\"@graph\":[{\"@type\":\"WebPage\",\"@id\":\"https:\/\/www.firstlinepractitioners.com\/takedown-project\/\",\"url\":\"https:\/\/www.firstlinepractitioners.com\/takedown-project\/\",\"name\":\"Takedown Project - FIRST-LINE PRACTITIONERS\",\"isPartOf\":{\"@id\":\"https:\/\/www.firstlinepractitioners.com\/el\/#website\"},\"datePublished\":\"2017-10-09T11:31:17+00:00\",\"dateModified\":\"2019-09-26T09:15:02+00:00\",\"breadcrumb\":{\"@id\":\"https:\/\/www.firstlinepractitioners.com\/takedown-project\/#breadcrumb\"},\"inLanguage\":\"cs\",\"potentialAction\":[{\"@type\":\"ReadAction\",\"target\":[\"https:\/\/www.firstlinepractitioners.com\/takedown-project\/\"]}]},{\"@type\":\"BreadcrumbList\",\"@id\":\"https:\/\/www.firstlinepractitioners.com\/takedown-project\/#breadcrumb\",\"itemListElement\":[{\"@type\":\"ListItem\",\"position\":1,\"name\":\"Home\",\"item\":\"https:\/\/www.firstlinepractitioners.com\/cs\/\"},{\"@type\":\"ListItem\",\"position\":2,\"name\":\"Takedown Project\"}]},{\"@type\":\"WebSite\",\"@id\":\"https:\/\/www.firstlinepractitioners.com\/el\/#website\",\"url\":\"https:\/\/www.firstlinepractitioners.com\/el\/\",\"name\":\"FIRST-LINE PRACTITIONERS\",\"description\":\"Curricula - Knowledge - Navigation\",\"potentialAction\":[{\"@type\":\"SearchAction\",\"target\":{\"@type\":\"EntryPoint\",\"urlTemplate\":\"https:\/\/www.firstlinepractitioners.com\/el\/?s={search_term_string}\"},\"query-input\":\"required name=search_term_string\"}],\"inLanguage\":\"cs\"}]}<\/script>\n<!-- \/ Yoast SEO plugin. -->","yoast_head_json":{"title":"Takedown Project - FIRST-LINE PRACTITIONERS","robots":{"index":"index","follow":"follow","max-snippet":"max-snippet:-1","max-image-preview":"max-image-preview:large","max-video-preview":"max-video-preview:-1"},"canonical":"https:\/\/www.firstlinepractitioners.com\/takedown-project\/","og_locale":"cs_CZ","og_type":"article","og_title":"Takedown Project - FIRST-LINE PRACTITIONERS","og_description":"[vc_section css=&#8220;.vc_custom_1523017027877{padding-bottom: 100px !important;}&#8220;][vc_row][vc_column width=&#8220;3\/4&#8243;][vc_row_inner][vc_column_inner width=&#8220;3\/4&#8243;][\/vc_column_inner][vc_column_inner width=&#8220;1\/4&#8243;][\/vc_column_inner][\/vc_row_inner][vc_column_text]Hlavn\u00edmi hrozbami pro Evropskou unii a jej\u00ed obyvatelstvo jsou organizovan\u00fd zlo\u010din a teroristick\u00e9 s\u00edt\u011b. Na jednu stranu v Evrop\u011b neust\u00e1le roste objem a hodnota aktiv zabaven\u00fdch organizovan\u00e9mu zlo\u010dinu, co\u017e nazna\u010duje, \u017ee je v Evrop\u011b na vzestupu a \u017ee pro \u0159adu n\u00e1rodn\u00edch st\u00e1t\u016f znamen\u00e1 ohro\u017een\u00ed leg\u00e1ln\u00ed ekonomiky a da\u0148ov\u00e9 z\u00e1kladny.","og_url":"https:\/\/www.firstlinepractitioners.com\/takedown-project\/","og_site_name":"FIRST-LINE PRACTITIONERS","article_modified_time":"2019-09-26T09:15:02+00:00","twitter_card":"summary_large_image","twitter_misc":{"Odhadovan\u00e1 doba \u010dten\u00ed":"3 minuty"},"schema":{"@context":"https:\/\/schema.org","@graph":[{"@type":"WebPage","@id":"https:\/\/www.firstlinepractitioners.com\/takedown-project\/","url":"https:\/\/www.firstlinepractitioners.com\/takedown-project\/","name":"Takedown Project - FIRST-LINE PRACTITIONERS","isPartOf":{"@id":"https:\/\/www.firstlinepractitioners.com\/el\/#website"},"datePublished":"2017-10-09T11:31:17+00:00","dateModified":"2019-09-26T09:15:02+00:00","breadcrumb":{"@id":"https:\/\/www.firstlinepractitioners.com\/takedown-project\/#breadcrumb"},"inLanguage":"cs","potentialAction":[{"@type":"ReadAction","target":["https:\/\/www.firstlinepractitioners.com\/takedown-project\/"]}]},{"@type":"BreadcrumbList","@id":"https:\/\/www.firstlinepractitioners.com\/takedown-project\/#breadcrumb","itemListElement":[{"@type":"ListItem","position":1,"name":"Home","item":"https:\/\/www.firstlinepractitioners.com\/cs\/"},{"@type":"ListItem","position":2,"name":"Takedown Project"}]},{"@type":"WebSite","@id":"https:\/\/www.firstlinepractitioners.com\/el\/#website","url":"https:\/\/www.firstlinepractitioners.com\/el\/","name":"FIRST-LINE PRACTITIONERS","description":"Curricula - Knowledge - Navigation","potentialAction":[{"@type":"SearchAction","target":{"@type":"EntryPoint","urlTemplate":"https:\/\/www.firstlinepractitioners.com\/el\/?s={search_term_string}"},"query-input":"required name=search_term_string"}],"inLanguage":"cs"}]}},"_links":{"self":[{"href":"https:\/\/www.firstlinepractitioners.com\/cs\/wp-json\/wp\/v2\/pages\/7931"}],"collection":[{"href":"https:\/\/www.firstlinepractitioners.com\/cs\/wp-json\/wp\/v2\/pages"}],"about":[{"href":"https:\/\/www.firstlinepractitioners.com\/cs\/wp-json\/wp\/v2\/types\/page"}],"author":[{"embeddable":true,"href":"https:\/\/www.firstlinepractitioners.com\/cs\/wp-json\/wp\/v2\/users\/4"}],"replies":[{"embeddable":true,"href":"https:\/\/www.firstlinepractitioners.com\/cs\/wp-json\/wp\/v2\/comments?post=7931"}],"version-history":[{"count":2,"href":"https:\/\/www.firstlinepractitioners.com\/cs\/wp-json\/wp\/v2\/pages\/7931\/revisions"}],"predecessor-version":[{"id":7954,"href":"https:\/\/www.firstlinepractitioners.com\/cs\/wp-json\/wp\/v2\/pages\/7931\/revisions\/7954"}],"wp:attachment":[{"href":"https:\/\/www.firstlinepractitioners.com\/cs\/wp-json\/wp\/v2\/media?parent=7931"}],"curies":[{"name":"wp","href":"https:\/\/api.w.org\/{rel}","templated":true}]}}