{"id":7934,"date":"2017-10-09T11:31:17","date_gmt":"2017-10-09T11:31:17","guid":{"rendered":"http:\/\/www.firstlinepractitioners.com\/takedown-project\/"},"modified":"2019-09-26T08:50:09","modified_gmt":"2019-09-26T08:50:09","slug":"takedown-project","status":"publish","type":"page","link":"https:\/\/www.firstlinepractitioners.com\/de\/takedown-project\/","title":{"rendered":"Takedown Project"},"content":{"rendered":"<p>[vc_section css=&#8220;.vc_custom_1523017027877{padding-bottom: 100px !important;}&#8220;][vc_row][vc_column width=&#8220;3\/4&#8243;][vc_row_inner][vc_column_inner width=&#8220;3\/4&#8243;]\t<div  class=\"bs-shortcode bs-heading-shortcode bscb-79754 bsb-have-heading-color\">\r\n\t\t\t\t<h3 class=\"section-heading sh-t6 sh-s3\">\r\n\t\t\t\t<span class=\"h-text\">HINTERGRUND DES FIRST-LINE PRACTITIONERS PROJEKTS<\/span>\r\n\t\t\t\t<\/h3>\r\n\t\t\t<\/div>\r\n[\/vc_column_inner][vc_column_inner width=&#8220;1\/4&#8243;]\t\t<div\n\t\t\tclass=\"better-studio-shortcode bsc-clearfix better-social-counter style-button colored in-4-col \">\n\t\t\t\t\t\t<ul class=\"social-list bsc-clearfix\"><li class=\"social-item twitter\"><a href=\"http:\/\/twitter.com\/@FLPractitioners\" target=\"_blank\"><i class=\"item-icon bsfi-twitter\"><\/i><span class=\"item-title\">Followers<\/span><\/a><\/li><li class=\"social-item youtube\"><a href=\"#\" target=\"_blank\"><i class=\"item-icon bsfi-youtube\"><\/i><span class=\"item-title\">Subscribers<\/span><\/a><\/li>\t\t\t<\/ul>\n\t\t<\/div>\n\t\t[\/vc_column_inner][\/vc_row_inner][vc_column_text]Organisierte Kriminalit\u00e4t (OK) und terroristische Netzwerke (TN) stellen f\u00fcr die Europ\u00e4ische Union und ihre Bev\u00f6lkerung eine gro\u00dfe Bedrohung dar. Einerseits steigt in Europa die Anzahl und die H\u00f6he des Verm\u00f6gens organisierter Krimineller, das konfisziert wird, zunehmend an. Dies deutet auf ein Anwachsen organisierter Kriminalit\u00e4t in Europa hin, und zeugt von der Herausforderung legaler Wirtschaftstreibender sowie der Steuerbemessungsgrundlage vieler Nationalstaaten. Andererseits gibt es in Europa ebenso eine steigende Anzahl an Personen, die als ausl\u00e4ndische K\u00e4mpferInnen oder f\u00fcr Terrorangriffe innerhalb Europas rekrutiert werden. Zus\u00e4tzlich zu den direkten Auswirkungen entsteht damit eine Atmosph\u00e4re der Angst.<\/p>\n<p>Hinzu kommt, dass die Kosten f\u00fcr die Pr\u00e4vention und Bek\u00e4mpfung von OK und TN ebenfalls ansteigen. Dies ist besonders in Zeiten der Sparkurse relevant, wenn die Budgetk\u00fcrzungen f\u00fcr Integrationsprogramme und Unterst\u00fctzung von Randgruppen die Grenzen zwischen den verschiedenen Milieus versch\u00e4rft. Selbst in vermeintlich \u201eegalit\u00e4ren\u201c Gesellschaften nimmt die Verschanzung innerhalb der Gesellschaftsgruppen zu. Es entstehen Klassen der \u201eZur\u00fcckgelassenen\u201c, die keine Chance auf sozialen Aufstieg haben. H\u00e4ufig sind es nun einmal die jungen Menschen ohne Perspektiven, die daf\u00fcr anf\u00e4llig sind, von kriminellen Organisationen oder in terroristische Netzwerke aufgenommen zu werden. Die Kombination dieser Herausforderungen und der jeweiligen Richtlinien ist es, die letztlich den sozialen Zusammenhalt in Europa schwierig gestalten.[\/vc_column_text][vc_row_inner][vc_column_inner]\t<div  class=\"bs-shortcode bs-heading-shortcode bscb-59414 bsb-have-heading-color\">\r\n\t\t\t\t<h3 class=\"section-heading sh-t6 sh-s3\">\r\n\t\t\t\t<span class=\"h-text\">KOORDINATION DES FIRST-LINE PRACTITIONERS PROJEKTS<\/span>\r\n\t\t\t\t<\/h3>\r\n\t\t\t<\/div>\r\n[vc_column_text]<strong>TAKEDOWN \u2013 ORGANISIERTE KRIMINALIT\u00c4T UND TERRORISTISCHE NETZWERKE IDENTIFIZIEREN, VERHINDERN UND DARAUF REAGIEREN<\/strong><\/p>\n<p>Dies sind die Hauptachsen des TAKEDOWN-Projekts, welches von 18 europ\u00e4ischen Partnerinstitutionen durchgef\u00fchrt wird. Die Zusammenarbeit von AkademikerInnen, ForscherInnen, AnwenderInnen, Sicherheitssoftware-ExpertInnen, Polizeibeh\u00f6rden und Netzwerken wird vom EU-Programm f\u00fcr Forschung und Innovation H2020 gef\u00f6rdert. TAKEDOWN entwickelt Reaktionen auf kriminelle Bedrohungen unter Einsatz eines mehrdimensionalen Ansatzes, der gesellschaftliche, psychologische, \u00f6konomische und kulturelle Aspekte mit einbezieht und technologische Pr\u00e4ventionsinstrumente sowie auch gesellschaftliche Pr\u00e4ventionsans\u00e4tze in die L\u00f6sungsentwicklung integriert.<\/p>\n<p>Mehr Information: <a href=\"https:\/\/www.takedownproject.eu\/\">Project website<\/a>[\/vc_column_text][vc_video link=&#8220;https:\/\/www.youtube.com\/watch?v=ipPYpmcb3BY&#8220;][\/vc_column_inner][\/vc_row_inner][\/vc_column][vc_column width=&#8220;1\/4&#8243;][vc_widget_sidebar sidebar_id=&#8220;cs-2&#8243;][\/vc_column][\/vc_row][\/vc_section]<\/p>\n","protected":false},"excerpt":{"rendered":"<p>[vc_section css=&#8220;.vc_custom_1523017027877{padding-bottom: 100px !important;}&#8220;][vc_row][vc_column width=&#8220;3\/4&#8243;][vc_row_inner][vc_column_inner width=&#8220;3\/4&#8243;][\/vc_column_inner][vc_column_inner width=&#8220;1\/4&#8243;][\/vc_column_inner][\/vc_row_inner][vc_column_text]Organisierte Kriminalit\u00e4t (OK) und terroristische Netzwerke (TN) stellen f\u00fcr die Europ\u00e4ische Union und ihre Bev\u00f6lkerung eine gro\u00dfe Bedrohung dar. Einerseits steigt in Europa die Anzahl und die H\u00f6he des Verm\u00f6gens organisierter Krimineller, das konfisziert wird, zunehmend an. Dies deutet auf ein Anwachsen organisierter Kriminalit\u00e4t in Europa hin, und zeugt<\/p>\n","protected":false},"author":4,"featured_media":0,"parent":0,"menu_order":0,"comment_status":"closed","ping_status":"closed","template":"","meta":{"footnotes":""},"yoast_head":"<!-- This site is optimized with the Yoast SEO plugin v21.3 - https:\/\/yoast.com\/wordpress\/plugins\/seo\/ -->\n<title>Takedown Project - FIRST-LINE PRACTITIONERS<\/title>\n<meta name=\"robots\" content=\"index, follow, max-snippet:-1, max-image-preview:large, max-video-preview:-1\" \/>\n<link rel=\"canonical\" href=\"https:\/\/www.firstlinepractitioners.com\/takedown-project\/\" \/>\n<meta property=\"og:locale\" content=\"de_DE\" \/>\n<meta property=\"og:type\" content=\"article\" \/>\n<meta property=\"og:title\" content=\"Takedown Project - FIRST-LINE PRACTITIONERS\" \/>\n<meta property=\"og:description\" content=\"[vc_section css=&#8220;.vc_custom_1523017027877{padding-bottom: 100px !important;}&#8220;][vc_row][vc_column width=&#8220;3\/4&#8243;][vc_row_inner][vc_column_inner width=&#8220;3\/4&#8243;][\/vc_column_inner][vc_column_inner width=&#8220;1\/4&#8243;][\/vc_column_inner][\/vc_row_inner][vc_column_text]Organisierte Kriminalit\u00e4t (OK) und terroristische Netzwerke (TN) stellen f\u00fcr die Europ\u00e4ische Union und ihre Bev\u00f6lkerung eine gro\u00dfe Bedrohung dar. Einerseits steigt in Europa die Anzahl und die H\u00f6he des Verm\u00f6gens organisierter Krimineller, das konfisziert wird, zunehmend an. Dies deutet auf ein Anwachsen organisierter Kriminalit\u00e4t in Europa hin, und zeugt\" \/>\n<meta property=\"og:url\" content=\"https:\/\/www.firstlinepractitioners.com\/takedown-project\/\" \/>\n<meta property=\"og:site_name\" content=\"FIRST-LINE PRACTITIONERS\" \/>\n<meta property=\"article:modified_time\" content=\"2019-09-26T08:50:09+00:00\" \/>\n<meta name=\"twitter:card\" content=\"summary_large_image\" \/>\n<meta name=\"twitter:label1\" content=\"Gesch\u00e4tzte Lesezeit\" \/>\n\t<meta name=\"twitter:data1\" content=\"2 Minuten\" \/>\n<script type=\"application\/ld+json\" class=\"yoast-schema-graph\">{\"@context\":\"https:\/\/schema.org\",\"@graph\":[{\"@type\":\"WebPage\",\"@id\":\"https:\/\/www.firstlinepractitioners.com\/takedown-project\/\",\"url\":\"https:\/\/www.firstlinepractitioners.com\/takedown-project\/\",\"name\":\"Takedown Project - FIRST-LINE PRACTITIONERS\",\"isPartOf\":{\"@id\":\"https:\/\/www.firstlinepractitioners.com\/el\/#website\"},\"datePublished\":\"2017-10-09T11:31:17+00:00\",\"dateModified\":\"2019-09-26T08:50:09+00:00\",\"breadcrumb\":{\"@id\":\"https:\/\/www.firstlinepractitioners.com\/takedown-project\/#breadcrumb\"},\"inLanguage\":\"de-DE\",\"potentialAction\":[{\"@type\":\"ReadAction\",\"target\":[\"https:\/\/www.firstlinepractitioners.com\/takedown-project\/\"]}]},{\"@type\":\"BreadcrumbList\",\"@id\":\"https:\/\/www.firstlinepractitioners.com\/takedown-project\/#breadcrumb\",\"itemListElement\":[{\"@type\":\"ListItem\",\"position\":1,\"name\":\"Home\",\"item\":\"https:\/\/www.firstlinepractitioners.com\/de\/\"},{\"@type\":\"ListItem\",\"position\":2,\"name\":\"Takedown Project\"}]},{\"@type\":\"WebSite\",\"@id\":\"https:\/\/www.firstlinepractitioners.com\/el\/#website\",\"url\":\"https:\/\/www.firstlinepractitioners.com\/el\/\",\"name\":\"FIRST-LINE PRACTITIONERS\",\"description\":\"Curricula - Knowledge - Navigation\",\"potentialAction\":[{\"@type\":\"SearchAction\",\"target\":{\"@type\":\"EntryPoint\",\"urlTemplate\":\"https:\/\/www.firstlinepractitioners.com\/el\/?s={search_term_string}\"},\"query-input\":\"required name=search_term_string\"}],\"inLanguage\":\"de-DE\"}]}<\/script>\n<!-- \/ Yoast SEO plugin. -->","yoast_head_json":{"title":"Takedown Project - FIRST-LINE PRACTITIONERS","robots":{"index":"index","follow":"follow","max-snippet":"max-snippet:-1","max-image-preview":"max-image-preview:large","max-video-preview":"max-video-preview:-1"},"canonical":"https:\/\/www.firstlinepractitioners.com\/takedown-project\/","og_locale":"de_DE","og_type":"article","og_title":"Takedown Project - FIRST-LINE PRACTITIONERS","og_description":"[vc_section css=&#8220;.vc_custom_1523017027877{padding-bottom: 100px !important;}&#8220;][vc_row][vc_column width=&#8220;3\/4&#8243;][vc_row_inner][vc_column_inner width=&#8220;3\/4&#8243;][\/vc_column_inner][vc_column_inner width=&#8220;1\/4&#8243;][\/vc_column_inner][\/vc_row_inner][vc_column_text]Organisierte Kriminalit\u00e4t (OK) und terroristische Netzwerke (TN) stellen f\u00fcr die Europ\u00e4ische Union und ihre Bev\u00f6lkerung eine gro\u00dfe Bedrohung dar. Einerseits steigt in Europa die Anzahl und die H\u00f6he des Verm\u00f6gens organisierter Krimineller, das konfisziert wird, zunehmend an. Dies deutet auf ein Anwachsen organisierter Kriminalit\u00e4t in Europa hin, und zeugt","og_url":"https:\/\/www.firstlinepractitioners.com\/takedown-project\/","og_site_name":"FIRST-LINE PRACTITIONERS","article_modified_time":"2019-09-26T08:50:09+00:00","twitter_card":"summary_large_image","twitter_misc":{"Gesch\u00e4tzte Lesezeit":"2 Minuten"},"schema":{"@context":"https:\/\/schema.org","@graph":[{"@type":"WebPage","@id":"https:\/\/www.firstlinepractitioners.com\/takedown-project\/","url":"https:\/\/www.firstlinepractitioners.com\/takedown-project\/","name":"Takedown Project - FIRST-LINE PRACTITIONERS","isPartOf":{"@id":"https:\/\/www.firstlinepractitioners.com\/el\/#website"},"datePublished":"2017-10-09T11:31:17+00:00","dateModified":"2019-09-26T08:50:09+00:00","breadcrumb":{"@id":"https:\/\/www.firstlinepractitioners.com\/takedown-project\/#breadcrumb"},"inLanguage":"de-DE","potentialAction":[{"@type":"ReadAction","target":["https:\/\/www.firstlinepractitioners.com\/takedown-project\/"]}]},{"@type":"BreadcrumbList","@id":"https:\/\/www.firstlinepractitioners.com\/takedown-project\/#breadcrumb","itemListElement":[{"@type":"ListItem","position":1,"name":"Home","item":"https:\/\/www.firstlinepractitioners.com\/de\/"},{"@type":"ListItem","position":2,"name":"Takedown Project"}]},{"@type":"WebSite","@id":"https:\/\/www.firstlinepractitioners.com\/el\/#website","url":"https:\/\/www.firstlinepractitioners.com\/el\/","name":"FIRST-LINE PRACTITIONERS","description":"Curricula - Knowledge - Navigation","potentialAction":[{"@type":"SearchAction","target":{"@type":"EntryPoint","urlTemplate":"https:\/\/www.firstlinepractitioners.com\/el\/?s={search_term_string}"},"query-input":"required name=search_term_string"}],"inLanguage":"de-DE"}]}},"_links":{"self":[{"href":"https:\/\/www.firstlinepractitioners.com\/de\/wp-json\/wp\/v2\/pages\/7934"}],"collection":[{"href":"https:\/\/www.firstlinepractitioners.com\/de\/wp-json\/wp\/v2\/pages"}],"about":[{"href":"https:\/\/www.firstlinepractitioners.com\/de\/wp-json\/wp\/v2\/types\/page"}],"author":[{"embeddable":true,"href":"https:\/\/www.firstlinepractitioners.com\/de\/wp-json\/wp\/v2\/users\/4"}],"replies":[{"embeddable":true,"href":"https:\/\/www.firstlinepractitioners.com\/de\/wp-json\/wp\/v2\/comments?post=7934"}],"version-history":[{"count":1,"href":"https:\/\/www.firstlinepractitioners.com\/de\/wp-json\/wp\/v2\/pages\/7934\/revisions"}],"predecessor-version":[{"id":7942,"href":"https:\/\/www.firstlinepractitioners.com\/de\/wp-json\/wp\/v2\/pages\/7934\/revisions\/7942"}],"wp:attachment":[{"href":"https:\/\/www.firstlinepractitioners.com\/de\/wp-json\/wp\/v2\/media?parent=7934"}],"curies":[{"name":"wp","href":"https:\/\/api.w.org\/{rel}","templated":true}]}}