{"id":7940,"date":"2017-10-09T11:31:17","date_gmt":"2017-10-09T11:31:17","guid":{"rendered":"http:\/\/www.firstlinepractitioners.com\/takedown-project\/"},"modified":"2019-09-26T09:00:52","modified_gmt":"2019-09-26T09:00:52","slug":"takedown-project","status":"publish","type":"page","link":"https:\/\/www.firstlinepractitioners.com\/es\/takedown-project\/","title":{"rendered":"Takedown Project"},"content":{"rendered":"<p>[vc_section css=\u00bb.vc_custom_1523017027877{padding-bottom: 100px !important;}\u00bb][vc_row][vc_column width=\u00bb3\/4&#8243;][vc_row_inner][vc_column_inner width=\u00bb3\/4&#8243;]\t<div  class=\"bs-shortcode bs-heading-shortcode bscb-61403 bsb-have-heading-color\">\r\n\t\t\t\t<h3 class=\"section-heading sh-t6 sh-s6\">\r\n\t\t\t\t<span class=\"h-text\">CONTEXTO PROFESIONALES DE PRIMERA L\u00cdNEA<\/span>\r\n\t\t\t\t<\/h3>\r\n\t\t\t<\/div>\r\n[\/vc_column_inner][vc_column_inner width=\u00bb1\/4&#8243;]\t\t<div\n\t\t\tclass=\"better-studio-shortcode bsc-clearfix better-social-counter style-button colored in-4-col \">\n\t\t\t\t\t\t<ul class=\"social-list bsc-clearfix\"><li class=\"social-item twitter\"><a href=\"http:\/\/twitter.com\/@FLPractitioners\" target=\"_blank\"><i class=\"item-icon bsfi-twitter\"><\/i><span class=\"item-title\">Followers<\/span><\/a><\/li><li class=\"social-item youtube\"><a href=\"#\" target=\"_blank\"><i class=\"item-icon bsfi-youtube\"><\/i><span class=\"item-title\">Subscribers<\/span><\/a><\/li>\t\t\t<\/ul>\n\t\t<\/div>\n\t\t[\/vc_column_inner][\/vc_row_inner][vc_column_text]Tanto la delincuencia organizada como las redes terroristas son grandes amenazas para la Uni\u00f3n Europea y su poblaci\u00f3n. Por una parte, el n\u00famero y valor de los activos confiscados a la delincuencia organizada no deja de crecer en Europa, lo que indica un crecimiento en la regi\u00f3n y supone un desaf\u00edo a la econom\u00eda legal o la base fiscal de muchos pa\u00edses. Por otra parte, Europa se enfrenta a un n\u00famero cada vez mayor de individuos reclutados como combatientes extranjeros o para ataques terroristas dentro de Europa. Adem\u00e1s de las implicaciones directas, se crea una atm\u00f3sfera de miedo.<\/p>\n<p>Adem\u00e1s, los costes econ\u00f3micos para la prevenci\u00f3n y lucha contra la delincuencia organizada y las redes terroristas no dejan de aumentar. Esto resulta especialmente relevante en tiempos de austeridad, cuando la reducci\u00f3n de los programas de integraci\u00f3n y del apoyo a los grupos marginados ahonda m\u00e1s la brecha entre diferentes entornos. Incluso en sociedades supuestamente \u00abigualitarias\u00bb aumenta el \u00abatrincheramiento\u00bb, produciendo clases enteras que quedan rezagadas, sin ninguna oportunidad de movilidad social. A menudo son los j\u00f3venes sin perspectivas de futuro quienes sufren un mayor peligro de ser reclutados por organizaciones delictivas o redes terroristas. La combinaci\u00f3n de estos retos y sus pol\u00edticas respectivas ponen en peligro en \u00faltima instancia la cohesi\u00f3n social en Europa.[\/vc_column_text][vc_row_inner][vc_column_inner]\t<div  class=\"bs-shortcode bs-heading-shortcode bscb-17345 bsb-have-heading-color\">\r\n\t\t\t\t<h3 class=\"section-heading sh-t6 sh-s6\">\r\n\t\t\t\t<span class=\"h-text\">COORDINACI\u00d3N DE PROFESIONALES DE PRIMERA L\u00cdNEA<\/span>\r\n\t\t\t\t<\/h3>\r\n\t\t\t<\/div>\r\n[vc_column_text]<strong>TAKEDOWN &#8211; IDENTIFICAR, PREVENIR Y RESPONDER A LA DELINCUENCIA ORGANIZADA Y LAS REDES TERRORISTAS<\/strong><\/p>\n<p>Estos son los ejes principales del proyecto TAKEDOWN, llevado a cabo por 18 instituciones europeas asociadas. La asociaci\u00f3n entre acad\u00e9micos, investigadores, profesionales, expertos en software de seguridad, organismos y redes policiales est\u00e1 financiado por el programa de investigaci\u00f3n e innovaci\u00f3n europeo Horizonte 2020. TAKEDOWN desarrolla respuestas a amenazas criminales mediante un enfoque multidimensional que incluye aspectos psicol\u00f3gicos, econ\u00f3micos y culturales y que integra instrumentos de prevenci\u00f3n tecnol\u00f3gicos y prevenci\u00f3n social en la creaci\u00f3n de soluciones.<\/p>\n<p>M\u00e1s informaci\u00f3n: <a href=\"https:\/\/www.takedownproject.eu\/\">Project website<\/a>[\/vc_column_text][vc_video link=\u00bbhttps:\/\/www.youtube.com\/watch?v=ipPYpmcb3BY\u00bb][\/vc_column_inner][\/vc_row_inner][\/vc_column][vc_column width=\u00bb1\/4&#8243;][vc_widget_sidebar sidebar_id=\u00bbcs-2&#8243;][\/vc_column][\/vc_row][\/vc_section]<\/p>\n","protected":false},"excerpt":{"rendered":"<p>[vc_section css=\u00bb.vc_custom_1523017027877{padding-bottom: 100px !important;}\u00bb][vc_row][vc_column width=\u00bb3\/4&#8243;][vc_row_inner][vc_column_inner width=\u00bb3\/4&#8243;][\/vc_column_inner][vc_column_inner width=\u00bb1\/4&#8243;][\/vc_column_inner][\/vc_row_inner][vc_column_text]Tanto la delincuencia organizada como las redes terroristas son grandes amenazas para la Uni\u00f3n Europea y su poblaci\u00f3n. Por una parte, el n\u00famero y valor de los activos confiscados a la delincuencia organizada no deja de crecer en Europa, lo que indica un crecimiento en la regi\u00f3n y supone<\/p>\n","protected":false},"author":4,"featured_media":0,"parent":0,"menu_order":0,"comment_status":"closed","ping_status":"closed","template":"","meta":{"footnotes":""},"yoast_head":"<!-- This site is optimized with the Yoast SEO plugin v21.3 - https:\/\/yoast.com\/wordpress\/plugins\/seo\/ -->\n<title>Takedown Project - FirstLinePractitioners.eu<\/title>\n<meta name=\"robots\" content=\"index, follow, max-snippet:-1, max-image-preview:large, max-video-preview:-1\" \/>\n<link rel=\"canonical\" href=\"https:\/\/www.firstlinepractitioners.com\/takedown-project\/\" \/>\n<meta property=\"og:locale\" content=\"es_ES\" \/>\n<meta property=\"og:type\" content=\"article\" \/>\n<meta property=\"og:title\" content=\"Takedown Project - FirstLinePractitioners.eu\" \/>\n<meta property=\"og:description\" content=\"[vc_section css=\u00bb.vc_custom_1523017027877{padding-bottom: 100px !important;}\u00bb][vc_row][vc_column width=\u00bb3\/4&#8243;][vc_row_inner][vc_column_inner width=\u00bb3\/4&#8243;][\/vc_column_inner][vc_column_inner width=\u00bb1\/4&#8243;][\/vc_column_inner][\/vc_row_inner][vc_column_text]Tanto la delincuencia organizada como las redes terroristas son grandes amenazas para la Uni\u00f3n Europea y su poblaci\u00f3n. Por una parte, el n\u00famero y valor de los activos confiscados a la delincuencia organizada no deja de crecer en Europa, lo que indica un crecimiento en la regi\u00f3n y supone\" \/>\n<meta property=\"og:url\" content=\"https:\/\/www.firstlinepractitioners.com\/takedown-project\/\" \/>\n<meta property=\"og:site_name\" content=\"FirstLinePractitioners.eu\" \/>\n<meta property=\"article:modified_time\" content=\"2019-09-26T09:00:52+00:00\" \/>\n<meta name=\"twitter:card\" content=\"summary_large_image\" \/>\n<meta name=\"twitter:label1\" content=\"Tiempo de lectura\" \/>\n\t<meta name=\"twitter:data1\" content=\"2 minutos\" \/>\n<script type=\"application\/ld+json\" class=\"yoast-schema-graph\">{\"@context\":\"https:\/\/schema.org\",\"@graph\":[{\"@type\":\"WebPage\",\"@id\":\"https:\/\/www.firstlinepractitioners.com\/takedown-project\/\",\"url\":\"https:\/\/www.firstlinepractitioners.com\/takedown-project\/\",\"name\":\"Takedown Project - FirstLinePractitioners.eu\",\"isPartOf\":{\"@id\":\"https:\/\/www.firstlinepractitioners.com\/el\/#website\"},\"datePublished\":\"2017-10-09T11:31:17+00:00\",\"dateModified\":\"2019-09-26T09:00:52+00:00\",\"breadcrumb\":{\"@id\":\"https:\/\/www.firstlinepractitioners.com\/takedown-project\/#breadcrumb\"},\"inLanguage\":\"es\",\"potentialAction\":[{\"@type\":\"ReadAction\",\"target\":[\"https:\/\/www.firstlinepractitioners.com\/takedown-project\/\"]}]},{\"@type\":\"BreadcrumbList\",\"@id\":\"https:\/\/www.firstlinepractitioners.com\/takedown-project\/#breadcrumb\",\"itemListElement\":[{\"@type\":\"ListItem\",\"position\":1,\"name\":\"Home\",\"item\":\"https:\/\/www.firstlinepractitioners.com\/\"},{\"@type\":\"ListItem\",\"position\":2,\"name\":\"Takedown Project\"}]},{\"@type\":\"WebSite\",\"@id\":\"https:\/\/www.firstlinepractitioners.com\/el\/#website\",\"url\":\"https:\/\/www.firstlinepractitioners.com\/el\/\",\"name\":\"FirstLinePractitioners.eu\",\"description\":\"Curricula - Knowledge - Navigation\",\"potentialAction\":[{\"@type\":\"SearchAction\",\"target\":{\"@type\":\"EntryPoint\",\"urlTemplate\":\"https:\/\/www.firstlinepractitioners.com\/el\/?s={search_term_string}\"},\"query-input\":\"required name=search_term_string\"}],\"inLanguage\":\"es\"}]}<\/script>\n<!-- \/ Yoast SEO plugin. -->","yoast_head_json":{"title":"Takedown Project - FirstLinePractitioners.eu","robots":{"index":"index","follow":"follow","max-snippet":"max-snippet:-1","max-image-preview":"max-image-preview:large","max-video-preview":"max-video-preview:-1"},"canonical":"https:\/\/www.firstlinepractitioners.com\/takedown-project\/","og_locale":"es_ES","og_type":"article","og_title":"Takedown Project - FirstLinePractitioners.eu","og_description":"[vc_section css=\u00bb.vc_custom_1523017027877{padding-bottom: 100px !important;}\u00bb][vc_row][vc_column width=\u00bb3\/4&#8243;][vc_row_inner][vc_column_inner width=\u00bb3\/4&#8243;][\/vc_column_inner][vc_column_inner width=\u00bb1\/4&#8243;][\/vc_column_inner][\/vc_row_inner][vc_column_text]Tanto la delincuencia organizada como las redes terroristas son grandes amenazas para la Uni\u00f3n Europea y su poblaci\u00f3n. Por una parte, el n\u00famero y valor de los activos confiscados a la delincuencia organizada no deja de crecer en Europa, lo que indica un crecimiento en la regi\u00f3n y supone","og_url":"https:\/\/www.firstlinepractitioners.com\/takedown-project\/","og_site_name":"FirstLinePractitioners.eu","article_modified_time":"2019-09-26T09:00:52+00:00","twitter_card":"summary_large_image","twitter_misc":{"Tiempo de lectura":"2 minutos"},"schema":{"@context":"https:\/\/schema.org","@graph":[{"@type":"WebPage","@id":"https:\/\/www.firstlinepractitioners.com\/takedown-project\/","url":"https:\/\/www.firstlinepractitioners.com\/takedown-project\/","name":"Takedown Project - FirstLinePractitioners.eu","isPartOf":{"@id":"https:\/\/www.firstlinepractitioners.com\/el\/#website"},"datePublished":"2017-10-09T11:31:17+00:00","dateModified":"2019-09-26T09:00:52+00:00","breadcrumb":{"@id":"https:\/\/www.firstlinepractitioners.com\/takedown-project\/#breadcrumb"},"inLanguage":"es","potentialAction":[{"@type":"ReadAction","target":["https:\/\/www.firstlinepractitioners.com\/takedown-project\/"]}]},{"@type":"BreadcrumbList","@id":"https:\/\/www.firstlinepractitioners.com\/takedown-project\/#breadcrumb","itemListElement":[{"@type":"ListItem","position":1,"name":"Home","item":"https:\/\/www.firstlinepractitioners.com\/"},{"@type":"ListItem","position":2,"name":"Takedown Project"}]},{"@type":"WebSite","@id":"https:\/\/www.firstlinepractitioners.com\/el\/#website","url":"https:\/\/www.firstlinepractitioners.com\/el\/","name":"FirstLinePractitioners.eu","description":"Curricula - Knowledge - Navigation","potentialAction":[{"@type":"SearchAction","target":{"@type":"EntryPoint","urlTemplate":"https:\/\/www.firstlinepractitioners.com\/el\/?s={search_term_string}"},"query-input":"required name=search_term_string"}],"inLanguage":"es"}]}},"_links":{"self":[{"href":"https:\/\/www.firstlinepractitioners.com\/es\/wp-json\/wp\/v2\/pages\/7940"}],"collection":[{"href":"https:\/\/www.firstlinepractitioners.com\/es\/wp-json\/wp\/v2\/pages"}],"about":[{"href":"https:\/\/www.firstlinepractitioners.com\/es\/wp-json\/wp\/v2\/types\/page"}],"author":[{"embeddable":true,"href":"https:\/\/www.firstlinepractitioners.com\/es\/wp-json\/wp\/v2\/users\/4"}],"replies":[{"embeddable":true,"href":"https:\/\/www.firstlinepractitioners.com\/es\/wp-json\/wp\/v2\/comments?post=7940"}],"version-history":[{"count":2,"href":"https:\/\/www.firstlinepractitioners.com\/es\/wp-json\/wp\/v2\/pages\/7940\/revisions"}],"predecessor-version":[{"id":7946,"href":"https:\/\/www.firstlinepractitioners.com\/es\/wp-json\/wp\/v2\/pages\/7940\/revisions\/7946"}],"wp:attachment":[{"href":"https:\/\/www.firstlinepractitioners.com\/es\/wp-json\/wp\/v2\/media?parent=7940"}],"curies":[{"name":"wp","href":"https:\/\/api.w.org\/{rel}","templated":true}]}}