{"id":7932,"date":"2017-10-09T11:31:17","date_gmt":"2017-10-09T11:31:17","guid":{"rendered":"http:\/\/www.firstlinepractitioners.com\/takedown-project\/"},"modified":"2019-09-26T08:55:46","modified_gmt":"2019-09-26T08:55:46","slug":"takedown-project","status":"publish","type":"page","link":"https:\/\/www.firstlinepractitioners.com\/fr\/takedown-project\/","title":{"rendered":"Takedown Project"},"content":{"rendered":"<p>[vc_section css=\u00a0\u00bb.vc_custom_1523017027877{padding-bottom: 100px !important;}\u00a0\u00bb][vc_row][vc_column width=\u00a0\u00bb3\/4&Prime;][vc_row_inner][vc_column_inner width=\u00a0\u00bb3\/4&Prime;]\t<div  class=\"bs-shortcode bs-heading-shortcode bscb-14896 bsb-have-heading-color\">\r\n\t\t\t\t<h3 class=\"section-heading sh-t6 sh-s3\">\r\n\t\t\t\t<span class=\"h-text\">CONTEXTE DE FIRST-LINE PRACTITIONERS<\/span>\r\n\t\t\t\t<\/h3>\r\n\t\t\t<\/div>\r\n[\/vc_column_inner][vc_column_inner width=\u00a0\u00bb1\/4&Prime;]\t\t<div\n\t\t\tclass=\"better-studio-shortcode bsc-clearfix better-social-counter style-button colored in-4-col \">\n\t\t\t\t\t\t<ul class=\"social-list bsc-clearfix\"><li class=\"social-item twitter\"><a href=\"http:\/\/twitter.com\/@FLPractitioners\" target=\"_blank\"><i class=\"item-icon bsfi-twitter\"><\/i><span class=\"item-title\">Followers<\/span><\/a><\/li><li class=\"social-item youtube\"><a href=\"#\" target=\"_blank\"><i class=\"item-icon bsfi-youtube\"><\/i><span class=\"item-title\">Subscribers<\/span><\/a><\/li>\t\t\t<\/ul>\n\t\t<\/div>\n\t\t[\/vc_column_inner][\/vc_row_inner][vc_column_text]La criminalit\u00e9 organis\u00e9e (CO) et les r\u00e9seaux terroristes (RT) constituent des menaces majeures pour l\u2019Union europ\u00e9enne et sa population. D\u2019une part, le volume et la valeur des avoirs confisqu\u00e9s \u00e0 la criminalit\u00e9 organis\u00e9e augmentent de plus en plus Europe, ce qui t\u00e9moigne de sa mont\u00e9e en puissance et de la gageure qu&rsquo;elle repr\u00e9sente pour l\u2019\u00e9conomie l\u00e9gale ou l\u2019assiette fiscale de nombreux \u00c9tats europ\u00e9ens. D\u2019autre part, l\u2019Europe est confront\u00e9e \u00e0 un nombre croissant de personnes recrut\u00e9es comme combattants \u00e9trangers ou pour commettre des attentats en Europe. Outre des retomb\u00e9es directes, un climat de peur s&rsquo;installe.<\/p>\n<p>Par ailleurs, les co\u00fbts \u00e9conomiques de la pr\u00e9vention et de la lutte contre la CO et les RT augmentent. C&rsquo;est d&rsquo;autant plus important en p\u00e9riode d\u2019aust\u00e9rit\u00e9, car la r\u00e9duction des programmes d\u2019int\u00e9gration et d\u2019aide aux groupes marginalis\u00e9s creuse les fronti\u00e8res entre les diff\u00e9rents milieux. M\u00eame dans des soci\u00e9t\u00e9s pr\u00e9tendument \u00ab \u00e9galitaires \u00bb, la fracture sociale est en train d\u2019augmenter et de produire des classes de \u00ab laiss\u00e9s-pour-compte \u00bb sans aucune perspective de mobilit\u00e9 sociale ascendante. Et ce sont souvent les jeunes sans perspectives d\u2019avenir qui sont expos\u00e9s au risque d&rsquo;enr\u00f4lement par des organisations criminelles ou des r\u00e9seaux terroristes. En dernier ressort, la conjugaison de ces probl\u00e8mes et des politiques adopt\u00e9es pour y r\u00e9pondre met \u00e0 mal la coh\u00e9sion sociale en Europe.[\/vc_column_text][vc_row_inner][vc_column_inner]\t<div  class=\"bs-shortcode bs-heading-shortcode bscb-54208 bsb-have-heading-color\">\r\n\t\t\t\t<h3 class=\"section-heading sh-t6 sh-s3\">\r\n\t\t\t\t<span class=\"h-text\">COORDINATION DE FIRST-LINE PRACTITIONERS<\/span>\r\n\t\t\t\t<\/h3>\r\n\t\t\t<\/div>\r\n[vc_column_text]<strong>TAKEDOWN \u2014 IDENTIFIER, PR\u00c9VENIR ET R\u00c9PONDRE \u00c0 LA CRIMINALIT\u00c9 ORGANIS\u00c9E ET AUX R\u00c9SEAUX TERRORISTES<\/strong><\/p>\n<p>Ce sont les principaux axes du projet TAKEDOWN, port\u00e9 par 18 institutions partenaires europ\u00e9ennes. Ce partenariat entre universitaires, chercheurs, praticiens, experts de logiciel de s\u00e9curit\u00e9, services de r\u00e9pression et r\u00e9seaux est financ\u00e9 par le programme pour la recherche et l&rsquo;innovation H2020 de l\u2019UE. TAKEDOWN d\u00e9veloppe des r\u00e9ponses aux menaces criminelles en utilisant une approche multidimensionnelle incluant des aspects sociaux, psychologiques, \u00e9conomiques et culturels, et int\u00e8gre des instruments de pr\u00e9vention technologiques et des approches soci\u00e9tales de la pr\u00e9vention dans le d\u00e9veloppement de solution.<\/p>\n<p>Plus d\u2019informations: <a href=\"https:\/\/www.takedownproject.eu\/\">Project website<\/a>[\/vc_column_text][vc_video link=\u00a0\u00bbhttps:\/\/www.youtube.com\/watch?v=ipPYpmcb3BY\u00a0\u00bb][\/vc_column_inner][\/vc_row_inner][\/vc_column][vc_column width=\u00a0\u00bb1\/4&Prime;][vc_widget_sidebar sidebar_id=\u00a0\u00bbcs-2&Prime;][\/vc_column][\/vc_row][\/vc_section]<\/p>\n","protected":false},"excerpt":{"rendered":"<p>[vc_section css=\u00a0\u00bb.vc_custom_1523017027877{padding-bottom: 100px !important;}\u00a0\u00bb][vc_row][vc_column width=\u00a0\u00bb3\/4&Prime;][vc_row_inner][vc_column_inner width=\u00a0\u00bb3\/4&Prime;][\/vc_column_inner][vc_column_inner width=\u00a0\u00bb1\/4&Prime;][\/vc_column_inner][\/vc_row_inner][vc_column_text]La criminalit\u00e9 organis\u00e9e (CO) et les r\u00e9seaux terroristes (RT) constituent des menaces majeures pour l\u2019Union europ\u00e9enne et sa population. D\u2019une part, le volume et la valeur des avoirs confisqu\u00e9s \u00e0 la criminalit\u00e9 organis\u00e9e augmentent de plus en plus Europe, ce qui t\u00e9moigne de sa mont\u00e9e en puissance et de<\/p>\n","protected":false},"author":4,"featured_media":0,"parent":0,"menu_order":0,"comment_status":"closed","ping_status":"closed","template":"","meta":{"footnotes":""},"yoast_head":"<!-- This site is optimized with the Yoast SEO plugin v21.3 - https:\/\/yoast.com\/wordpress\/plugins\/seo\/ -->\n<title>Takedown Project - FIRST-LINE PRACTITIONERS<\/title>\n<meta name=\"robots\" content=\"index, follow, max-snippet:-1, max-image-preview:large, max-video-preview:-1\" \/>\n<link rel=\"canonical\" href=\"https:\/\/www.firstlinepractitioners.com\/takedown-project\/\" \/>\n<meta property=\"og:locale\" content=\"fr_FR\" \/>\n<meta property=\"og:type\" content=\"article\" \/>\n<meta property=\"og:title\" content=\"Takedown Project - FIRST-LINE PRACTITIONERS\" \/>\n<meta property=\"og:description\" content=\"[vc_section css=\u00a0\u00bb.vc_custom_1523017027877{padding-bottom: 100px !important;}\u00a0\u00bb][vc_row][vc_column width=\u00a0\u00bb3\/4&Prime;][vc_row_inner][vc_column_inner width=\u00a0\u00bb3\/4&Prime;][\/vc_column_inner][vc_column_inner width=\u00a0\u00bb1\/4&Prime;][\/vc_column_inner][\/vc_row_inner][vc_column_text]La criminalit\u00e9 organis\u00e9e (CO) et les r\u00e9seaux terroristes (RT) constituent des menaces majeures pour l\u2019Union europ\u00e9enne et sa population. D\u2019une part, le volume et la valeur des avoirs confisqu\u00e9s \u00e0 la criminalit\u00e9 organis\u00e9e augmentent de plus en plus Europe, ce qui t\u00e9moigne de sa mont\u00e9e en puissance et de\" \/>\n<meta property=\"og:url\" content=\"https:\/\/www.firstlinepractitioners.com\/takedown-project\/\" \/>\n<meta property=\"og:site_name\" content=\"FIRST-LINE PRACTITIONERS\" \/>\n<meta property=\"article:modified_time\" content=\"2019-09-26T08:55:46+00:00\" \/>\n<meta name=\"twitter:card\" content=\"summary_large_image\" \/>\n<meta name=\"twitter:label1\" content=\"Dur\u00e9e de lecture est.\" \/>\n\t<meta name=\"twitter:data1\" content=\"3 minutes\" \/>\n<script type=\"application\/ld+json\" class=\"yoast-schema-graph\">{\"@context\":\"https:\/\/schema.org\",\"@graph\":[{\"@type\":\"WebPage\",\"@id\":\"https:\/\/www.firstlinepractitioners.com\/takedown-project\/\",\"url\":\"https:\/\/www.firstlinepractitioners.com\/takedown-project\/\",\"name\":\"Takedown Project - FIRST-LINE PRACTITIONERS\",\"isPartOf\":{\"@id\":\"https:\/\/www.firstlinepractitioners.com\/el\/#website\"},\"datePublished\":\"2017-10-09T11:31:17+00:00\",\"dateModified\":\"2019-09-26T08:55:46+00:00\",\"breadcrumb\":{\"@id\":\"https:\/\/www.firstlinepractitioners.com\/takedown-project\/#breadcrumb\"},\"inLanguage\":\"fr-FR\",\"potentialAction\":[{\"@type\":\"ReadAction\",\"target\":[\"https:\/\/www.firstlinepractitioners.com\/takedown-project\/\"]}]},{\"@type\":\"BreadcrumbList\",\"@id\":\"https:\/\/www.firstlinepractitioners.com\/takedown-project\/#breadcrumb\",\"itemListElement\":[{\"@type\":\"ListItem\",\"position\":1,\"name\":\"Home\",\"item\":\"https:\/\/www.firstlinepractitioners.com\/fr\/\"},{\"@type\":\"ListItem\",\"position\":2,\"name\":\"Takedown Project\"}]},{\"@type\":\"WebSite\",\"@id\":\"https:\/\/www.firstlinepractitioners.com\/el\/#website\",\"url\":\"https:\/\/www.firstlinepractitioners.com\/el\/\",\"name\":\"FIRST-LINE PRACTITIONERS\",\"description\":\"Curricula - Knowledge - Navigation\",\"potentialAction\":[{\"@type\":\"SearchAction\",\"target\":{\"@type\":\"EntryPoint\",\"urlTemplate\":\"https:\/\/www.firstlinepractitioners.com\/el\/?s={search_term_string}\"},\"query-input\":\"required name=search_term_string\"}],\"inLanguage\":\"fr-FR\"}]}<\/script>\n<!-- \/ Yoast SEO plugin. -->","yoast_head_json":{"title":"Takedown Project - FIRST-LINE PRACTITIONERS","robots":{"index":"index","follow":"follow","max-snippet":"max-snippet:-1","max-image-preview":"max-image-preview:large","max-video-preview":"max-video-preview:-1"},"canonical":"https:\/\/www.firstlinepractitioners.com\/takedown-project\/","og_locale":"fr_FR","og_type":"article","og_title":"Takedown Project - FIRST-LINE PRACTITIONERS","og_description":"[vc_section css=\u00a0\u00bb.vc_custom_1523017027877{padding-bottom: 100px !important;}\u00a0\u00bb][vc_row][vc_column width=\u00a0\u00bb3\/4&Prime;][vc_row_inner][vc_column_inner width=\u00a0\u00bb3\/4&Prime;][\/vc_column_inner][vc_column_inner width=\u00a0\u00bb1\/4&Prime;][\/vc_column_inner][\/vc_row_inner][vc_column_text]La criminalit\u00e9 organis\u00e9e (CO) et les r\u00e9seaux terroristes (RT) constituent des menaces majeures pour l\u2019Union europ\u00e9enne et sa population. D\u2019une part, le volume et la valeur des avoirs confisqu\u00e9s \u00e0 la criminalit\u00e9 organis\u00e9e augmentent de plus en plus Europe, ce qui t\u00e9moigne de sa mont\u00e9e en puissance et de","og_url":"https:\/\/www.firstlinepractitioners.com\/takedown-project\/","og_site_name":"FIRST-LINE PRACTITIONERS","article_modified_time":"2019-09-26T08:55:46+00:00","twitter_card":"summary_large_image","twitter_misc":{"Dur\u00e9e de lecture est.":"3 minutes"},"schema":{"@context":"https:\/\/schema.org","@graph":[{"@type":"WebPage","@id":"https:\/\/www.firstlinepractitioners.com\/takedown-project\/","url":"https:\/\/www.firstlinepractitioners.com\/takedown-project\/","name":"Takedown Project - FIRST-LINE PRACTITIONERS","isPartOf":{"@id":"https:\/\/www.firstlinepractitioners.com\/el\/#website"},"datePublished":"2017-10-09T11:31:17+00:00","dateModified":"2019-09-26T08:55:46+00:00","breadcrumb":{"@id":"https:\/\/www.firstlinepractitioners.com\/takedown-project\/#breadcrumb"},"inLanguage":"fr-FR","potentialAction":[{"@type":"ReadAction","target":["https:\/\/www.firstlinepractitioners.com\/takedown-project\/"]}]},{"@type":"BreadcrumbList","@id":"https:\/\/www.firstlinepractitioners.com\/takedown-project\/#breadcrumb","itemListElement":[{"@type":"ListItem","position":1,"name":"Home","item":"https:\/\/www.firstlinepractitioners.com\/fr\/"},{"@type":"ListItem","position":2,"name":"Takedown Project"}]},{"@type":"WebSite","@id":"https:\/\/www.firstlinepractitioners.com\/el\/#website","url":"https:\/\/www.firstlinepractitioners.com\/el\/","name":"FIRST-LINE PRACTITIONERS","description":"Curricula - Knowledge - Navigation","potentialAction":[{"@type":"SearchAction","target":{"@type":"EntryPoint","urlTemplate":"https:\/\/www.firstlinepractitioners.com\/el\/?s={search_term_string}"},"query-input":"required name=search_term_string"}],"inLanguage":"fr-FR"}]}},"_links":{"self":[{"href":"https:\/\/www.firstlinepractitioners.com\/fr\/wp-json\/wp\/v2\/pages\/7932"}],"collection":[{"href":"https:\/\/www.firstlinepractitioners.com\/fr\/wp-json\/wp\/v2\/pages"}],"about":[{"href":"https:\/\/www.firstlinepractitioners.com\/fr\/wp-json\/wp\/v2\/types\/page"}],"author":[{"embeddable":true,"href":"https:\/\/www.firstlinepractitioners.com\/fr\/wp-json\/wp\/v2\/users\/4"}],"replies":[{"embeddable":true,"href":"https:\/\/www.firstlinepractitioners.com\/fr\/wp-json\/wp\/v2\/comments?post=7932"}],"version-history":[{"count":2,"href":"https:\/\/www.firstlinepractitioners.com\/fr\/wp-json\/wp\/v2\/pages\/7932\/revisions"}],"predecessor-version":[{"id":7944,"href":"https:\/\/www.firstlinepractitioners.com\/fr\/wp-json\/wp\/v2\/pages\/7932\/revisions\/7944"}],"wp:attachment":[{"href":"https:\/\/www.firstlinepractitioners.com\/fr\/wp-json\/wp\/v2\/media?parent=7932"}],"curies":[{"name":"wp","href":"https:\/\/api.w.org\/{rel}","templated":true}]}}