{"id":7936,"date":"2017-10-09T11:31:17","date_gmt":"2017-10-09T11:31:17","guid":{"rendered":"http:\/\/www.firstlinepractitioners.com\/takedown-project\/"},"modified":"2019-09-26T09:05:01","modified_gmt":"2019-09-26T09:05:01","slug":"takedown-project","status":"publish","type":"page","link":"https:\/\/www.firstlinepractitioners.com\/it\/takedown-project\/","title":{"rendered":"Takedown Project"},"content":{"rendered":"<p>[vc_section css=&#8221;.vc_custom_1523017027877{padding-bottom: 100px !important;}&#8221;][vc_row][vc_column width=&#8221;3\/4&#8243;][vc_row_inner][vc_column_inner width=&#8221;3\/4&#8243;]\t<div  class=\"bs-shortcode bs-heading-shortcode bscb-24227 bsb-have-heading-color\">\r\n\t\t\t\t<h3 class=\"section-heading sh-t6 sh-s6\">\r\n\t\t\t\t<span class=\"h-text\">BACKGROUND DI FIRST-LINE PRACTITIONERS<\/span>\r\n\t\t\t\t<\/h3>\r\n\t\t\t<\/div>\r\n[\/vc_column_inner][vc_column_inner width=&#8221;1\/4&#8243;]\t\t<div\n\t\t\tclass=\"better-studio-shortcode bsc-clearfix better-social-counter style-button colored in-4-col \">\n\t\t\t\t\t\t<ul class=\"social-list bsc-clearfix\"><li class=\"social-item twitter\"><a href=\"http:\/\/twitter.com\/@FLPractitioners\" target=\"_blank\"><i class=\"item-icon bsfi-twitter\"><\/i><span class=\"item-title\">Followers<\/span><\/a><\/li><li class=\"social-item youtube\"><a href=\"#\" target=\"_blank\"><i class=\"item-icon bsfi-youtube\"><\/i><span class=\"item-title\">Subscribers<\/span><\/a><\/li>\t\t\t<\/ul>\n\t\t<\/div>\n\t\t[\/vc_column_inner][\/vc_row_inner][vc_column_text]La criminalit\u00e0 organizzata e le reti terroristiche costituiscono minacce molto gravi per l&#8217;Unione Europea e la sua popolazione. Da un lato, il numero e il valore dei beni confiscati alla criminalit\u00e0 organizzata aumentano sempre di pi\u00f9 in Europa; questo \u00e8 indice della sua crescita nel continente e delle enormi sfide per l&#8217;economia legale o la base fiscale di molti stati. Dall&#8217;altro lato, l&#8217;Europa presenta un numero crescente di individui che vengono reclutati come combattenti stranieri o per compiere attentati terroristici in Europa. La diretta conseguenza di tutto ci\u00f2 \u00e8 lo sviluppo di un&#8217;atmosfera di paura.<\/p>\n<p>Inoltre, stanno aumentando i costi economici per la prevenzione e la lotta alla criminalit\u00e0 organizzata e alle reti terroristiche. Questo \u00e8 particolarmente rilevante in un periodo di forti misure di austerit\u00e0, durante il quale la riduzione dei programmi di integrazione e supporto ai gruppi emarginati aumenta le barriere tra i vari ambienti. Anche nelle presunte societ\u00e0 &#8220;egualitarie&#8221;, il trinceramento all&#8217;interno del proprio gruppo sociale sta aumentando e producendo classi di &#8220;dimenticati&#8221; che non hanno alcuna possibilit\u00e0 di scalata sociale. E sono spessi i giovani privi di prospettive future a correre il rischio di essere reclutati dalle organizzazioni criminali o dalle reti terroristiche. L&#8217;insieme di queste sfide e le rispettive politiche mette in discussione la coesione sociale in Europa.[\/vc_column_text][vc_row_inner][vc_column_inner]\t<div  class=\"bs-shortcode bs-heading-shortcode bscb-95204 bsb-have-heading-color\">\r\n\t\t\t\t<h3 class=\"section-heading sh-t6 sh-s6\">\r\n\t\t\t\t<span class=\"h-text\">COORDINAMENTO DI FIRST-LINE PRACTITIONERS<\/span>\r\n\t\t\t\t<\/h3>\r\n\t\t\t<\/div>\r\n[vc_column_text]<strong>TAKEDOWN &#8211; IDENTIFICARE, PREVENIRE E RISPONDERE ALLA CRIMINALITA&#8217; ORGANIZZATA E ALLE RETI TERRORISTICHE<\/strong><\/p>\n<p>Questi sono gli assi principali del progetto TAKEDOWN, portato avanti da 18 istituzioni partner europee. Il partenariato tra universit\u00e0, ricercatori, professionisti, esperti di sicurezza informatica, forze dell&#8217;ordine e reti \u00e8 finanziato dal programma di ricerca e innovazione dell&#8217;UE, H2020. TAKEDOWN sviluppa risposte alle minacce criminali tramite un approccio multidimensionale che include aspetti sociali, psicologici, economici e culturali e integra strumenti di prevenzione tecnologica e approcci di prevenzione all&#8217;interno della societ\u00e0 nello sviluppo delle soluzioni.<\/p>\n<p>Ulteriori informazioni: <a href=\"https:\/\/www.takedownproject.eu\/\">Project website<\/a>[\/vc_column_text][vc_video link=&#8221;https:\/\/www.youtube.com\/watch?v=ipPYpmcb3BY&#8221;][\/vc_column_inner][\/vc_row_inner][\/vc_column][vc_column width=&#8221;1\/4&#8243;][vc_widget_sidebar sidebar_id=&#8221;cs-2&#8243;][\/vc_column][\/vc_row][\/vc_section]<\/p>\n","protected":false},"excerpt":{"rendered":"<p>[vc_section css=&#8221;.vc_custom_1523017027877{padding-bottom: 100px !important;}&#8221;][vc_row][vc_column width=&#8221;3\/4&#8243;][vc_row_inner][vc_column_inner width=&#8221;3\/4&#8243;][\/vc_column_inner][vc_column_inner width=&#8221;1\/4&#8243;][\/vc_column_inner][\/vc_row_inner][vc_column_text]La criminalit\u00e0 organizzata e le reti terroristiche costituiscono minacce molto gravi per l&#8217;Unione Europea e la sua popolazione. Da un lato, il numero e il valore dei beni confiscati alla criminalit\u00e0 organizzata aumentano sempre di pi\u00f9 in Europa; questo \u00e8 indice della sua crescita nel continente e delle enormi<\/p>\n","protected":false},"author":4,"featured_media":0,"parent":0,"menu_order":0,"comment_status":"closed","ping_status":"closed","template":"","meta":{"footnotes":""},"yoast_head":"<!-- This site is optimized with the Yoast SEO plugin v21.3 - https:\/\/yoast.com\/wordpress\/plugins\/seo\/ -->\n<title>Takedown Project - FIRST-LINE PRACTITIONERS<\/title>\n<meta name=\"robots\" content=\"index, follow, max-snippet:-1, max-image-preview:large, max-video-preview:-1\" \/>\n<link rel=\"canonical\" href=\"https:\/\/www.firstlinepractitioners.com\/takedown-project\/\" \/>\n<meta property=\"og:locale\" content=\"it_IT\" \/>\n<meta property=\"og:type\" content=\"article\" \/>\n<meta property=\"og:title\" content=\"Takedown Project - FIRST-LINE PRACTITIONERS\" \/>\n<meta property=\"og:description\" content=\"[vc_section css=&#8221;.vc_custom_1523017027877{padding-bottom: 100px !important;}&#8221;][vc_row][vc_column width=&#8221;3\/4&#8243;][vc_row_inner][vc_column_inner width=&#8221;3\/4&#8243;][\/vc_column_inner][vc_column_inner width=&#8221;1\/4&#8243;][\/vc_column_inner][\/vc_row_inner][vc_column_text]La criminalit\u00e0 organizzata e le reti terroristiche costituiscono minacce molto gravi per l&#8217;Unione Europea e la sua popolazione. Da un lato, il numero e il valore dei beni confiscati alla criminalit\u00e0 organizzata aumentano sempre di pi\u00f9 in Europa; questo \u00e8 indice della sua crescita nel continente e delle enormi\" \/>\n<meta property=\"og:url\" content=\"https:\/\/www.firstlinepractitioners.com\/takedown-project\/\" \/>\n<meta property=\"og:site_name\" content=\"FIRST-LINE PRACTITIONERS\" \/>\n<meta property=\"article:modified_time\" content=\"2019-09-26T09:05:01+00:00\" \/>\n<meta name=\"twitter:card\" content=\"summary_large_image\" \/>\n<meta name=\"twitter:label1\" content=\"Tempo di lettura stimato\" \/>\n\t<meta name=\"twitter:data1\" content=\"2 minuti\" \/>\n<script type=\"application\/ld+json\" class=\"yoast-schema-graph\">{\"@context\":\"https:\/\/schema.org\",\"@graph\":[{\"@type\":\"WebPage\",\"@id\":\"https:\/\/www.firstlinepractitioners.com\/takedown-project\/\",\"url\":\"https:\/\/www.firstlinepractitioners.com\/takedown-project\/\",\"name\":\"Takedown Project - FIRST-LINE PRACTITIONERS\",\"isPartOf\":{\"@id\":\"https:\/\/www.firstlinepractitioners.com\/el\/#website\"},\"datePublished\":\"2017-10-09T11:31:17+00:00\",\"dateModified\":\"2019-09-26T09:05:01+00:00\",\"breadcrumb\":{\"@id\":\"https:\/\/www.firstlinepractitioners.com\/takedown-project\/#breadcrumb\"},\"inLanguage\":\"it-IT\",\"potentialAction\":[{\"@type\":\"ReadAction\",\"target\":[\"https:\/\/www.firstlinepractitioners.com\/takedown-project\/\"]}]},{\"@type\":\"BreadcrumbList\",\"@id\":\"https:\/\/www.firstlinepractitioners.com\/takedown-project\/#breadcrumb\",\"itemListElement\":[{\"@type\":\"ListItem\",\"position\":1,\"name\":\"Home\",\"item\":\"https:\/\/www.firstlinepractitioners.com\/it\/\"},{\"@type\":\"ListItem\",\"position\":2,\"name\":\"Takedown Project\"}]},{\"@type\":\"WebSite\",\"@id\":\"https:\/\/www.firstlinepractitioners.com\/el\/#website\",\"url\":\"https:\/\/www.firstlinepractitioners.com\/el\/\",\"name\":\"FIRST-LINE PRACTITIONERS\",\"description\":\"Curricula - Knowledge - Navigation\",\"potentialAction\":[{\"@type\":\"SearchAction\",\"target\":{\"@type\":\"EntryPoint\",\"urlTemplate\":\"https:\/\/www.firstlinepractitioners.com\/el\/?s={search_term_string}\"},\"query-input\":\"required name=search_term_string\"}],\"inLanguage\":\"it-IT\"}]}<\/script>\n<!-- \/ Yoast SEO plugin. -->","yoast_head_json":{"title":"Takedown Project - FIRST-LINE PRACTITIONERS","robots":{"index":"index","follow":"follow","max-snippet":"max-snippet:-1","max-image-preview":"max-image-preview:large","max-video-preview":"max-video-preview:-1"},"canonical":"https:\/\/www.firstlinepractitioners.com\/takedown-project\/","og_locale":"it_IT","og_type":"article","og_title":"Takedown Project - FIRST-LINE PRACTITIONERS","og_description":"[vc_section css=&#8221;.vc_custom_1523017027877{padding-bottom: 100px !important;}&#8221;][vc_row][vc_column width=&#8221;3\/4&#8243;][vc_row_inner][vc_column_inner width=&#8221;3\/4&#8243;][\/vc_column_inner][vc_column_inner width=&#8221;1\/4&#8243;][\/vc_column_inner][\/vc_row_inner][vc_column_text]La criminalit\u00e0 organizzata e le reti terroristiche costituiscono minacce molto gravi per l&#8217;Unione Europea e la sua popolazione. Da un lato, il numero e il valore dei beni confiscati alla criminalit\u00e0 organizzata aumentano sempre di pi\u00f9 in Europa; questo \u00e8 indice della sua crescita nel continente e delle enormi","og_url":"https:\/\/www.firstlinepractitioners.com\/takedown-project\/","og_site_name":"FIRST-LINE PRACTITIONERS","article_modified_time":"2019-09-26T09:05:01+00:00","twitter_card":"summary_large_image","twitter_misc":{"Tempo di lettura stimato":"2 minuti"},"schema":{"@context":"https:\/\/schema.org","@graph":[{"@type":"WebPage","@id":"https:\/\/www.firstlinepractitioners.com\/takedown-project\/","url":"https:\/\/www.firstlinepractitioners.com\/takedown-project\/","name":"Takedown Project - FIRST-LINE PRACTITIONERS","isPartOf":{"@id":"https:\/\/www.firstlinepractitioners.com\/el\/#website"},"datePublished":"2017-10-09T11:31:17+00:00","dateModified":"2019-09-26T09:05:01+00:00","breadcrumb":{"@id":"https:\/\/www.firstlinepractitioners.com\/takedown-project\/#breadcrumb"},"inLanguage":"it-IT","potentialAction":[{"@type":"ReadAction","target":["https:\/\/www.firstlinepractitioners.com\/takedown-project\/"]}]},{"@type":"BreadcrumbList","@id":"https:\/\/www.firstlinepractitioners.com\/takedown-project\/#breadcrumb","itemListElement":[{"@type":"ListItem","position":1,"name":"Home","item":"https:\/\/www.firstlinepractitioners.com\/it\/"},{"@type":"ListItem","position":2,"name":"Takedown Project"}]},{"@type":"WebSite","@id":"https:\/\/www.firstlinepractitioners.com\/el\/#website","url":"https:\/\/www.firstlinepractitioners.com\/el\/","name":"FIRST-LINE PRACTITIONERS","description":"Curricula - Knowledge - Navigation","potentialAction":[{"@type":"SearchAction","target":{"@type":"EntryPoint","urlTemplate":"https:\/\/www.firstlinepractitioners.com\/el\/?s={search_term_string}"},"query-input":"required name=search_term_string"}],"inLanguage":"it-IT"}]}},"_links":{"self":[{"href":"https:\/\/www.firstlinepractitioners.com\/it\/wp-json\/wp\/v2\/pages\/7936"}],"collection":[{"href":"https:\/\/www.firstlinepractitioners.com\/it\/wp-json\/wp\/v2\/pages"}],"about":[{"href":"https:\/\/www.firstlinepractitioners.com\/it\/wp-json\/wp\/v2\/types\/page"}],"author":[{"embeddable":true,"href":"https:\/\/www.firstlinepractitioners.com\/it\/wp-json\/wp\/v2\/users\/4"}],"replies":[{"embeddable":true,"href":"https:\/\/www.firstlinepractitioners.com\/it\/wp-json\/wp\/v2\/comments?post=7936"}],"version-history":[{"count":2,"href":"https:\/\/www.firstlinepractitioners.com\/it\/wp-json\/wp\/v2\/pages\/7936\/revisions"}],"predecessor-version":[{"id":7948,"href":"https:\/\/www.firstlinepractitioners.com\/it\/wp-json\/wp\/v2\/pages\/7936\/revisions\/7948"}],"wp:attachment":[{"href":"https:\/\/www.firstlinepractitioners.com\/it\/wp-json\/wp\/v2\/media?parent=7936"}],"curies":[{"name":"wp","href":"https:\/\/api.w.org\/{rel}","templated":true}]}}