{"id":11167,"date":"2021-06-14T12:49:23","date_gmt":"2021-06-14T12:49:23","guid":{"rendered":"https:\/\/www.firstlinepractitioners.com\/alert\/"},"modified":"2021-06-14T12:49:23","modified_gmt":"2021-06-14T12:49:23","slug":"alert","status":"publish","type":"page","link":"https:\/\/www.firstlinepractitioners.com\/pl\/alert\/","title":{"rendered":"Alert"},"content":{"rendered":"<p><link rel=\"stylesheet\" href=\"https:\/\/cdnjs.cloudflare.com\/ajax\/libs\/jquery-modal\/0.9.1\/jquery.modal.min.css\" \/><link rel=\"stylesheet\" href=\"https:\/\/cdnjs.cloudflare.com\/ajax\/libs\/jquery-confirm\/3.3.2\/jquery-confirm.min.css\"><script src=\"https:\/\/code.jquery.com\/jquery-3.5.1.min.js\"><\/script><script src=\"https:\/\/cdnjs.cloudflare.com\/ajax\/libs\/jquery-modal\/0.9.1\/jquery.modal.min.js\"><\/script><script src=\"https:\/\/cdnjs.cloudflare.com\/ajax\/libs\/jquery-confirm\/3.3.2\/jquery-confirm.min.js\"><\/script>\n\n        <div id='alert_questionnaire_content_div'>\n        <div class='bg-box'>\n        <form>\n            <select name='lang' id='lang_select'>\n                <option value='en'>\ud83c\uddec\ud83c\udde7 English<\/option>\n                <option value='ge'>\ud83c\udde9\ud83c\uddea German<\/option>\n                <option value='hun'>\ud83c\udded\ud83c\uddfa Hungarian<\/option>\n                <option value='pol'>\ud83c\uddf5\ud83c\uddf1 Polish<\/option>\n                <option value='ro'>\ud83c\uddf7\ud83c\uddf4 Romanian<\/option>\n            <\/select>\n        <\/form><br>\n\n        \n        <div id='en' class='lan' style='display: inline; text-align: justify;'>\n            <h1> Welcome to ALERT Module<\/h1>\n            <p>The ALERT Platform has been created to enable first line practitioners and relevant community members to provide a \u2018notification\u2019 or \u2018alert\u2019 of a situation or incident of radicalisation, polarisation or hate. If you have witnessed or seen an incident, or are concerned about a developing situation, please register your ALERT here on the platform to help platform expert members in your community develop timely and appropriate response and suggest a course of action.  The ALERT Tool will help you to: Register the case or incident of radicalisation, hate or polarisation (for example extremist propaganda, hate speech or gender, race or ethnic violence etc). Have this shared to members of the Platform in your community on ARENA. This will help support collaborative or targeted response by relevant experts. Receive tailored recommendations which may support your response - based upon your case description. If there is no similar case in the data-base your case will automatically be transferred to the ARENA platform where local experts will work to provide you with support and recommendations.<\/p>\n            <br>\n            \n            <div id='alert_button_pane'><a class='button' type='submit' id='alert_new_report' href='#' onclick='return false;'>New Alert<\/a><\/div>\n        <\/div >\n       \n        <div id='ge' class='lan' style='display: none; text-align: justify;'>\n            <h1> Willkommen bei ALERT-Modul<\/h1>\n            <p>ALERT: Dieses Tool bietet Unterst\u00fctzung f\u00fcr First-Line Practitioners (kurz: FLPs), die einen Fall von Radikalisierung und\/oder Polarisierung (zum Beispiel extremistische Propaganda, Hassreden oder Gewalt) in ihrem Berufsalltag beobachtet haben und diesen ansprechen m\u00f6chten. Melden Sie dazu einen Vorfall, und beschreiben Sie detailliert, was wo und wann passiert ist und wer was mit wem getan hat. Basierend auf Ihrer Fallbeschreibung erhalten Sie passende Handlungsempfehlungen und weiterf\u00fchrende Informationen. Falls es keinen \u00e4hnlichen Fall in unserer Datenbank gibt, wird Ihr Fall an die sogenannte ARENA weitergeleitet, in der Expert:innen und erfahrene Kolleg:innen Ihren Fall bearbeiten und Empfehlungen aussprechen werden.<\/p>\n            \n            <div id='alert_button_pane'><a class='button' type='submit' id='alert_new_report' href='#' onclick='return false;'>Neuer Alert<\/a><\/div>\n        <\/div >\n\n        <div id='hun' class='lan' style='display: none; text-align: justify;'>\n            <h1> \u00dcdv\u00f6z\u00f6lj\u00fck az ALERT modulban<\/h1>\n            <p>Az ARENA platform abb\u00f3l a c\u00e9lb\u0151l j\u00f6tt l\u00e9tre, hogy a szak\u00e9rt\u0151k \u00e9s a terepen dolgoz\u00f3 szakemberek jelz\u00e9seket tudjanak leadni, ha egy radikalizmushoz vagy polariz\u00e1ci\u00f3 jelens\u00e9g\u00e9hez kapcsol\u00f3di incidenssel tal\u00e1lkoznak a k\u00f6rnyezet\u00fckben. Ha \u00d6n egy ilyen incidensnek volt szemtan\u00faja, \u00e9s aggasztja, hogy mi lesz ennek a kimenete, k\u00e9rj\u00fck, hozon l\u00e9tre egy ALERT-et, melynek seg\u00edts\u00e9g\u00e9vel jelz\u00e9st adhat le k\u00f6rnyezet\u00e9ben dolgoz\u00f3 szak\u00e9rt\u0151knek, akik tan\u00e1csokkal  l\u00e1thatj\u00e1k el, \u00e9s seg\u00edt\u00e9g\u00e9re lehetnek a megold\u00e1s keres\u00e9ben. Az ALERT rendszerben jelz\u00e9st adhat le, ja radik\u00e1lis incidenssel, gy\u0171l\u00f6lettel, vagy polariz\u00e1ci\u00f3val tal\u00e1lkozott (pl: sz\u00e9ls\u0151s\u00e9ges propagand\u00e1val, gy\u0171l\u00f6letbesz\u00e9ddel, etnikai vagy gender alap\u00fa  er\u0151szakkal). Ez a jelz\u00e9s ker\u00fcl be azt\u00e9n az ARENA rendszerbe ahol szak\u00e9rt\u0151k k\u00f6z\u00f6sen munk\u00e1lkodnak, hogy a lehet\u0151 legjobb v\u00e1laszt tudj\u00e1k adni a felmer\u00fclt probl\u00e9m\u00e1ra. Az eset le\u00edr\u00e1sa alapj\u00e1nn rednel\u0151denk hozz\u00e1 az esethez a legink\u00e1bb hozz\u00e1\u00e9rt\u0151 szak\u00e9rt\u0151k. Ha az adarb\u00e1zis nem tal\u00e1l megfelel\u0151 szak\u00e9rrt\u0151t, akkor a rendszer automatikus atov\u00e1bb\u00edtja a jelz\u00e9st a k\u00f6zelben dolgoz\u00f3 szak\u00e9rt\u0151k sz\u00e1m\u00e1ra, akik aj\u00e1nl\u00e1sokkal seg\u00edtik a megold\u00e1skeres\u00e9st.<\/p>\n            \n            <div id='alert_button_pane'><a class='button' type='submit' id='alert_new_report' href='#' onclick='return false;'>\u00daj figyelmeztet\u00e9s<\/a><\/div>\n        <\/div >\n        \n        <div id='pol' class='lan' style='display: none; text-align: justify;'>\n            <h1> Witamy w module ALERT<\/h1>\n            <p>Na platformie ALERT mo\u017cesz zg\u0142osi\u0107 zdarzenie zwi\u0105zane z radykalizacj\u0105 lub ekstremizmem (np. propagand\u0119, fake newsy, mow\u0119 nienawi\u015bci, przemoc fizyczn\u0105 na tle pochodzenia, p\u0142ci itp.). Je\u015bli by\u0142e\u015b(-a\u015b) \u015bwiadkiem tego typu incydentu lub obawiasz si\u0119 dalszego rozwoju sytuacji, wy\u015blij zg\u0142oszenie. Na platformie otrzymasz rekomendacje dotycz\u0105ce mo\u017cliwych rozwi\u0105za\u0144 dla zg\u0142oszonego problemu. Je\u015bli w bazie danych nie ma jeszcze rekomendacji w tym zakresie, Twoje zg\u0142oszenie zostanie przes\u0142ane do platformy ARENA, na kt\u00f3rej wsp\u00f3lnie z grup\u0105 ekspert\u00f3w i ekspertek zajmiecie si\u0119 ich wypracowaniem.<\/p>\n            \n            <div id='alert_button_pane'><a class='button' type='submit' id='alert_new_report' href='#' onclick='return false;'>Nowy alert<\/a><\/div>\n        <\/div >\n        \n        <div id='ro' class='lan' style='display: none; text-align: justify;'>\n            <h1> Bine a\u021bi venit la modulul ALERT<\/h1>\n            <p>Platforma ALERT a fost creat\u0103 pentru a permite practicienilor \u0219i membrilor relevan\u021bi ai comunit\u0103\u021bii s\u0103 semnaleze o alert\u0103 sau o notificare \u00een cazul unei situa\u021bii sau unui incident de radicalizare, polarizare sau incitare la ur\u0103. Dac\u0103 a\u021bi fost martora\/martorul unui asemenea incident, dac\u0103 a\u021bi aflat despre un asemenea caz, sau dac\u0103 sunte\u021bi \u00eengrijorat\/\u0103 \u00een leg\u0103tur\u0103 cu un incident \u00een desf\u0103\u0219urare, v\u0103 rug\u0103m s\u0103 v\u0103 \u00eenregistra\u021bi ALERTA pe aceast\u0103 platform\u0103 pentru a veni \u00een ajutorul exper\u021bilor din cadrul comunit\u0103\u021bii dvs. s\u0103 g\u0103seasc\u0103 r\u0103spusuri rapide \u0219i adecvate \u0219i s\u0103 sugereze un mod de r\u0103spuns. ALERT v\u0103 va ajuta s\u0103: - \u00eenregistra\u021bi un caz sau un incident de radicalizare, ur\u0103 sau polarizare (de exemplu propagand\u0103 extremist\u0103, discurs incitator la ur\u0103, violen\u021b\u0103 de gen, motivat\u0103 de motive rasiale sau etnice etc). V\u0103 rug\u0103m s\u0103 \u00eemp\u0103rt\u0103\u0219i\u021bi aceste cazuri cu membri ai comunit\u0103\u021bii pe ARENA. Acest lucru va \u00eencuraja r\u0103spunsuri colaborative \u0219i punctuale oferite de exper\u021bi relevan\u021bi. -  primi\u021bi recomand\u0103ri practice care v\u0103 pot ajuta \u00een formularea unui r\u0103spuns, bazat pe descrierea oferit\u0103 de dvs. Dac\u0103 nu exist\u0103 un caz similar \u00een baza de date ve\u021bi fi redirec\u021biona\u021bi automat c\u0103tre ARENA unde exper\u021bii locali vor colabora s\u0103 v\u0103 asigure recomand\u0103ri \u0219i sprijin.<\/p>\n            \n            <div id='alert_button_pane'><a class='button' type='submit' id='alert_new_report' href='#' onclick='return false;'>Alert\u0103 nou\u0103<\/a><\/div>\n        <\/div >\n        \n        <\/div>\n        <\/div>\n        \n            <script src='https:\/\/code.jquery.com\/jquery-3.5.1.min.js'><\/script>\n            <script src='https:\/\/www.firstlinepractitioners.com\/wp-content\/plugins\/alert\/assets\/js\/jquery.datetimepicker.full.js'><\/script>\n            <script>\n            \n                $(document).ready(function(){\n                    $('#lang_select').on('change', function() {\n                        $('.lan').hide();\n                        $('#'+ $(this).val()).show();\n                    });\n                });\n          \n             <\/script>\n         <img decoding=\"async\" style=\"width: 100%;\" src=\"https:\/\/www.firstlinepractitioners.com\/wp-content\/uploads\/2021\/05\/alert_pol.png\" \/><\/p>\n","protected":false},"excerpt":{"rendered":"","protected":false},"author":1,"featured_media":0,"parent":0,"menu_order":0,"comment_status":"closed","ping_status":"closed","template":"","meta":{"footnotes":""},"yoast_head":"<!-- This site is optimized with the Yoast SEO plugin v21.3 - https:\/\/yoast.com\/wordpress\/plugins\/seo\/ -->\n<title>Alert - FIRST-LINE PRACTITIONERS<\/title>\n<meta name=\"robots\" content=\"index, follow, max-snippet:-1, max-image-preview:large, max-video-preview:-1\" \/>\n<link rel=\"canonical\" href=\"https:\/\/www.firstlinepractitioners.com\/alert\/\" \/>\n<meta property=\"og:locale\" content=\"pl_PL\" \/>\n<meta property=\"og:type\" content=\"article\" \/>\n<meta property=\"og:title\" content=\"Alert - FIRST-LINE PRACTITIONERS\" \/>\n<meta property=\"og:url\" content=\"https:\/\/www.firstlinepractitioners.com\/alert\/\" \/>\n<meta property=\"og:site_name\" content=\"FIRST-LINE PRACTITIONERS\" \/>\n<meta property=\"og:image\" content=\"https:\/\/www.firstlinepractitioners.com\/wp-content\/uploads\/2021\/05\/alert_pol.png\" \/>\n<meta name=\"twitter:card\" content=\"summary_large_image\" \/>\n<script type=\"application\/ld+json\" class=\"yoast-schema-graph\">{\"@context\":\"https:\/\/schema.org\",\"@graph\":[{\"@type\":\"WebPage\",\"@id\":\"https:\/\/www.firstlinepractitioners.com\/alert\/\",\"url\":\"https:\/\/www.firstlinepractitioners.com\/alert\/\",\"name\":\"Alert - FIRST-LINE PRACTITIONERS\",\"isPartOf\":{\"@id\":\"https:\/\/www.firstlinepractitioners.com\/el\/#website\"},\"datePublished\":\"2021-06-14T12:49:23+00:00\",\"dateModified\":\"2021-06-14T12:49:23+00:00\",\"breadcrumb\":{\"@id\":\"https:\/\/www.firstlinepractitioners.com\/alert\/#breadcrumb\"},\"inLanguage\":\"pl-PL\",\"potentialAction\":[{\"@type\":\"ReadAction\",\"target\":[\"https:\/\/www.firstlinepractitioners.com\/alert\/\"]}]},{\"@type\":\"BreadcrumbList\",\"@id\":\"https:\/\/www.firstlinepractitioners.com\/alert\/#breadcrumb\",\"itemListElement\":[{\"@type\":\"ListItem\",\"position\":1,\"name\":\"Home\",\"item\":\"https:\/\/www.firstlinepractitioners.com\/pl\/\"},{\"@type\":\"ListItem\",\"position\":2,\"name\":\"Alert\"}]},{\"@type\":\"WebSite\",\"@id\":\"https:\/\/www.firstlinepractitioners.com\/el\/#website\",\"url\":\"https:\/\/www.firstlinepractitioners.com\/el\/\",\"name\":\"FIRST-LINE PRACTITIONERS\",\"description\":\"Curricula - Knowledge - Navigation\",\"potentialAction\":[{\"@type\":\"SearchAction\",\"target\":{\"@type\":\"EntryPoint\",\"urlTemplate\":\"https:\/\/www.firstlinepractitioners.com\/el\/?s={search_term_string}\"},\"query-input\":\"required name=search_term_string\"}],\"inLanguage\":\"pl-PL\"}]}<\/script>\n<!-- \/ Yoast SEO plugin. -->","yoast_head_json":{"title":"Alert - FIRST-LINE PRACTITIONERS","robots":{"index":"index","follow":"follow","max-snippet":"max-snippet:-1","max-image-preview":"max-image-preview:large","max-video-preview":"max-video-preview:-1"},"canonical":"https:\/\/www.firstlinepractitioners.com\/alert\/","og_locale":"pl_PL","og_type":"article","og_title":"Alert - FIRST-LINE PRACTITIONERS","og_url":"https:\/\/www.firstlinepractitioners.com\/alert\/","og_site_name":"FIRST-LINE PRACTITIONERS","og_image":[{"url":"https:\/\/www.firstlinepractitioners.com\/wp-content\/uploads\/2021\/05\/alert_pol.png"}],"twitter_card":"summary_large_image","schema":{"@context":"https:\/\/schema.org","@graph":[{"@type":"WebPage","@id":"https:\/\/www.firstlinepractitioners.com\/alert\/","url":"https:\/\/www.firstlinepractitioners.com\/alert\/","name":"Alert - FIRST-LINE PRACTITIONERS","isPartOf":{"@id":"https:\/\/www.firstlinepractitioners.com\/el\/#website"},"datePublished":"2021-06-14T12:49:23+00:00","dateModified":"2021-06-14T12:49:23+00:00","breadcrumb":{"@id":"https:\/\/www.firstlinepractitioners.com\/alert\/#breadcrumb"},"inLanguage":"pl-PL","potentialAction":[{"@type":"ReadAction","target":["https:\/\/www.firstlinepractitioners.com\/alert\/"]}]},{"@type":"BreadcrumbList","@id":"https:\/\/www.firstlinepractitioners.com\/alert\/#breadcrumb","itemListElement":[{"@type":"ListItem","position":1,"name":"Home","item":"https:\/\/www.firstlinepractitioners.com\/pl\/"},{"@type":"ListItem","position":2,"name":"Alert"}]},{"@type":"WebSite","@id":"https:\/\/www.firstlinepractitioners.com\/el\/#website","url":"https:\/\/www.firstlinepractitioners.com\/el\/","name":"FIRST-LINE PRACTITIONERS","description":"Curricula - Knowledge - Navigation","potentialAction":[{"@type":"SearchAction","target":{"@type":"EntryPoint","urlTemplate":"https:\/\/www.firstlinepractitioners.com\/el\/?s={search_term_string}"},"query-input":"required name=search_term_string"}],"inLanguage":"pl-PL"}]}},"_links":{"self":[{"href":"https:\/\/www.firstlinepractitioners.com\/pl\/wp-json\/wp\/v2\/pages\/11167"}],"collection":[{"href":"https:\/\/www.firstlinepractitioners.com\/pl\/wp-json\/wp\/v2\/pages"}],"about":[{"href":"https:\/\/www.firstlinepractitioners.com\/pl\/wp-json\/wp\/v2\/types\/page"}],"author":[{"embeddable":true,"href":"https:\/\/www.firstlinepractitioners.com\/pl\/wp-json\/wp\/v2\/users\/1"}],"replies":[{"embeddable":true,"href":"https:\/\/www.firstlinepractitioners.com\/pl\/wp-json\/wp\/v2\/comments?post=11167"}],"version-history":[{"count":0,"href":"https:\/\/www.firstlinepractitioners.com\/pl\/wp-json\/wp\/v2\/pages\/11167\/revisions"}],"wp:attachment":[{"href":"https:\/\/www.firstlinepractitioners.com\/pl\/wp-json\/wp\/v2\/media?parent=11167"}],"curies":[{"name":"wp","href":"https:\/\/api.w.org\/{rel}","templated":true}]}}