{"id":7937,"date":"2017-10-09T11:31:17","date_gmt":"2017-10-09T11:31:17","guid":{"rendered":"http:\/\/www.firstlinepractitioners.com\/takedown-project\/"},"modified":"2019-09-26T09:07:58","modified_gmt":"2019-09-26T09:07:58","slug":"takedown-project","status":"publish","type":"page","link":"https:\/\/www.firstlinepractitioners.com\/pl\/takedown-project\/","title":{"rendered":"Takedown Project"},"content":{"rendered":"<p>[vc_section css=&#8221;.vc_custom_1523017027877{padding-bottom: 100px !important;}&#8221;][vc_row][vc_column width=&#8221;3\/4&#8243;][vc_row_inner][vc_column_inner width=&#8221;3\/4&#8243;]\t<div  class=\"bs-shortcode bs-heading-shortcode bscb-10141 bsb-have-heading-color\">\r\n\t\t\t\t<h3 class=\"section-heading sh-t6 sh-s6\">\r\n\t\t\t\t<span class=\"h-text\">FIRST-LINE PRACTITIONERS - KONTEKST<\/span>\r\n\t\t\t\t<\/h3>\r\n\t\t\t<\/div>\r\n[\/vc_column_inner][vc_column_inner width=&#8221;1\/4&#8243;]\t\t<div\n\t\t\tclass=\"better-studio-shortcode bsc-clearfix better-social-counter style-button colored in-4-col \">\n\t\t\t\t\t\t<ul class=\"social-list bsc-clearfix\"><li class=\"social-item twitter\"><a href=\"http:\/\/twitter.com\/@FLPractitioners\" target=\"_blank\"><i class=\"item-icon bsfi-twitter\"><\/i><span class=\"item-title\">Followers<\/span><\/a><\/li><li class=\"social-item youtube\"><a href=\"#\" target=\"_blank\"><i class=\"item-icon bsfi-youtube\"><\/i><span class=\"item-title\">Subscribers<\/span><\/a><\/li>\t\t\t<\/ul>\n\t\t<\/div>\n\t\t[\/vc_column_inner][\/vc_row_inner][vc_column_text]Przest\u0119pczo\u015b\u0107 zorganizowana (PZ) i siatki terrorystyczne (ST) to powa\u017cne zagro\u017cenia dla Unii Europejskiej i jej spo\u0142eczno\u015bci. Z jednej strony ilo\u015b\u0107 i warto\u015b\u0107 skonfiskowanych d\u00f3br pochodz\u0105cych z przest\u0119pczo\u015bci zorganizowanej wci\u0105\u017c si\u0119 w Europie zwi\u0119ksza, co wskazuje na wzrost tego zjawiska i pokazuje wyzwanie, jakie stanowi ono dla gospodarki legalnej czy wp\u0142yw\u00f3w z podatk\u00f3w w wielu pa\u0144stwach cz\u0142onkowskich. Z drugiej strony mamy w Europie do czynienia z rosn\u0105c\u0105 liczb\u0105 os\u00f3b, kt\u00f3re zostaj\u0105 zrekrutowane jako zagraniczni bojownicy lub dla cel\u00f3w przeprowadzania tu atak\u00f3w terrorystycznych. Opr\u00f3cz skutk\u00f3w bezpo\u015brednich dochodzi narastaj\u0105ca w ten spos\u00f3b atmosfera strachu.<\/p>\n<p>Ponadto rosn\u0105 koszty zapobiegania przest\u0119pczo\u015bci zorganizowanej i siatkom terrorystycznym. Ma to szczeg\u00f3lne znaczenie w okresie ci\u0119\u0107 bud\u017cetowych, kiedy maleje liczba program\u00f3w integracyjnych i wsparcie dla grup marginalizowanych, co przyczynia si\u0119 do utrwalania si\u0119 podzia\u0142\u00f3w pomi\u0119dzy r\u00f3\u017cnymi \u015brodowiskami. Nawet w rzekomo \u201eegalitarnych\u201d spo\u0142ecze\u0144stwach powstaj\u0105 mury pomi\u0119dzy r\u00f3\u017cnymi grupami spo\u0142ecznymi i rosn\u0105 rzesze ludzi pozostawionych samym sobie, niemaj\u0105cych szans na awans spo\u0142eczny. I to w\u0142a\u015bnie pozbawieni perspektyw na przysz\u0142o\u015b\u0107 m\u0142odzi ludzie s\u0105 najbardziej zagro\u017ceni wci\u0105gni\u0119ciem do zorganizowanych grup przest\u0119pczych lub siatek terrorystycznych. I to po\u0142\u0105czenie tych wyzwa\u0144 i istniej\u0105cych strategii politycznych stanowi powa\u017cne zagro\u017cenie dla sp\u00f3jno\u015bci spo\u0142ecznej w Europie.[\/vc_column_text][vc_row_inner][vc_column_inner]\t<div  class=\"bs-shortcode bs-heading-shortcode bscb-57155 bsb-have-heading-color\">\r\n\t\t\t\t<h3 class=\"section-heading sh-t6 sh-s6\">\r\n\t\t\t\t<span class=\"h-text\">FIRST-LINE PRACTITIONERS - KOORDYNACJA<\/span>\r\n\t\t\t\t<\/h3>\r\n\t\t\t<\/div>\r\n[vc_column_text]<strong>TAKEDOWN &#8211; ZIDENTYFIKUJ, ZAPOBIEGAJ I REAGUJ NA PRZEST\u0118PCZO\u015a\u0106 ZORGANIZOWAN\u0104 I SIATKI TERRORYSTYCZNE<\/strong><\/p>\n<p>S\u0105 to g\u0142\u00f3wne za\u0142o\u017cenia projektu TAKEDOWN realizowanego przez 18 europejskich instytucji partnerskich. Partnerstwo pomi\u0119dzy naukowcami, badaczami, praktykami, ekspertami ds. oprogramowania bezpiecze\u0144stwa i organami \u015bcigania jest finansowane z programu ramowego w zakresie bada\u0144 i innowacji Horyzont 2020. TAKEDOWN wypracowuje odpowiedzi na zagro\u017cenia kryminalne przy u\u017cyciu wielowymiarowego podej\u015bcia obejmuj\u0105cego aspekty spo\u0142eczne, psychologiczne, ekonomiczne i kulturalne. W tworzeniu rozwi\u0105za\u0144 \u0142\u0105czy technologiczne narz\u0119dzia prewencyjne ze spo\u0142ecznymi strategiami zapobiegawczymi.<\/p>\n<p>Wi\u0119cej informacji: <a href=\"https:\/\/www.takedownproject.eu\/\">Project website<\/a>[\/vc_column_text][vc_video link=&#8221;https:\/\/www.youtube.com\/watch?v=ipPYpmcb3BY&#8221;][\/vc_column_inner][\/vc_row_inner][\/vc_column][vc_column width=&#8221;1\/4&#8243;][vc_widget_sidebar sidebar_id=&#8221;cs-2&#8243;][\/vc_column][\/vc_row][\/vc_section]<\/p>\n","protected":false},"excerpt":{"rendered":"<p>[vc_section css=&#8221;.vc_custom_1523017027877{padding-bottom: 100px !important;}&#8221;][vc_row][vc_column width=&#8221;3\/4&#8243;][vc_row_inner][vc_column_inner width=&#8221;3\/4&#8243;][\/vc_column_inner][vc_column_inner width=&#8221;1\/4&#8243;][\/vc_column_inner][\/vc_row_inner][vc_column_text]Przest\u0119pczo\u015b\u0107 zorganizowana (PZ) i siatki terrorystyczne (ST) to powa\u017cne zagro\u017cenia dla Unii Europejskiej i jej spo\u0142eczno\u015bci. Z jednej strony ilo\u015b\u0107 i warto\u015b\u0107 skonfiskowanych d\u00f3br pochodz\u0105cych z przest\u0119pczo\u015bci zorganizowanej wci\u0105\u017c si\u0119 w Europie zwi\u0119ksza, co wskazuje na wzrost tego zjawiska i pokazuje wyzwanie, jakie stanowi ono dla gospodarki legalnej czy<\/p>\n","protected":false},"author":4,"featured_media":0,"parent":0,"menu_order":0,"comment_status":"closed","ping_status":"closed","template":"","meta":{"footnotes":""},"yoast_head":"<!-- This site is optimized with the Yoast SEO plugin v21.3 - https:\/\/yoast.com\/wordpress\/plugins\/seo\/ -->\n<title>Takedown Project - FIRST-LINE PRACTITIONERS<\/title>\n<meta name=\"robots\" content=\"index, follow, max-snippet:-1, max-image-preview:large, max-video-preview:-1\" \/>\n<link rel=\"canonical\" href=\"https:\/\/www.firstlinepractitioners.com\/takedown-project\/\" \/>\n<meta property=\"og:locale\" content=\"pl_PL\" \/>\n<meta property=\"og:type\" content=\"article\" \/>\n<meta property=\"og:title\" content=\"Takedown Project - FIRST-LINE PRACTITIONERS\" \/>\n<meta property=\"og:description\" content=\"[vc_section css=&#8221;.vc_custom_1523017027877{padding-bottom: 100px !important;}&#8221;][vc_row][vc_column width=&#8221;3\/4&#8243;][vc_row_inner][vc_column_inner width=&#8221;3\/4&#8243;][\/vc_column_inner][vc_column_inner width=&#8221;1\/4&#8243;][\/vc_column_inner][\/vc_row_inner][vc_column_text]Przest\u0119pczo\u015b\u0107 zorganizowana (PZ) i siatki terrorystyczne (ST) to powa\u017cne zagro\u017cenia dla Unii Europejskiej i jej spo\u0142eczno\u015bci. Z jednej strony ilo\u015b\u0107 i warto\u015b\u0107 skonfiskowanych d\u00f3br pochodz\u0105cych z przest\u0119pczo\u015bci zorganizowanej wci\u0105\u017c si\u0119 w Europie zwi\u0119ksza, co wskazuje na wzrost tego zjawiska i pokazuje wyzwanie, jakie stanowi ono dla gospodarki legalnej czy\" \/>\n<meta property=\"og:url\" content=\"https:\/\/www.firstlinepractitioners.com\/takedown-project\/\" \/>\n<meta property=\"og:site_name\" content=\"FIRST-LINE PRACTITIONERS\" \/>\n<meta property=\"article:modified_time\" content=\"2019-09-26T09:07:58+00:00\" \/>\n<meta name=\"twitter:card\" content=\"summary_large_image\" \/>\n<meta name=\"twitter:label1\" content=\"Szacowany czas czytania\" \/>\n\t<meta name=\"twitter:data1\" content=\"2 minuty\" \/>\n<script type=\"application\/ld+json\" class=\"yoast-schema-graph\">{\"@context\":\"https:\/\/schema.org\",\"@graph\":[{\"@type\":\"WebPage\",\"@id\":\"https:\/\/www.firstlinepractitioners.com\/takedown-project\/\",\"url\":\"https:\/\/www.firstlinepractitioners.com\/takedown-project\/\",\"name\":\"Takedown Project - FIRST-LINE PRACTITIONERS\",\"isPartOf\":{\"@id\":\"https:\/\/www.firstlinepractitioners.com\/el\/#website\"},\"datePublished\":\"2017-10-09T11:31:17+00:00\",\"dateModified\":\"2019-09-26T09:07:58+00:00\",\"breadcrumb\":{\"@id\":\"https:\/\/www.firstlinepractitioners.com\/takedown-project\/#breadcrumb\"},\"inLanguage\":\"pl-PL\",\"potentialAction\":[{\"@type\":\"ReadAction\",\"target\":[\"https:\/\/www.firstlinepractitioners.com\/takedown-project\/\"]}]},{\"@type\":\"BreadcrumbList\",\"@id\":\"https:\/\/www.firstlinepractitioners.com\/takedown-project\/#breadcrumb\",\"itemListElement\":[{\"@type\":\"ListItem\",\"position\":1,\"name\":\"Home\",\"item\":\"https:\/\/www.firstlinepractitioners.com\/pl\/\"},{\"@type\":\"ListItem\",\"position\":2,\"name\":\"Takedown Project\"}]},{\"@type\":\"WebSite\",\"@id\":\"https:\/\/www.firstlinepractitioners.com\/el\/#website\",\"url\":\"https:\/\/www.firstlinepractitioners.com\/el\/\",\"name\":\"FIRST-LINE PRACTITIONERS\",\"description\":\"Curricula - Knowledge - Navigation\",\"potentialAction\":[{\"@type\":\"SearchAction\",\"target\":{\"@type\":\"EntryPoint\",\"urlTemplate\":\"https:\/\/www.firstlinepractitioners.com\/el\/?s={search_term_string}\"},\"query-input\":\"required name=search_term_string\"}],\"inLanguage\":\"pl-PL\"}]}<\/script>\n<!-- \/ Yoast SEO plugin. -->","yoast_head_json":{"title":"Takedown Project - FIRST-LINE PRACTITIONERS","robots":{"index":"index","follow":"follow","max-snippet":"max-snippet:-1","max-image-preview":"max-image-preview:large","max-video-preview":"max-video-preview:-1"},"canonical":"https:\/\/www.firstlinepractitioners.com\/takedown-project\/","og_locale":"pl_PL","og_type":"article","og_title":"Takedown Project - FIRST-LINE PRACTITIONERS","og_description":"[vc_section css=&#8221;.vc_custom_1523017027877{padding-bottom: 100px !important;}&#8221;][vc_row][vc_column width=&#8221;3\/4&#8243;][vc_row_inner][vc_column_inner width=&#8221;3\/4&#8243;][\/vc_column_inner][vc_column_inner width=&#8221;1\/4&#8243;][\/vc_column_inner][\/vc_row_inner][vc_column_text]Przest\u0119pczo\u015b\u0107 zorganizowana (PZ) i siatki terrorystyczne (ST) to powa\u017cne zagro\u017cenia dla Unii Europejskiej i jej spo\u0142eczno\u015bci. Z jednej strony ilo\u015b\u0107 i warto\u015b\u0107 skonfiskowanych d\u00f3br pochodz\u0105cych z przest\u0119pczo\u015bci zorganizowanej wci\u0105\u017c si\u0119 w Europie zwi\u0119ksza, co wskazuje na wzrost tego zjawiska i pokazuje wyzwanie, jakie stanowi ono dla gospodarki legalnej czy","og_url":"https:\/\/www.firstlinepractitioners.com\/takedown-project\/","og_site_name":"FIRST-LINE PRACTITIONERS","article_modified_time":"2019-09-26T09:07:58+00:00","twitter_card":"summary_large_image","twitter_misc":{"Szacowany czas czytania":"2 minuty"},"schema":{"@context":"https:\/\/schema.org","@graph":[{"@type":"WebPage","@id":"https:\/\/www.firstlinepractitioners.com\/takedown-project\/","url":"https:\/\/www.firstlinepractitioners.com\/takedown-project\/","name":"Takedown Project - FIRST-LINE PRACTITIONERS","isPartOf":{"@id":"https:\/\/www.firstlinepractitioners.com\/el\/#website"},"datePublished":"2017-10-09T11:31:17+00:00","dateModified":"2019-09-26T09:07:58+00:00","breadcrumb":{"@id":"https:\/\/www.firstlinepractitioners.com\/takedown-project\/#breadcrumb"},"inLanguage":"pl-PL","potentialAction":[{"@type":"ReadAction","target":["https:\/\/www.firstlinepractitioners.com\/takedown-project\/"]}]},{"@type":"BreadcrumbList","@id":"https:\/\/www.firstlinepractitioners.com\/takedown-project\/#breadcrumb","itemListElement":[{"@type":"ListItem","position":1,"name":"Home","item":"https:\/\/www.firstlinepractitioners.com\/pl\/"},{"@type":"ListItem","position":2,"name":"Takedown Project"}]},{"@type":"WebSite","@id":"https:\/\/www.firstlinepractitioners.com\/el\/#website","url":"https:\/\/www.firstlinepractitioners.com\/el\/","name":"FIRST-LINE PRACTITIONERS","description":"Curricula - Knowledge - Navigation","potentialAction":[{"@type":"SearchAction","target":{"@type":"EntryPoint","urlTemplate":"https:\/\/www.firstlinepractitioners.com\/el\/?s={search_term_string}"},"query-input":"required name=search_term_string"}],"inLanguage":"pl-PL"}]}},"_links":{"self":[{"href":"https:\/\/www.firstlinepractitioners.com\/pl\/wp-json\/wp\/v2\/pages\/7937"}],"collection":[{"href":"https:\/\/www.firstlinepractitioners.com\/pl\/wp-json\/wp\/v2\/pages"}],"about":[{"href":"https:\/\/www.firstlinepractitioners.com\/pl\/wp-json\/wp\/v2\/types\/page"}],"author":[{"embeddable":true,"href":"https:\/\/www.firstlinepractitioners.com\/pl\/wp-json\/wp\/v2\/users\/4"}],"replies":[{"embeddable":true,"href":"https:\/\/www.firstlinepractitioners.com\/pl\/wp-json\/wp\/v2\/comments?post=7937"}],"version-history":[{"count":2,"href":"https:\/\/www.firstlinepractitioners.com\/pl\/wp-json\/wp\/v2\/pages\/7937\/revisions"}],"predecessor-version":[{"id":7950,"href":"https:\/\/www.firstlinepractitioners.com\/pl\/wp-json\/wp\/v2\/pages\/7937\/revisions\/7950"}],"wp:attachment":[{"href":"https:\/\/www.firstlinepractitioners.com\/pl\/wp-json\/wp\/v2\/media?parent=7937"}],"curies":[{"name":"wp","href":"https:\/\/api.w.org\/{rel}","templated":true}]}}