{"id":11136,"date":"2021-05-12T11:54:30","date_gmt":"2021-05-12T11:54:30","guid":{"rendered":"https:\/\/www.firstlinepractitioners.com\/arena-login\/"},"modified":"2021-05-12T11:54:30","modified_gmt":"2021-05-12T11:54:30","slug":"arena-login","status":"publish","type":"page","link":"https:\/\/www.firstlinepractitioners.com\/ro\/arena-login\/","title":{"rendered":"Arena Login"},"content":{"rendered":"<p><link rel=\"stylesheet\" href=\"https:\/\/cdnjs.cloudflare.com\/ajax\/libs\/jquery-modal\/0.9.1\/jquery.modal.min.css\" \/><link rel=\"stylesheet\" href=\"https:\/\/cdnjs.cloudflare.com\/ajax\/libs\/jquery-confirm\/3.3.2\/jquery-confirm.min.css\"><script src=\"https:\/\/code.jquery.com\/jquery-3.5.1.min.js\"><\/script><script src=\"https:\/\/cdnjs.cloudflare.com\/ajax\/libs\/jquery-modal\/0.9.1\/jquery.modal.min.js\"><\/script><script src=\"https:\/\/cdnjs.cloudflare.com\/ajax\/libs\/jquery-confirm\/3.3.2\/jquery-confirm.min.js\"><\/script>\n        <div class=\"card-body\" id=\"contentBox\">\n        <div class=\"bg-box\">\n        <form>\n            <select name='lang' id='lang_select'>\n                <option value='en'>\ud83c\uddec\ud83c\udde7 English<\/option>\n                <option value='ge'>\ud83c\udde9\ud83c\uddea German<\/option>\n                <option value='hun'>\ud83c\udded\ud83c\uddfa Hungarian<\/option>\n                <option value='pol'>\ud83c\uddf5\ud83c\uddf1 Polish<\/option>\n                <option value='ro'>\ud83c\uddf7\ud83c\uddf4 Romanian<\/option>\n            <\/select>\n        <\/form><br>\n\n        <!-- English -->\n        <div id='en' class='lan' style='display: inline; text-align: justify;'>\n            <h1> Welcome to ARENA Module<\/h1>\n            <p>The ARENA Platform has been created to link experts addressing radicalisation and polarization. This multi-agency group of experts works together to generate effective and timely responses and preventive measures to address issues and incidents of radicalisation, hate and extremism and provide recommendations and support to first line practitioners. To use the ARENA you can: Register as a First-Line Practitioner (FLP) \/ Expert. FLPs may include community workers, social workers, teachers, youth workers, local government officials, law enforcement officers and more. Here you can provide a brief background of your areas of work and expertise. Connect with other experts, share and review cases of radicalization and\/or polarization, recommend actions, and share best practices to help improve prevention and response and support fellow First-Line Practitioners<\/p>\n            <br>\n            <div id='login_button_pane'>\n                <a class=\"login_links button\" id=\"start_arena\" >Login<\/a>\n                <a class=\"login_links button\" id='start_registration' >Registration<\/a>\n            <\/div>            \n        <\/div >\n       \n       <!-- German -->\n        <div id='ge' class='lan' style='display: none; text-align: justify;'>\n            <h1> Willkommen bei ARENA-Modul<\/h1>\n            <p>Hier besch\u00e4ftigen sich Gruppen multidisziplin\u00e4rer Expert:innen mit F\u00e4llen von Radikalisierung und\/oder Polarisierung. Sie arbeiten gemeinsam an L\u00f6sungen und geben Empfehlungen an First-Line Practitioners (kurz: FLPs). Registrieren Sie sich als FLP\/Expert:in und stellen Sie uns Ihr Fachwissen zur Verf\u00fcgung. Tauschen Sie sich mit anderen Fachleuten aus, sichten Sie F\u00e4lle von Radikalisierung und\/oder Polarisierung, geben Sie Handlungsempfehlungen, teilen Sie Ihre Best Practice Erfahrungen und unterst\u00fctzen Sie Kolleg:innen in ihrer t\u00e4glichen Arbeit gegen Radikalisierung und\/oder Polarisierung.<\/p>\n            <br>\n            <a class=\"login_links button\" id=\"start_arena\" >Login<\/a>\n            <a class=\"login_links button\" id='start_registration' >Registrierung<\/a>\n        <\/div >\n\n        <!-- Hungarian -->\n        <div id='hun' class='lan' style='display: none; text-align: justify;'>\n            <h1> \u00dcdv\u00f6z\u00f6lj\u00fck az ARENA modulban<\/h1>\n            <p>Az ARENA platformot a radikaliz\u00e1l\u00f3d\u00e1s \u00e9s a polariz\u00e1ci\u00f3 kezel\u00e9s\u00e9vel foglalkoz\u00f3 szak\u00e9rt\u0151k \u00f6sszekapcsol\u00e1s\u00e1ra hozt\u00e1k l\u00e9tre. Ez a t\u00f6bb \u00fcgyn\u00f6ks\u00e9get mag\u00e1ban foglal\u00f3 szak\u00e9rt\u0151i csoport egy\u00fcttm\u0171k\u00f6dve hat\u00e9kony \u00e9s id\u0151szer\u0171 v\u00e1laszokat \u00e9s megel\u0151z\u0151 int\u00e9zked\u00e9seket hoz l\u00e9tre a radikaliz\u00e1l\u00f3d\u00e1s, a gy\u0171l\u00f6let \u00e9s a sz\u00e9ls\u0151s\u00e9gess\u00e9g k\u00e9rd\u00e9seinek \u00e9s esem\u00e9nyeinek kezel\u00e9se \u00e9rdek\u00e9ben, valamint aj\u00e1nl\u00e1sokat \u00e9s t\u00e1mogat\u00e1st ny\u00fajt az els\u0151rend\u0171 szakembereknek. Az ARENA haszn\u00e1lat\u00e1hoz: Regisztr\u00e1ljon First-Line Practitioner (FLP) \/ szak\u00e9rt\u0151k\u00e9nt. Az FLP-k k\u00f6z\u00f6tt lehetnek k\u00f6z\u00f6ss\u00e9gi munk\u00e1sok, szoci\u00e1lis munk\u00e1sok, tan\u00e1rok, ifj\u00fas\u00e1gi dolgoz\u00f3k, helyi \u00f6nkorm\u00e1nyzati tisztvisel\u0151k, b\u0171n\u00fcld\u00f6z\u0151 tisztvisel\u0151k \u00e9s m\u00e9g sok m\u00e1s. Itt r\u00f6viden \u00e1ttekintheti munk\u00e1j\u00e1t \u00e9s szakter\u00fclet\u00e9t. Kapcsolatba l\u00e9phet m\u00e1s szak\u00e9rt\u0151kkel, megoszthatja \u00e9s fel\u00fclvizsg\u00e1lhatja a radikaliz\u00e1l\u00f3d\u00e1s \u00e9s \/ vagy a polariz\u00e1ci\u00f3 eseteit, javaslatokat tehet \u00e9s megoszthatja a bev\u00e1lt gyakorlatokat a megel\u0151z\u00e9s \u00e9s a reag\u00e1l\u00e1s jav\u00edt\u00e1s\u00e1nak el\u0151seg\u00edt\u00e9se \u00e9rdek\u00e9ben, valamint t\u00e1mogathatja els\u0151 vonalbeli orvosait<\/p>\n            <br>\n            <a class=\"login_links button\" id=\"start_arena\" >Bel\u00e9p\u00e9s<\/a>\n            <a class=\"login_links button\" id='start_registration' >Regisztr\u00e1ci\u00f3<\/a>\n        <\/div >\n        \n        <!-- Polish -->\n        <div id='pol' class='lan' style='display: none; text-align: justify;'>\n            <h1> Witamy w module ARENA<\/h1>\n            <p>Platforma ARENA ma za zadanie u\u0142atwia\u0107 wsp\u00f3\u0142prac\u0119 ekspertom i ekspertkom z r\u00f3\u017cnych dziedzin w zakresie zapobiegania i przeciwdzia\u0142ania polaryzacji spo\u0142ecznej i radykalizacji. Za jej po\u015brednictwem mi\u0119dzysektorowa grupa specjalist\u00f3w i specjalistek mo\u017ce wsp\u00f3lnie pracowa\u0107 nad rekomendacjami dotycz\u0105cymi zdarze\u0144 zwi\u0105zanych z radykalizacj\u0105 i ekstremizmem. Nast\u0119pnie rekomendacje przesy\u0142ane s\u0105 osobom zg\u0142aszaj\u0105cym zdarzenia zwi\u0105zane z radykalizacj\u0105 na platformie ALERT. Aby korzysta\u0107 z ARENY, zarejestruj si\u0119 na platformie jako ekspert(-ka), pokr\u00f3tce opisuj\u0105c swoj\u0105 dziedzin\u0119 pracy oraz do\u015bwiadczenie w zakresie zapobiegania i przeciwdzia\u0142ania radykalizacji. Nast\u0119pnie nawi\u0105\u017c kontakt z innymi specjalistami i specjalistkami z r\u00f3\u017cnych dziedzin, aby wsp\u00f3lnie wymienia\u0107 si\u0119 opiniami i wsp\u00f3\u0142pracowa\u0107 przy tworzeniu rekomendacji dla zg\u0142aszanych zdarze\u0144. <\/p>\n            <br>\n            <a class=\"login_links button\" id=\"start_arena\" >Login<\/a>\n            <a class=\"login_links button\" id='start_registration' >Rejestracja<\/a>\n        <\/div >\n        \n        <!-- Romanian -->\n        <div id='ro' class='lan' style='display: none; text-align: justify;'>\n            <h1> Bine a\u021bi venit la modulul ARENA<\/h1>\n            <p>Platforma ARENA a fost creat\u0103 pentru a pune \u00een leg\u0103tur\u0103 exper\u021bi pe probleme de radicalizare \u0219i polarizare. Acest grup  multi-agen\u021bie de exper\u021bi lucreaz\u0103 \u00eempreun\u0103 pentru a g\u0103si r\u0103spunsuri actuale \u0219i eficiente \u0219i m\u0103suri preventive contra incidentelor de radicalizare, ur\u0103 \u0219i extremism \u0219i pentru a aduce recomand\u0103ri \u0219i suport pentru practicieni. Pentru a folosi ARENA pute\u021bi s\u0103: - v\u0103 \u00eenregistra\u021bi ca First Line Practioner (FLP)\/Expet. \u00cen categoria FLP sunt inclu\u0219i lucr\u0103tori \u00een comunitate, lucr\u0103tori sociali, profesori, lucr\u0103tori de tineret, oficiali guvernamentali locali, for\u021be de ordine etc. Aici pute\u021bi \u00eemp\u0103rt\u0103\u0219i pe scurt despre ariile \u00een care ave\u021bi experien\u021b\u0103 \u0219i expertiz\u0103; - v\u0103 intra\u021bi \u00een leg\u0103tur\u0103 cu al\u021bi exper\u021bi, s\u0103 \u00eemp\u0103rt\u0103\u0219i\u021bi \u0219i s\u0103 analiza\u021bi cazuri de radicalizare \u0219i polarizare, s\u0103 recomanda\u021bi ac\u021biuni \u0219i s\u0103 \u00eemp\u0103rt\u0103\u0219i\u021bi bune practici pentru preven\u021bie \u0219i r\u0103spuns \u0219i s\u0103 veni\u021bi \u00een sprijinul grupului de FLP.<\/p>\n            <br>\n            <a class=\"login_links button\" id=\"start_arena\" >Login<\/a>\n            <a class=\"login_links button\" id='start_registration' >\u00cenregistrare<\/a>\n        <\/div >\n        <\/div>\n        <\/div>\n        \n            <script src=\"https:\/\/code.jquery.com\/jquery-3.5.1.min.js\"><\/script>\n            <script src=\"https:\/\/cdnjs.cloudflare.com\/ajax\/libs\/jquery-confirm\/3.3.2\/jquery-confirm.min.js\"><\/script>\n            <script>\n            \n                $(document).ready(function(){\n                    $('#lang_select').on('change', function() {\n                        $('.lan').hide();\n                        $('#'+ $(this).val()).show();\n                    });\n                });\n          \n             <\/script>\n        <br \/>\n<img decoding=\"async\" style=\"width:100%;\" src=\"https:\/\/www.firstlinepractitioners.com\/wp-content\/uploads\/2021\/05\/arena_rom.png\" \/><\/p>\n","protected":false},"excerpt":{"rendered":"","protected":false},"author":1,"featured_media":0,"parent":0,"menu_order":0,"comment_status":"closed","ping_status":"closed","template":"","meta":{"footnotes":""},"yoast_head":"<!-- This site is optimized with the Yoast SEO plugin v21.3 - https:\/\/yoast.com\/wordpress\/plugins\/seo\/ -->\n<title>Arena Login - FIRST-LINE PRACTITIONERS<\/title>\n<meta name=\"robots\" content=\"index, follow, max-snippet:-1, max-image-preview:large, max-video-preview:-1\" \/>\n<link rel=\"canonical\" href=\"https:\/\/www.firstlinepractitioners.com\/arena-2\/\" \/>\n<meta property=\"og:locale\" content=\"ro_RO\" \/>\n<meta property=\"og:type\" content=\"article\" \/>\n<meta property=\"og:title\" content=\"Arena Login - FIRST-LINE PRACTITIONERS\" \/>\n<meta property=\"og:url\" content=\"https:\/\/www.firstlinepractitioners.com\/arena-2\/\" \/>\n<meta property=\"og:site_name\" content=\"FIRST-LINE PRACTITIONERS\" \/>\n<meta property=\"og:image\" content=\"https:\/\/www.firstlinepractitioners.com\/wp-content\/uploads\/2021\/05\/arena_rom.png\" \/>\n<meta name=\"twitter:card\" content=\"summary_large_image\" \/>\n<script type=\"application\/ld+json\" class=\"yoast-schema-graph\">{\"@context\":\"https:\/\/schema.org\",\"@graph\":[{\"@type\":\"WebPage\",\"@id\":\"https:\/\/www.firstlinepractitioners.com\/arena-2\/\",\"url\":\"https:\/\/www.firstlinepractitioners.com\/arena-2\/\",\"name\":\"Arena Login - FIRST-LINE PRACTITIONERS\",\"isPartOf\":{\"@id\":\"https:\/\/www.firstlinepractitioners.com\/el\/#website\"},\"datePublished\":\"2021-05-12T11:54:30+00:00\",\"dateModified\":\"2021-05-12T11:54:30+00:00\",\"breadcrumb\":{\"@id\":\"https:\/\/www.firstlinepractitioners.com\/arena-2\/#breadcrumb\"},\"inLanguage\":\"ro-RO\",\"potentialAction\":[{\"@type\":\"ReadAction\",\"target\":[\"https:\/\/www.firstlinepractitioners.com\/arena-2\/\"]}]},{\"@type\":\"BreadcrumbList\",\"@id\":\"https:\/\/www.firstlinepractitioners.com\/arena-2\/#breadcrumb\",\"itemListElement\":[{\"@type\":\"ListItem\",\"position\":1,\"name\":\"Home\",\"item\":\"https:\/\/www.firstlinepractitioners.com\/\"},{\"@type\":\"ListItem\",\"position\":2,\"name\":\"Arena Login\"}]},{\"@type\":\"WebSite\",\"@id\":\"https:\/\/www.firstlinepractitioners.com\/el\/#website\",\"url\":\"https:\/\/www.firstlinepractitioners.com\/el\/\",\"name\":\"FIRST-LINE PRACTITIONERS\",\"description\":\"Curricula - Knowledge - Navigation\",\"potentialAction\":[{\"@type\":\"SearchAction\",\"target\":{\"@type\":\"EntryPoint\",\"urlTemplate\":\"https:\/\/www.firstlinepractitioners.com\/el\/?s={search_term_string}\"},\"query-input\":\"required name=search_term_string\"}],\"inLanguage\":\"ro-RO\"}]}<\/script>\n<!-- \/ Yoast SEO plugin. -->","yoast_head_json":{"title":"Arena Login - FIRST-LINE PRACTITIONERS","robots":{"index":"index","follow":"follow","max-snippet":"max-snippet:-1","max-image-preview":"max-image-preview:large","max-video-preview":"max-video-preview:-1"},"canonical":"https:\/\/www.firstlinepractitioners.com\/arena-2\/","og_locale":"ro_RO","og_type":"article","og_title":"Arena Login - FIRST-LINE PRACTITIONERS","og_url":"https:\/\/www.firstlinepractitioners.com\/arena-2\/","og_site_name":"FIRST-LINE PRACTITIONERS","og_image":[{"url":"https:\/\/www.firstlinepractitioners.com\/wp-content\/uploads\/2021\/05\/arena_rom.png"}],"twitter_card":"summary_large_image","schema":{"@context":"https:\/\/schema.org","@graph":[{"@type":"WebPage","@id":"https:\/\/www.firstlinepractitioners.com\/arena-2\/","url":"https:\/\/www.firstlinepractitioners.com\/arena-2\/","name":"Arena Login - FIRST-LINE PRACTITIONERS","isPartOf":{"@id":"https:\/\/www.firstlinepractitioners.com\/el\/#website"},"datePublished":"2021-05-12T11:54:30+00:00","dateModified":"2021-05-12T11:54:30+00:00","breadcrumb":{"@id":"https:\/\/www.firstlinepractitioners.com\/arena-2\/#breadcrumb"},"inLanguage":"ro-RO","potentialAction":[{"@type":"ReadAction","target":["https:\/\/www.firstlinepractitioners.com\/arena-2\/"]}]},{"@type":"BreadcrumbList","@id":"https:\/\/www.firstlinepractitioners.com\/arena-2\/#breadcrumb","itemListElement":[{"@type":"ListItem","position":1,"name":"Home","item":"https:\/\/www.firstlinepractitioners.com\/"},{"@type":"ListItem","position":2,"name":"Arena Login"}]},{"@type":"WebSite","@id":"https:\/\/www.firstlinepractitioners.com\/el\/#website","url":"https:\/\/www.firstlinepractitioners.com\/el\/","name":"FIRST-LINE PRACTITIONERS","description":"Curricula - Knowledge - Navigation","potentialAction":[{"@type":"SearchAction","target":{"@type":"EntryPoint","urlTemplate":"https:\/\/www.firstlinepractitioners.com\/el\/?s={search_term_string}"},"query-input":"required name=search_term_string"}],"inLanguage":"ro-RO"}]}},"_links":{"self":[{"href":"https:\/\/www.firstlinepractitioners.com\/ro\/wp-json\/wp\/v2\/pages\/11136"}],"collection":[{"href":"https:\/\/www.firstlinepractitioners.com\/ro\/wp-json\/wp\/v2\/pages"}],"about":[{"href":"https:\/\/www.firstlinepractitioners.com\/ro\/wp-json\/wp\/v2\/types\/page"}],"author":[{"embeddable":true,"href":"https:\/\/www.firstlinepractitioners.com\/ro\/wp-json\/wp\/v2\/users\/1"}],"replies":[{"embeddable":true,"href":"https:\/\/www.firstlinepractitioners.com\/ro\/wp-json\/wp\/v2\/comments?post=11136"}],"version-history":[{"count":0,"href":"https:\/\/www.firstlinepractitioners.com\/ro\/wp-json\/wp\/v2\/pages\/11136\/revisions"}],"wp:attachment":[{"href":"https:\/\/www.firstlinepractitioners.com\/ro\/wp-json\/wp\/v2\/media?parent=11136"}],"curies":[{"name":"wp","href":"https:\/\/api.w.org\/{rel}","templated":true}]}}