{"id":7938,"date":"2017-10-09T11:31:17","date_gmt":"2017-10-09T11:31:17","guid":{"rendered":"http:\/\/www.firstlinepractitioners.com\/takedown-project\/"},"modified":"2019-09-26T09:28:56","modified_gmt":"2019-09-26T09:28:56","slug":"takedown-project","status":"publish","type":"page","link":"https:\/\/www.firstlinepractitioners.com\/ro\/takedown-project\/","title":{"rendered":"Takedown Project"},"content":{"rendered":"<p>[vc_section css=&#8221;.vc_custom_1523017027877{padding-bottom: 100px !important;}&#8221;][vc_row][vc_column width=&#8221;3\/4&#8243;][vc_row_inner][vc_column_inner width=&#8221;3\/4&#8243;]\t<div  class=\"bs-shortcode bs-heading-shortcode bscb-53728 bsb-have-heading-color\">\r\n\t\t\t\t<h3 class=\"section-heading sh-t6 sh-s6\">\r\n\t\t\t\t<span class=\"h-text\">ISTORICUL PLATFORMEI FIRST-LINE PRACTITIONERS<\/span>\r\n\t\t\t\t<\/h3>\r\n\t\t\t<\/div>\r\n[\/vc_column_inner][vc_column_inner width=&#8221;1\/4&#8243;]\t\t<div\n\t\t\tclass=\"better-studio-shortcode bsc-clearfix better-social-counter style-button colored in-4-col \">\n\t\t\t\t\t\t<ul class=\"social-list bsc-clearfix\"><li class=\"social-item twitter\"><a href=\"http:\/\/twitter.com\/@FLPractitioners\" target=\"_blank\"><i class=\"item-icon bsfi-twitter\"><\/i><span class=\"item-title\">Followers<\/span><\/a><\/li><li class=\"social-item youtube\"><a href=\"#\" target=\"_blank\"><i class=\"item-icon bsfi-youtube\"><\/i><span class=\"item-title\">Subscribers<\/span><\/a><\/li>\t\t\t<\/ul>\n\t\t<\/div>\n\t\t[\/vc_column_inner][\/vc_row_inner][vc_column_text]At\u00e2t criminalitatea organizat\u0103 (CO) c\u00e2t \u0219i re\u021belele teroriste (RT) sunt amenin\u021b\u0103ri majore pentru Uniunea European\u0103 \u0219i pentru popula\u021bia sa. Pe de o parte, num\u0103rul \u0219i valoarea bunurilor confiscate de la re\u021belele de criminalitate organizat\u0103 se afl\u0103 \u00een cre\u0219tere \u00een Europa, ceea ce indic\u0103 o intensificare a activit\u0103\u021bii pe continent, precum \u0219i faptul c\u0103 reprezint\u0103 o provocare pentru economia legal\u0103 sau baza de impozitare a multor state-na\u021biune. Pe de alt\u0103 parte, Europa are de a face cu un num\u0103r cresc\u00e2nd de indivizi recruta\u021bi pe teritoriul s\u0103u ca lupt\u0103tori str\u0103ini ori pentru actacuri teroriste. Dincolo de implica\u021biile directe, se creeaz\u0103 \u0219i o atmosfer\u0103 de team\u0103.<\/p>\n<p>Mai mult, costul economic al preven\u021biei \u0219i al combaterii CO \u0219i RT este \u00een cre\u0219tere. Acest aspect este important cu prec\u0103dere atunci c\u00e2nd se pun \u00een aplicare m\u0103suri de austeritate, c\u00e2nd diminuarea num\u0103rului programelor de integrare \u0219i sprijin pentru grupurile marginalizate dilat\u0103 grani\u021bele dintre mediile sociale. P\u00e2n\u0103 \u0219i \u00een societ\u0103\u021bile presupus egalitare, zidurile din interiorul societ\u0103\u021bilor se \u00eenmul\u021besc \u0219i produc clase de oameni l\u0103sa\u021bi \u00een urm\u0103, care nu au nicio \u0219ans\u0103 la mobilitate social\u0103 ascendent\u0103. Tinerii, persoane care nu beneficiaz\u0103 de perspective, sunt adesea cei care risc\u0103 s\u0103 ajung\u0103 \u00een organiza\u021bii infrac\u021bionale ori teroriste. Combina\u021bia de provoc\u0103ri \u0219i politici este cea care pune la \u00eencercare coeziunea Europei.[\/vc_column_text][vc_row_inner][vc_column_inner]\t<div  class=\"bs-shortcode bs-heading-shortcode bscb-49308 bsb-have-heading-color\">\r\n\t\t\t\t<h3 class=\"section-heading sh-t6 sh-s6\">\r\n\t\t\t\t<span class=\"h-text\">COORDONAREA PLATFORMEI FIRST-LINE PRACTITIONERS<\/span>\r\n\t\t\t\t<\/h3>\r\n\t\t\t<\/div>\r\n[vc_column_text]<strong>TAKEDOWN &#8211; IDENTIFICARE, PREVEN\u021aIE \u0218I R\u0102SPUNS LA CRIMINALITATE ORGANIZAT\u0102 \u0218I RE\u021aELE TERORISTE<\/strong><\/p>\n<p>Acestea sunt axele principale ale proiectului TAKEDOWN, care este derulat de 18 institu\u021bii partenere europene. Parteneriatul dintre cadre didactice, cercet\u0103tori, profesioni\u0219ti, exper\u021bi \u00een programe informatice de securitate \u0219i re\u021bele \u0219i agen\u021bii de aplicare a legii este finan\u021bat prin programul-cadru pentru cercetare \u0219i inovare al Uniunii Europene Orizont 2020. TAKEDOWN elaboreaz\u0103 r\u0103spunsuri la amenin\u021b\u0103ri infrac\u021bionale printr-o abordare multidimensional\u0103 care include aspecte sociale, psihologice, economice \u0219i culturale, \u0219i integreaz\u0103 instrumente tehnologice de preven\u021bie \u0219i abord\u0103ri societale de preven\u021bie \u00een elaborarea solutiilor.<\/p>\n<p>Mai multe informa\u021bii: <a href=\"https:\/\/www.takedownproject.eu\/\">Project website<\/a>[\/vc_column_text][vc_video link=&#8221;https:\/\/www.youtube.com\/watch?v=ipPYpmcb3BY&#8221;][\/vc_column_inner][\/vc_row_inner][\/vc_column][vc_column width=&#8221;1\/4&#8243;][vc_widget_sidebar sidebar_id=&#8221;cs-2&#8243;][\/vc_column][\/vc_row][\/vc_section]<\/p>\n","protected":false},"excerpt":{"rendered":"<p>[vc_section css=&#8221;.vc_custom_1523017027877{padding-bottom: 100px !important;}&#8221;][vc_row][vc_column width=&#8221;3\/4&#8243;][vc_row_inner][vc_column_inner width=&#8221;3\/4&#8243;][\/vc_column_inner][vc_column_inner width=&#8221;1\/4&#8243;][\/vc_column_inner][\/vc_row_inner][vc_column_text]At\u00e2t criminalitatea organizat\u0103 (CO) c\u00e2t \u0219i re\u021belele teroriste (RT) sunt amenin\u021b\u0103ri majore pentru Uniunea European\u0103 \u0219i pentru popula\u021bia sa. Pe de o parte, num\u0103rul \u0219i valoarea bunurilor confiscate de la re\u021belele de criminalitate organizat\u0103 se afl\u0103 \u00een cre\u0219tere \u00een Europa, ceea ce indic\u0103 o intensificare a activit\u0103\u021bii pe continent,<\/p>\n","protected":false},"author":4,"featured_media":0,"parent":0,"menu_order":0,"comment_status":"closed","ping_status":"closed","template":"","meta":{"footnotes":""},"yoast_head":"<!-- This site is optimized with the Yoast SEO plugin v21.3 - https:\/\/yoast.com\/wordpress\/plugins\/seo\/ -->\n<title>Takedown Project - FIRST-LINE PRACTITIONERS<\/title>\n<meta name=\"robots\" content=\"index, follow, max-snippet:-1, max-image-preview:large, max-video-preview:-1\" \/>\n<link rel=\"canonical\" href=\"https:\/\/www.firstlinepractitioners.com\/takedown-project\/\" \/>\n<meta property=\"og:locale\" content=\"ro_RO\" \/>\n<meta property=\"og:type\" content=\"article\" \/>\n<meta property=\"og:title\" content=\"Takedown Project - FIRST-LINE PRACTITIONERS\" \/>\n<meta property=\"og:description\" content=\"[vc_section css=&#8221;.vc_custom_1523017027877{padding-bottom: 100px !important;}&#8221;][vc_row][vc_column width=&#8221;3\/4&#8243;][vc_row_inner][vc_column_inner width=&#8221;3\/4&#8243;][\/vc_column_inner][vc_column_inner width=&#8221;1\/4&#8243;][\/vc_column_inner][\/vc_row_inner][vc_column_text]At\u00e2t criminalitatea organizat\u0103 (CO) c\u00e2t \u0219i re\u021belele teroriste (RT) sunt amenin\u021b\u0103ri majore pentru Uniunea European\u0103 \u0219i pentru popula\u021bia sa. Pe de o parte, num\u0103rul \u0219i valoarea bunurilor confiscate de la re\u021belele de criminalitate organizat\u0103 se afl\u0103 \u00een cre\u0219tere \u00een Europa, ceea ce indic\u0103 o intensificare a activit\u0103\u021bii pe continent,\" \/>\n<meta property=\"og:url\" content=\"https:\/\/www.firstlinepractitioners.com\/takedown-project\/\" \/>\n<meta property=\"og:site_name\" content=\"FIRST-LINE PRACTITIONERS\" \/>\n<meta property=\"article:modified_time\" content=\"2019-09-26T09:28:56+00:00\" \/>\n<meta name=\"twitter:card\" content=\"summary_large_image\" \/>\n<meta name=\"twitter:label1\" content=\"Timp estimat pentru citire\" \/>\n\t<meta name=\"twitter:data1\" content=\"2 minute\" \/>\n<script type=\"application\/ld+json\" class=\"yoast-schema-graph\">{\"@context\":\"https:\/\/schema.org\",\"@graph\":[{\"@type\":\"WebPage\",\"@id\":\"https:\/\/www.firstlinepractitioners.com\/takedown-project\/\",\"url\":\"https:\/\/www.firstlinepractitioners.com\/takedown-project\/\",\"name\":\"Takedown Project - FIRST-LINE PRACTITIONERS\",\"isPartOf\":{\"@id\":\"https:\/\/www.firstlinepractitioners.com\/el\/#website\"},\"datePublished\":\"2017-10-09T11:31:17+00:00\",\"dateModified\":\"2019-09-26T09:28:56+00:00\",\"breadcrumb\":{\"@id\":\"https:\/\/www.firstlinepractitioners.com\/takedown-project\/#breadcrumb\"},\"inLanguage\":\"ro-RO\",\"potentialAction\":[{\"@type\":\"ReadAction\",\"target\":[\"https:\/\/www.firstlinepractitioners.com\/takedown-project\/\"]}]},{\"@type\":\"BreadcrumbList\",\"@id\":\"https:\/\/www.firstlinepractitioners.com\/takedown-project\/#breadcrumb\",\"itemListElement\":[{\"@type\":\"ListItem\",\"position\":1,\"name\":\"Home\",\"item\":\"https:\/\/www.firstlinepractitioners.com\/\"},{\"@type\":\"ListItem\",\"position\":2,\"name\":\"Takedown Project\"}]},{\"@type\":\"WebSite\",\"@id\":\"https:\/\/www.firstlinepractitioners.com\/el\/#website\",\"url\":\"https:\/\/www.firstlinepractitioners.com\/el\/\",\"name\":\"FIRST-LINE PRACTITIONERS\",\"description\":\"Curricula - Knowledge - Navigation\",\"potentialAction\":[{\"@type\":\"SearchAction\",\"target\":{\"@type\":\"EntryPoint\",\"urlTemplate\":\"https:\/\/www.firstlinepractitioners.com\/el\/?s={search_term_string}\"},\"query-input\":\"required name=search_term_string\"}],\"inLanguage\":\"ro-RO\"}]}<\/script>\n<!-- \/ Yoast SEO plugin. -->","yoast_head_json":{"title":"Takedown Project - FIRST-LINE PRACTITIONERS","robots":{"index":"index","follow":"follow","max-snippet":"max-snippet:-1","max-image-preview":"max-image-preview:large","max-video-preview":"max-video-preview:-1"},"canonical":"https:\/\/www.firstlinepractitioners.com\/takedown-project\/","og_locale":"ro_RO","og_type":"article","og_title":"Takedown Project - FIRST-LINE PRACTITIONERS","og_description":"[vc_section css=&#8221;.vc_custom_1523017027877{padding-bottom: 100px !important;}&#8221;][vc_row][vc_column width=&#8221;3\/4&#8243;][vc_row_inner][vc_column_inner width=&#8221;3\/4&#8243;][\/vc_column_inner][vc_column_inner width=&#8221;1\/4&#8243;][\/vc_column_inner][\/vc_row_inner][vc_column_text]At\u00e2t criminalitatea organizat\u0103 (CO) c\u00e2t \u0219i re\u021belele teroriste (RT) sunt amenin\u021b\u0103ri majore pentru Uniunea European\u0103 \u0219i pentru popula\u021bia sa. Pe de o parte, num\u0103rul \u0219i valoarea bunurilor confiscate de la re\u021belele de criminalitate organizat\u0103 se afl\u0103 \u00een cre\u0219tere \u00een Europa, ceea ce indic\u0103 o intensificare a activit\u0103\u021bii pe continent,","og_url":"https:\/\/www.firstlinepractitioners.com\/takedown-project\/","og_site_name":"FIRST-LINE PRACTITIONERS","article_modified_time":"2019-09-26T09:28:56+00:00","twitter_card":"summary_large_image","twitter_misc":{"Timp estimat pentru citire":"2 minute"},"schema":{"@context":"https:\/\/schema.org","@graph":[{"@type":"WebPage","@id":"https:\/\/www.firstlinepractitioners.com\/takedown-project\/","url":"https:\/\/www.firstlinepractitioners.com\/takedown-project\/","name":"Takedown Project - FIRST-LINE PRACTITIONERS","isPartOf":{"@id":"https:\/\/www.firstlinepractitioners.com\/el\/#website"},"datePublished":"2017-10-09T11:31:17+00:00","dateModified":"2019-09-26T09:28:56+00:00","breadcrumb":{"@id":"https:\/\/www.firstlinepractitioners.com\/takedown-project\/#breadcrumb"},"inLanguage":"ro-RO","potentialAction":[{"@type":"ReadAction","target":["https:\/\/www.firstlinepractitioners.com\/takedown-project\/"]}]},{"@type":"BreadcrumbList","@id":"https:\/\/www.firstlinepractitioners.com\/takedown-project\/#breadcrumb","itemListElement":[{"@type":"ListItem","position":1,"name":"Home","item":"https:\/\/www.firstlinepractitioners.com\/"},{"@type":"ListItem","position":2,"name":"Takedown Project"}]},{"@type":"WebSite","@id":"https:\/\/www.firstlinepractitioners.com\/el\/#website","url":"https:\/\/www.firstlinepractitioners.com\/el\/","name":"FIRST-LINE PRACTITIONERS","description":"Curricula - Knowledge - Navigation","potentialAction":[{"@type":"SearchAction","target":{"@type":"EntryPoint","urlTemplate":"https:\/\/www.firstlinepractitioners.com\/el\/?s={search_term_string}"},"query-input":"required name=search_term_string"}],"inLanguage":"ro-RO"}]}},"_links":{"self":[{"href":"https:\/\/www.firstlinepractitioners.com\/ro\/wp-json\/wp\/v2\/pages\/7938"}],"collection":[{"href":"https:\/\/www.firstlinepractitioners.com\/ro\/wp-json\/wp\/v2\/pages"}],"about":[{"href":"https:\/\/www.firstlinepractitioners.com\/ro\/wp-json\/wp\/v2\/types\/page"}],"author":[{"embeddable":true,"href":"https:\/\/www.firstlinepractitioners.com\/ro\/wp-json\/wp\/v2\/users\/4"}],"replies":[{"embeddable":true,"href":"https:\/\/www.firstlinepractitioners.com\/ro\/wp-json\/wp\/v2\/comments?post=7938"}],"version-history":[{"count":2,"href":"https:\/\/www.firstlinepractitioners.com\/ro\/wp-json\/wp\/v2\/pages\/7938\/revisions"}],"predecessor-version":[{"id":7958,"href":"https:\/\/www.firstlinepractitioners.com\/ro\/wp-json\/wp\/v2\/pages\/7938\/revisions\/7958"}],"wp:attachment":[{"href":"https:\/\/www.firstlinepractitioners.com\/ro\/wp-json\/wp\/v2\/media?parent=7938"}],"curies":[{"name":"wp","href":"https:\/\/api.w.org\/{rel}","templated":true}]}}