{"id":10195,"date":"2020-07-23T11:38:44","date_gmt":"2020-07-23T11:38:44","guid":{"rendered":"http:\/\/www.firstlinepractitioners.com\/mindb4act-project\/"},"modified":"2023-08-25T07:45:07","modified_gmt":"2023-08-25T07:45:07","slug":"mindb4act-project","status":"publish","type":"page","link":"https:\/\/www.firstlinepractitioners.com\/sk\/mindb4act-project\/","title":{"rendered":"MINDb4ACT PROJECT"},"content":{"rendered":"<p>[vc_row][vc_column]\t<div  class=\"bs-shortcode bs-heading-shortcode bscb-58714 bsb-have-heading-color\">\r\n\t\t\t\t<h3 class=\"section-heading sh-t6 sh-s6\">\r\n\t\t\t\t<span class=\"h-text\">MINDb4ACT PROJECT<\/span>\r\n\t\t\t\t<\/h3>\r\n\t\t\t<\/div>\r\n[vc_single_image image=&#8220;11904&#8243; img_size=&#8220;full&#8220;][\/vc_column][\/vc_row][vc_row][vc_column width=&#8220;3\/4&#8243;][vc_row_inner][vc_column_inner width=&#8220;1\/4&#8243;][vc_single_image image=&#8220;10183&#8243; img_size=&#8220;large&#8220;][\/vc_column_inner][vc_column_inner width=&#8220;3\/4&#8243;][vc_column_text]<!--\n\n\n<thead> Groups the header content in a table\n\n\n<th> \tDefines a header cell in a table\n\n\n<tbody> Groups the body content in a table\n\n\n<td> \tDefines a cell in a table\n--><\/p>\n<div style=\"overflow-x: auto;\">\n<p><!--add responsives--><\/p>\n<table class=\"table table-striped\">\n<tbody>\n<tr>\n<th>\n<h4>Acronym<\/h4>\n<\/th>\n<td>\n<h5>MINDb4ACT<\/h5>\n<\/td>\n<\/tr>\n<tr>\n<th>\n<h4>Title<\/h4>\n<\/th>\n<td>\n<h5><span data-sheets-value=\"{&quot;1&quot;:2,&quot;2&quot;:&quot;Mapping, Identifying and Developing skills and opportunities in operating environments to co-create innovative, ethical and effective ACTions to tackle radicalization leading to violent extremism&quot;}\" data-sheets-userformat=\"{&quot;2&quot;:15233,&quot;3&quot;:{&quot;1&quot;:0},&quot;10&quot;:1,&quot;11&quot;:3,&quot;12&quot;:0,&quot;14&quot;:{&quot;1&quot;:2,&quot;2&quot;:0},&quot;15&quot;:&quot;Calibri&quot;,&quot;16&quot;:9}\">Mapping, Identifying and Developing skills and opportunities in operating environments to co-create innovative, ethical and effective ACTions to tackle radicalization leading to violent extremism<\/span><\/h5>\n<\/td>\n<\/tr>\n<tr>\n<th>\n<h4>Duration<\/h4>\n<\/th>\n<td>\n<h5>36 Months<\/h5>\n<\/td>\n<\/tr>\n<tr>\n<th>\n<h4>GA Number<\/h4>\n<\/th>\n<td>\n<h5><span data-sheets-value=\"{&quot;1&quot;:3,&quot;3&quot;:740543}\" data-sheets-userformat=\"{&quot;2&quot;:31681,&quot;3&quot;:{&quot;1&quot;:0},&quot;9&quot;:0,&quot;10&quot;:1,&quot;11&quot;:0,&quot;12&quot;:0,&quot;14&quot;:{&quot;1&quot;:2,&quot;2&quot;:0},&quot;15&quot;:&quot;Calibri&quot;,&quot;16&quot;:11,&quot;17&quot;:1}\">740543<\/span><\/h5>\n<\/td>\n<\/tr>\n<tr>\n<th>\n<h4>Topic ID<\/h4>\n<\/th>\n<td>\n<h5><span data-sheets-value=\"{&quot;1&quot;:2,&quot;2&quot;:&quot;H2020-SEC-2016-2017 &quot;}\" data-sheets-userformat=\"{&quot;2&quot;:14721,&quot;3&quot;:{&quot;1&quot;:0},&quot;10&quot;:1,&quot;11&quot;:0,&quot;14&quot;:{&quot;1&quot;:2,&quot;2&quot;:0},&quot;15&quot;:&quot;Calibri&quot;,&quot;16&quot;:9}\">SEC-06-FCT-2016<\/span><\/h5>\n<\/td>\n<\/tr>\n<tr>\n<th>\n<h4>Call<\/h4>\n<\/th>\n<td>\n<h5><span data-sheets-value=\"{&quot;1&quot;:2,&quot;2&quot;:&quot;H2020-SEC-2016-2017 &quot;}\" data-sheets-userformat=\"{&quot;2&quot;:14721,&quot;3&quot;:{&quot;1&quot;:0},&quot;10&quot;:1,&quot;11&quot;:0,&quot;14&quot;:{&quot;1&quot;:2,&quot;2&quot;:0},&quot;15&quot;:&quot;Calibri&quot;,&quot;16&quot;:9}\">H2020-SEC-2016-2017<\/span><\/h5>\n<\/td>\n<\/tr>\n<tr>\n<th>\n<h4>Funding Scheme<\/h4>\n<\/th>\n<td>\n<h5>Security<\/h5>\n<\/td>\n<\/tr>\n<tr>\n<th>\n<h4>Project Type<\/h4>\n<\/th>\n<td>\n<h5>RIA<\/h5>\n<\/td>\n<\/tr>\n<\/tbody>\n<\/table>\n<\/div>\n<p>[\/vc_column_text][\/vc_column_inner][\/vc_row_inner][vc_row_inner][vc_column_inner][vc_column_text]<b>MINDb4ACT<\/b> contributes to the\u00a0improvement\u00a0of the current\u00a0counter-violent extremism policies\u00a0(CVEs) in the countries represented in the consortium (Austria, Belgium, Denmark, France, Germany, Italy, Poland, Spain and United Kingdom), and to the\u00a0generation\u00a0of\u00a0new counter-violent extremism policies<b>\u00a0<\/b>exploring new insights and connecting to LEAs\u00a0through\u00a0collaboration ecosystems (=\u00a0living\u00a0labs, defined as innovative, open, participatory, user-centred environments).<\/p>\n<p>The main goal is to deliver policy recommendations extracted from validated results obtained from 4 kinds of actions:<\/p>\n<p>\u2013 research actions;<\/p>\n<p>\u2013 exchanges among LEAs;<\/p>\n<p>\u2013 strategic-policy exercises;<\/p>\n<p>\u2013 training courses and pilot projects.<\/p>\n<p>All actions are developed within the Living Labs to facilitate stable collaborations (\u201cKnowledge Partnerships\u201d) that improve current law enforcement techniques.<\/p>\n<p>The actions are developed in 4 specific environments:<\/p>\n<p>\u2013 prisons and judiciary system;<\/p>\n<p>\u2013 schools and learning centres;<\/p>\n<p>\u2013 local initiatives;<\/p>\n<p>\u2013 Internet and media.<\/p>\n<p>More information on the project: <a href=\"https:\/\/cordis.europa.eu\/project\/id\/740543\" target=\"_blank\" rel=\"noopener noreferrer\">https:\/\/cordis.europa.eu\/project\/id\/740543<\/a>[\/vc_column_text][\/vc_column_inner][\/vc_row_inner][\/vc_column][vc_column width=&#8220;1\/4&#8243;][vc_widget_sidebar sidebar_id=&#8220;cs-5&#8243; title=&#8220;Project newsfeeds&#8220;][\/vc_column][\/vc_row]<\/p>\n","protected":false},"excerpt":{"rendered":"<p>[vc_row][vc_column][vc_single_image image=&#8220;11904&#8243; img_size=&#8220;full&#8220;][\/vc_column][\/vc_row][vc_row][vc_column width=&#8220;3\/4&#8243;][vc_row_inner][vc_column_inner width=&#8220;1\/4&#8243;][vc_single_image image=&#8220;10183&#8243; img_size=&#8220;large&#8220;][\/vc_column_inner][vc_column_inner width=&#8220;3\/4&#8243;][vc_column_text] Acronym MINDb4ACT Title Mapping, Identifying and Developing skills and opportunities in operating environments to co-create innovative, ethical and effective ACTions to tackle radicalization leading to violent extremism Duration 36 Months GA Number 740543 Topic ID SEC-06-FCT-2016 Call H2020-SEC-2016-2017 Funding Scheme Security Project Type RIA [\/vc_column_text][\/vc_column_inner][\/vc_row_inner][vc_row_inner][vc_column_inner][vc_column_text]MINDb4ACT contributes to<\/p>\n","protected":false},"author":1,"featured_media":0,"parent":0,"menu_order":0,"comment_status":"closed","ping_status":"closed","template":"","meta":{"footnotes":""},"yoast_head":"<!-- This site is optimized with the Yoast SEO plugin v21.3 - https:\/\/yoast.com\/wordpress\/plugins\/seo\/ -->\n<title>MINDb4ACT PROJECT - FIRST-LINE PRACTITIONERS<\/title>\n<meta name=\"robots\" content=\"index, follow, max-snippet:-1, max-image-preview:large, max-video-preview:-1\" \/>\n<link rel=\"canonical\" href=\"https:\/\/www.firstlinepractitioners.com\/sk\/mindb4act-project\/\" \/>\n<meta property=\"og:locale\" content=\"sk_SK\" \/>\n<meta property=\"og:type\" content=\"article\" \/>\n<meta property=\"og:title\" content=\"MINDb4ACT PROJECT - FIRST-LINE PRACTITIONERS\" \/>\n<meta property=\"og:description\" content=\"[vc_row][vc_column][vc_single_image image=&#8220;11904&#8243; img_size=&#8220;full&#8220;][\/vc_column][\/vc_row][vc_row][vc_column width=&#8220;3\/4&#8243;][vc_row_inner][vc_column_inner width=&#8220;1\/4&#8243;][vc_single_image image=&#8220;10183&#8243; img_size=&#8220;large&#8220;][\/vc_column_inner][vc_column_inner width=&#8220;3\/4&#8243;][vc_column_text] Acronym MINDb4ACT Title Mapping, Identifying and Developing skills and opportunities in operating environments to co-create innovative, ethical and effective ACTions to tackle radicalization leading to violent extremism Duration 36 Months GA Number 740543 Topic ID SEC-06-FCT-2016 Call H2020-SEC-2016-2017 Funding Scheme Security Project Type RIA [\/vc_column_text][\/vc_column_inner][\/vc_row_inner][vc_row_inner][vc_column_inner][vc_column_text]MINDb4ACT contributes to\" \/>\n<meta property=\"og:url\" content=\"https:\/\/www.firstlinepractitioners.com\/sk\/mindb4act-project\/\" \/>\n<meta property=\"og:site_name\" content=\"FIRST-LINE PRACTITIONERS\" \/>\n<meta property=\"article:modified_time\" content=\"2023-08-25T07:45:07+00:00\" \/>\n<meta name=\"twitter:card\" content=\"summary_large_image\" \/>\n<meta name=\"twitter:label1\" content=\"Predpokladan\u00fd \u010das \u010d\u00edtania\" \/>\n\t<meta name=\"twitter:data1\" content=\"1 min\u00fata\" \/>\n<script type=\"application\/ld+json\" class=\"yoast-schema-graph\">{\"@context\":\"https:\/\/schema.org\",\"@graph\":[{\"@type\":\"WebPage\",\"@id\":\"https:\/\/www.firstlinepractitioners.com\/sk\/mindb4act-project\/\",\"url\":\"https:\/\/www.firstlinepractitioners.com\/sk\/mindb4act-project\/\",\"name\":\"MINDb4ACT PROJECT - FIRST-LINE PRACTITIONERS\",\"isPartOf\":{\"@id\":\"https:\/\/www.firstlinepractitioners.com\/el\/#website\"},\"datePublished\":\"2020-07-23T11:38:44+00:00\",\"dateModified\":\"2023-08-25T07:45:07+00:00\",\"breadcrumb\":{\"@id\":\"https:\/\/www.firstlinepractitioners.com\/sk\/mindb4act-project\/#breadcrumb\"},\"inLanguage\":\"sk-SK\",\"potentialAction\":[{\"@type\":\"ReadAction\",\"target\":[\"https:\/\/www.firstlinepractitioners.com\/sk\/mindb4act-project\/\"]}]},{\"@type\":\"BreadcrumbList\",\"@id\":\"https:\/\/www.firstlinepractitioners.com\/sk\/mindb4act-project\/#breadcrumb\",\"itemListElement\":[{\"@type\":\"ListItem\",\"position\":1,\"name\":\"Home\",\"item\":\"https:\/\/www.firstlinepractitioners.com\/\"},{\"@type\":\"ListItem\",\"position\":2,\"name\":\"MINDb4ACT PROJECT\"}]},{\"@type\":\"WebSite\",\"@id\":\"https:\/\/www.firstlinepractitioners.com\/el\/#website\",\"url\":\"https:\/\/www.firstlinepractitioners.com\/el\/\",\"name\":\"FIRST-LINE PRACTITIONERS\",\"description\":\"Curricula - Knowledge - Navigation\",\"potentialAction\":[{\"@type\":\"SearchAction\",\"target\":{\"@type\":\"EntryPoint\",\"urlTemplate\":\"https:\/\/www.firstlinepractitioners.com\/el\/?s={search_term_string}\"},\"query-input\":\"required name=search_term_string\"}],\"inLanguage\":\"sk-SK\"}]}<\/script>\n<!-- \/ Yoast SEO plugin. -->","yoast_head_json":{"title":"MINDb4ACT PROJECT - FIRST-LINE PRACTITIONERS","robots":{"index":"index","follow":"follow","max-snippet":"max-snippet:-1","max-image-preview":"max-image-preview:large","max-video-preview":"max-video-preview:-1"},"canonical":"https:\/\/www.firstlinepractitioners.com\/sk\/mindb4act-project\/","og_locale":"sk_SK","og_type":"article","og_title":"MINDb4ACT PROJECT - FIRST-LINE PRACTITIONERS","og_description":"[vc_row][vc_column][vc_single_image image=&#8220;11904&#8243; img_size=&#8220;full&#8220;][\/vc_column][\/vc_row][vc_row][vc_column width=&#8220;3\/4&#8243;][vc_row_inner][vc_column_inner width=&#8220;1\/4&#8243;][vc_single_image image=&#8220;10183&#8243; img_size=&#8220;large&#8220;][\/vc_column_inner][vc_column_inner width=&#8220;3\/4&#8243;][vc_column_text] Acronym MINDb4ACT Title Mapping, Identifying and Developing skills and opportunities in operating environments to co-create innovative, ethical and effective ACTions to tackle radicalization leading to violent extremism Duration 36 Months GA Number 740543 Topic ID SEC-06-FCT-2016 Call H2020-SEC-2016-2017 Funding Scheme Security Project Type RIA [\/vc_column_text][\/vc_column_inner][\/vc_row_inner][vc_row_inner][vc_column_inner][vc_column_text]MINDb4ACT contributes to","og_url":"https:\/\/www.firstlinepractitioners.com\/sk\/mindb4act-project\/","og_site_name":"FIRST-LINE PRACTITIONERS","article_modified_time":"2023-08-25T07:45:07+00:00","twitter_card":"summary_large_image","twitter_misc":{"Predpokladan\u00fd \u010das \u010d\u00edtania":"1 min\u00fata"},"schema":{"@context":"https:\/\/schema.org","@graph":[{"@type":"WebPage","@id":"https:\/\/www.firstlinepractitioners.com\/sk\/mindb4act-project\/","url":"https:\/\/www.firstlinepractitioners.com\/sk\/mindb4act-project\/","name":"MINDb4ACT PROJECT - FIRST-LINE PRACTITIONERS","isPartOf":{"@id":"https:\/\/www.firstlinepractitioners.com\/el\/#website"},"datePublished":"2020-07-23T11:38:44+00:00","dateModified":"2023-08-25T07:45:07+00:00","breadcrumb":{"@id":"https:\/\/www.firstlinepractitioners.com\/sk\/mindb4act-project\/#breadcrumb"},"inLanguage":"sk-SK","potentialAction":[{"@type":"ReadAction","target":["https:\/\/www.firstlinepractitioners.com\/sk\/mindb4act-project\/"]}]},{"@type":"BreadcrumbList","@id":"https:\/\/www.firstlinepractitioners.com\/sk\/mindb4act-project\/#breadcrumb","itemListElement":[{"@type":"ListItem","position":1,"name":"Home","item":"https:\/\/www.firstlinepractitioners.com\/"},{"@type":"ListItem","position":2,"name":"MINDb4ACT PROJECT"}]},{"@type":"WebSite","@id":"https:\/\/www.firstlinepractitioners.com\/el\/#website","url":"https:\/\/www.firstlinepractitioners.com\/el\/","name":"FIRST-LINE PRACTITIONERS","description":"Curricula - Knowledge - Navigation","potentialAction":[{"@type":"SearchAction","target":{"@type":"EntryPoint","urlTemplate":"https:\/\/www.firstlinepractitioners.com\/el\/?s={search_term_string}"},"query-input":"required name=search_term_string"}],"inLanguage":"sk-SK"}]}},"_links":{"self":[{"href":"https:\/\/www.firstlinepractitioners.com\/sk\/wp-json\/wp\/v2\/pages\/10195"}],"collection":[{"href":"https:\/\/www.firstlinepractitioners.com\/sk\/wp-json\/wp\/v2\/pages"}],"about":[{"href":"https:\/\/www.firstlinepractitioners.com\/sk\/wp-json\/wp\/v2\/types\/page"}],"author":[{"embeddable":true,"href":"https:\/\/www.firstlinepractitioners.com\/sk\/wp-json\/wp\/v2\/users\/1"}],"replies":[{"embeddable":true,"href":"https:\/\/www.firstlinepractitioners.com\/sk\/wp-json\/wp\/v2\/comments?post=10195"}],"version-history":[{"count":3,"href":"https:\/\/www.firstlinepractitioners.com\/sk\/wp-json\/wp\/v2\/pages\/10195\/revisions"}],"predecessor-version":[{"id":11973,"href":"https:\/\/www.firstlinepractitioners.com\/sk\/wp-json\/wp\/v2\/pages\/10195\/revisions\/11973"}],"wp:attachment":[{"href":"https:\/\/www.firstlinepractitioners.com\/sk\/wp-json\/wp\/v2\/media?parent=10195"}],"curies":[{"name":"wp","href":"https:\/\/api.w.org\/{rel}","templated":true}]}}