{"id":7928,"date":"2018-01-24T14:17:34","date_gmt":"2018-01-24T14:17:34","guid":{"rendered":"http:\/\/www.firstlinepractitioners.com\/contact\/"},"modified":"2020-05-05T11:31:13","modified_gmt":"2020-05-05T11:31:13","slug":"contact","status":"publish","type":"page","link":"https:\/\/www.firstlinepractitioners.com\/sk\/contact\/","title":{"rendered":"Contact"},"content":{"rendered":"<p>[vc_row content_placement=&#8220;middle&#8220; css=&#8220;.vc_custom_1517921663488{padding-right: 0px !important;padding-left: 0px !important;}&#8220;][vc_column]<div data-id=\"mpc_map-5869e1e2bdda530\" class=\"mpc-map-wrap  mpc-custom-height\" ><p class=\"mpc-error\">If you see this Google Maps wasn't properly loaded. Please refresh your page \ud83d\ude42<\/p><div class=\"mpc-map mpc-init \" data-map-options=\"{&quot;disable_auto_zoom&quot;:true,&quot;zoom&quot;:&quot;15&quot;,&quot;disable_auto_location&quot;:true,&quot;location&quot;:{&quot;latitude&quot;:48.19517339999999,&quot;longitude&quot;:16.3493933},&quot;disable_ui&quot;:false,&quot;disable_scroll_wheel&quot;:false,&quot;style&quot;:&quot;blue_water&quot;,&quot;markers&quot;:[{&quot;location&quot;:{&quot;latitude&quot;:48.19517339999999,&quot;longitude&quot;:16.3493933},&quot;icon_url&quot;:&quot;https:\\\/\\\/www.firstlinepractitioners.com\\\/wp-content\\\/uploads\\\/2018\\\/02\\\/marker.png&quot;}]}\"><\/div><\/div>[\/vc_column][\/vc_row][vc_row][vc_column][vc_separator color=&#8220;white&#8220;][\/vc_column][\/vc_row][vc_row][vc_column width=&#8220;2\/3&#8243;]\t<div\r\n\t\t\t\t\tclass=\"bs-shortcode bs-text bscb-93350 bsb-have-heading-color\">\r\n\t\t\t\t<h3 class=\"section-heading sh-t6 sh-s6\">\r\n\t\t\t\t<span class=\"h-text\">SEND US A MESSAGE<\/span>\r\n\t\t\t\t<\/h3>\r\n\t\t\t\t<div class=\"bs-text-content\">\r\n\t\t\t<p>If you have any questions about the project, please get in touch with the project office. We will do our best to get back to you as soon as possible.<\/p>\n<p>\n\t\t<\/div>\r\n\t<\/div><!-- .bs-text -->\r\n\n<div class=\"wpcf7 no-js\" id=\"wpcf7-f6402-o1\" lang=\"en-US\" dir=\"ltr\">\n<div class=\"screen-reader-response\"><p role=\"status\" aria-live=\"polite\" aria-atomic=\"true\"><\/p> <ul><\/ul><\/div>\n<form action=\"\/sk\/wp-json\/wp\/v2\/pages\/7928#wpcf7-f6402-o1\" method=\"post\" class=\"wpcf7-form init\" aria-label=\"Contact form\" novalidate=\"novalidate\" data-status=\"init\">\n<div style=\"display: none;\">\n<input type=\"hidden\" name=\"_wpcf7\" value=\"6402\" \/>\n<input type=\"hidden\" name=\"_wpcf7_version\" value=\"5.7.7\" \/>\n<input type=\"hidden\" name=\"_wpcf7_locale\" value=\"en_US\" \/>\n<input type=\"hidden\" name=\"_wpcf7_unit_tag\" value=\"wpcf7-f6402-o1\" \/>\n<input type=\"hidden\" name=\"_wpcf7_container_post\" value=\"0\" \/>\n<input type=\"hidden\" name=\"_wpcf7_posted_data_hash\" value=\"\" \/>\n<\/div>\n<p><span class=\"wpcf7-form-control-wrap\" data-name=\"your-name\"><input size=\"40\" class=\"wpcf7-form-control wpcf7-text wpcf7-validates-as-required\" aria-required=\"true\" aria-invalid=\"false\" placeholder=\"Your Name...\" value=\"\" type=\"text\" name=\"your-name\" \/><\/span>\n<\/p>\n<p><span class=\"wpcf7-form-control-wrap\" data-name=\"your-email\"><input size=\"40\" class=\"wpcf7-form-control wpcf7-text wpcf7-email wpcf7-validates-as-required wpcf7-validates-as-email\" aria-required=\"true\" aria-invalid=\"false\" placeholder=\"Your Email...\" value=\"\" type=\"email\" name=\"your-email\" \/><\/span>\n<\/p>\n<p><span class=\"wpcf7-form-control-wrap\" data-name=\"your-subject\"><input size=\"40\" class=\"wpcf7-form-control wpcf7-text\" aria-invalid=\"false\" placeholder=\"Subject...\" value=\"\" type=\"text\" name=\"your-subject\" \/><\/span>\n<\/p>\n<p><span class=\"wpcf7-form-control-wrap\" data-name=\"your-message\"><textarea cols=\"40\" rows=\"10\" class=\"wpcf7-form-control wpcf7-textarea\" aria-invalid=\"false\" placeholder=\"Your Message...\" name=\"your-message\"><\/textarea><\/span>\n<\/p>\n<div style=\"padding-top:20px;\">\n<span class=\"wpcf7-form-control-wrap recaptcha\" data-name=\"recaptcha\"><span class=\"wpcf7-form-control g-recaptcha wpcf7-recaptcha\"><\/span><\/span>\n<\/div>\n<p><input class=\"wpcf7-form-control has-spinner wpcf7-submit\" type=\"submit\" value=\"Send\" \/>\n<\/p><div class=\"wpcf7-response-output\" aria-hidden=\"true\"><\/div>\n<\/form>\n<\/div>\n[vc_separator color=&#8220;white&#8220;][\/vc_column][vc_column width=&#8220;1\/3&#8243;]\t<div  class=\"bs-shortcode bs-heading-shortcode bscb-99845 bsb-have-heading-color\">\r\n\t\t\t\t<h3 class=\"section-heading sh-t6 sh-s6\">\r\n\t\t\t\t<span class=\"h-text\">KEEP IN TOUCH<\/span>\r\n\t\t\t\t<\/h3>\r\n\t\t\t<\/div>\r\n\t\t<div\n\t\t\tclass=\"better-studio-shortcode bsc-clearfix better-social-counter style-big-button colored in-2-col \">\n\t\t\t\t\t\t<ul class=\"social-list bsc-clearfix\"><li class=\"social-item twitter\"><a href=\"http:\/\/twitter.com\/@FLPractitioners\" class=\"item-link\" target=\"_blank\"><i class=\"item-icon bsfi-twitter\"><\/i><span class=\"item-name\">Twitter<\/span><span class=\"item-title-join\">Join us on Twitter<\/span><\/a><\/li><li class=\"social-item youtube\"><a href=\"#\" class=\"item-link\" target=\"_blank\"><i class=\"item-icon bsfi-youtube\"><\/i><span class=\"item-name\">Youtube<\/span><span class=\"item-title-join\">Join us on Youtube<\/span><\/a><\/li>\t\t\t<\/ul>\n\t\t<\/div>\n\t\t\t<div\r\n\t\t\t\t\tclass=\"bs-shortcode bs-text bscb-85383 bsb-have-heading-color\">\r\n\t\t\t\t<h3 class=\"section-heading sh-t6 sh-s6\">\r\n\t\t\t\t<span class=\"h-text\">CONTACT INFO<\/span>\r\n\t\t\t\t<\/h3>\r\n\t\t\t\t<div class=\"bs-text-content\">\r\n\t\t\t<p>Otto-Bauer-Gasse 5\/14<br \/>\n1060, Vienna<br \/>\nAustria<\/p>\n<p><strong>Phone<\/strong>: +43 1 9962011<br \/>\n<strong>Email<\/strong>:\u00a0office@takedownproject.eu<\/p>\n\t\t<\/div>\r\n\t<\/div><!-- .bs-text -->\r\n[\/vc_column][\/vc_row][vc_row][vc_column][vc_empty_space height=&#8220;10px&#8220;][\/vc_column][\/vc_row]<\/p>\n","protected":false},"excerpt":{"rendered":"<p>[vc_row content_placement=&#8220;middle&#8220; css=&#8220;.vc_custom_1517921663488{padding-right: 0px !important;padding-left: 0px !important;}&#8220;][vc_column][\/vc_column][\/vc_row][vc_row][vc_column][vc_separator color=&#8220;white&#8220;][\/vc_column][\/vc_row][vc_row][vc_column width=&#8220;2\/3&#8243;][vc_separator color=&#8220;white&#8220;][\/vc_column][vc_column width=&#8220;1\/3&#8243;][\/vc_column][\/vc_row][vc_row][vc_column][vc_empty_space height=&#8220;10px&#8220;][\/vc_column][\/vc_row]<\/p>\n","protected":false},"author":4,"featured_media":0,"parent":0,"menu_order":0,"comment_status":"closed","ping_status":"closed","template":"","meta":{"footnotes":""},"yoast_head":"<!-- This site is optimized with the Yoast SEO plugin v21.3 - https:\/\/yoast.com\/wordpress\/plugins\/seo\/ -->\n<title>Contact - FIRST-LINE PRACTITIONERS<\/title>\n<meta name=\"robots\" content=\"index, follow, max-snippet:-1, max-image-preview:large, max-video-preview:-1\" \/>\n<link rel=\"canonical\" href=\"https:\/\/www.firstlinepractitioners.com\/contact\/\" \/>\n<meta property=\"og:locale\" content=\"sk_SK\" \/>\n<meta property=\"og:type\" content=\"article\" \/>\n<meta property=\"og:title\" content=\"Contact - FIRST-LINE PRACTITIONERS\" \/>\n<meta property=\"og:description\" content=\"[vc_row content_placement=&#8220;middle&#8220; css=&#8220;.vc_custom_1517921663488{padding-right: 0px !important;padding-left: 0px !important;}&#8220;][vc_column][\/vc_column][\/vc_row][vc_row][vc_column][vc_separator color=&#8220;white&#8220;][\/vc_column][\/vc_row][vc_row][vc_column width=&#8220;2\/3&#8243;][vc_separator color=&#8220;white&#8220;][\/vc_column][vc_column width=&#8220;1\/3&#8243;][\/vc_column][\/vc_row][vc_row][vc_column][vc_empty_space height=&#8220;10px&#8220;][\/vc_column][\/vc_row]\" \/>\n<meta property=\"og:url\" content=\"https:\/\/www.firstlinepractitioners.com\/contact\/\" \/>\n<meta property=\"og:site_name\" content=\"FIRST-LINE PRACTITIONERS\" \/>\n<meta property=\"article:modified_time\" content=\"2020-05-05T11:31:13+00:00\" \/>\n<meta name=\"twitter:card\" content=\"summary_large_image\" \/>\n<meta name=\"twitter:label1\" content=\"Predpokladan\u00fd \u010das \u010d\u00edtania\" \/>\n\t<meta name=\"twitter:data1\" content=\"1 min\u00fata\" \/>\n<script type=\"application\/ld+json\" class=\"yoast-schema-graph\">{\"@context\":\"https:\/\/schema.org\",\"@graph\":[{\"@type\":\"WebPage\",\"@id\":\"https:\/\/www.firstlinepractitioners.com\/contact\/\",\"url\":\"https:\/\/www.firstlinepractitioners.com\/contact\/\",\"name\":\"Contact - FIRST-LINE PRACTITIONERS\",\"isPartOf\":{\"@id\":\"https:\/\/www.firstlinepractitioners.com\/el\/#website\"},\"datePublished\":\"2018-01-24T14:17:34+00:00\",\"dateModified\":\"2020-05-05T11:31:13+00:00\",\"breadcrumb\":{\"@id\":\"https:\/\/www.firstlinepractitioners.com\/contact\/#breadcrumb\"},\"inLanguage\":\"sk-SK\",\"potentialAction\":[{\"@type\":\"ReadAction\",\"target\":[\"https:\/\/www.firstlinepractitioners.com\/contact\/\"]}]},{\"@type\":\"BreadcrumbList\",\"@id\":\"https:\/\/www.firstlinepractitioners.com\/contact\/#breadcrumb\",\"itemListElement\":[{\"@type\":\"ListItem\",\"position\":1,\"name\":\"Home\",\"item\":\"https:\/\/www.firstlinepractitioners.com\/\"},{\"@type\":\"ListItem\",\"position\":2,\"name\":\"Contact\"}]},{\"@type\":\"WebSite\",\"@id\":\"https:\/\/www.firstlinepractitioners.com\/el\/#website\",\"url\":\"https:\/\/www.firstlinepractitioners.com\/el\/\",\"name\":\"FIRST-LINE PRACTITIONERS\",\"description\":\"Curricula - Knowledge - Navigation\",\"potentialAction\":[{\"@type\":\"SearchAction\",\"target\":{\"@type\":\"EntryPoint\",\"urlTemplate\":\"https:\/\/www.firstlinepractitioners.com\/el\/?s={search_term_string}\"},\"query-input\":\"required name=search_term_string\"}],\"inLanguage\":\"sk-SK\"}]}<\/script>\n<!-- \/ Yoast SEO plugin. -->","yoast_head_json":{"title":"Contact - FIRST-LINE PRACTITIONERS","robots":{"index":"index","follow":"follow","max-snippet":"max-snippet:-1","max-image-preview":"max-image-preview:large","max-video-preview":"max-video-preview:-1"},"canonical":"https:\/\/www.firstlinepractitioners.com\/contact\/","og_locale":"sk_SK","og_type":"article","og_title":"Contact - FIRST-LINE PRACTITIONERS","og_description":"[vc_row content_placement=&#8220;middle&#8220; css=&#8220;.vc_custom_1517921663488{padding-right: 0px !important;padding-left: 0px !important;}&#8220;][vc_column][\/vc_column][\/vc_row][vc_row][vc_column][vc_separator color=&#8220;white&#8220;][\/vc_column][\/vc_row][vc_row][vc_column width=&#8220;2\/3&#8243;][vc_separator color=&#8220;white&#8220;][\/vc_column][vc_column width=&#8220;1\/3&#8243;][\/vc_column][\/vc_row][vc_row][vc_column][vc_empty_space height=&#8220;10px&#8220;][\/vc_column][\/vc_row]","og_url":"https:\/\/www.firstlinepractitioners.com\/contact\/","og_site_name":"FIRST-LINE PRACTITIONERS","article_modified_time":"2020-05-05T11:31:13+00:00","twitter_card":"summary_large_image","twitter_misc":{"Predpokladan\u00fd \u010das \u010d\u00edtania":"1 min\u00fata"},"schema":{"@context":"https:\/\/schema.org","@graph":[{"@type":"WebPage","@id":"https:\/\/www.firstlinepractitioners.com\/contact\/","url":"https:\/\/www.firstlinepractitioners.com\/contact\/","name":"Contact - FIRST-LINE PRACTITIONERS","isPartOf":{"@id":"https:\/\/www.firstlinepractitioners.com\/el\/#website"},"datePublished":"2018-01-24T14:17:34+00:00","dateModified":"2020-05-05T11:31:13+00:00","breadcrumb":{"@id":"https:\/\/www.firstlinepractitioners.com\/contact\/#breadcrumb"},"inLanguage":"sk-SK","potentialAction":[{"@type":"ReadAction","target":["https:\/\/www.firstlinepractitioners.com\/contact\/"]}]},{"@type":"BreadcrumbList","@id":"https:\/\/www.firstlinepractitioners.com\/contact\/#breadcrumb","itemListElement":[{"@type":"ListItem","position":1,"name":"Home","item":"https:\/\/www.firstlinepractitioners.com\/"},{"@type":"ListItem","position":2,"name":"Contact"}]},{"@type":"WebSite","@id":"https:\/\/www.firstlinepractitioners.com\/el\/#website","url":"https:\/\/www.firstlinepractitioners.com\/el\/","name":"FIRST-LINE PRACTITIONERS","description":"Curricula - Knowledge - Navigation","potentialAction":[{"@type":"SearchAction","target":{"@type":"EntryPoint","urlTemplate":"https:\/\/www.firstlinepractitioners.com\/el\/?s={search_term_string}"},"query-input":"required name=search_term_string"}],"inLanguage":"sk-SK"}]}},"_links":{"self":[{"href":"https:\/\/www.firstlinepractitioners.com\/sk\/wp-json\/wp\/v2\/pages\/7928"}],"collection":[{"href":"https:\/\/www.firstlinepractitioners.com\/sk\/wp-json\/wp\/v2\/pages"}],"about":[{"href":"https:\/\/www.firstlinepractitioners.com\/sk\/wp-json\/wp\/v2\/types\/page"}],"author":[{"embeddable":true,"href":"https:\/\/www.firstlinepractitioners.com\/sk\/wp-json\/wp\/v2\/users\/4"}],"replies":[{"embeddable":true,"href":"https:\/\/www.firstlinepractitioners.com\/sk\/wp-json\/wp\/v2\/comments?post=7928"}],"version-history":[{"count":1,"href":"https:\/\/www.firstlinepractitioners.com\/sk\/wp-json\/wp\/v2\/pages\/7928\/revisions"}],"predecessor-version":[{"id":10036,"href":"https:\/\/www.firstlinepractitioners.com\/sk\/wp-json\/wp\/v2\/pages\/7928\/revisions\/10036"}],"wp:attachment":[{"href":"https:\/\/www.firstlinepractitioners.com\/sk\/wp-json\/wp\/v2\/media?parent=7928"}],"curies":[{"name":"wp","href":"https:\/\/api.w.org\/{rel}","templated":true}]}}