{"id":7939,"date":"2017-10-09T11:31:17","date_gmt":"2017-10-09T11:31:17","guid":{"rendered":"http:\/\/www.firstlinepractitioners.com\/takedown-project\/"},"modified":"2019-09-26T09:20:21","modified_gmt":"2019-09-26T09:20:21","slug":"takedown-project","status":"publish","type":"page","link":"https:\/\/www.firstlinepractitioners.com\/sk\/takedown-project\/","title":{"rendered":"Takedown Project"},"content":{"rendered":"<p>[vc_section css=&#8220;.vc_custom_1523017027877{padding-bottom: 100px !important;}&#8220;][vc_row][vc_column width=&#8220;3\/4&#8243;][vc_row_inner][vc_column_inner width=&#8220;3\/4&#8243;]\t<div  class=\"bs-shortcode bs-heading-shortcode bscb-97693 bsb-have-heading-color\">\r\n\t\t\t\t<h3 class=\"section-heading sh-t6 sh-s6\">\r\n\t\t\t\t<span class=\"h-text\">POZADIE PRACOVN\u00cdKOV PRVEJ POMOCI<\/span>\r\n\t\t\t\t<\/h3>\r\n\t\t\t<\/div>\r\n[\/vc_column_inner][vc_column_inner width=&#8220;1\/4&#8243;]\t\t<div\n\t\t\tclass=\"better-studio-shortcode bsc-clearfix better-social-counter style-button colored in-4-col \">\n\t\t\t\t\t\t<ul class=\"social-list bsc-clearfix\"><li class=\"social-item twitter\"><a href=\"http:\/\/twitter.com\/@FLPractitioners\" target=\"_blank\"><i class=\"item-icon bsfi-twitter\"><\/i><span class=\"item-title\">Followers<\/span><\/a><\/li><li class=\"social-item youtube\"><a href=\"#\" target=\"_blank\"><i class=\"item-icon bsfi-youtube\"><\/i><span class=\"item-title\">Subscribers<\/span><\/a><\/li>\t\t\t<\/ul>\n\t\t<\/div>\n\t\t[\/vc_column_inner][\/vc_row_inner][vc_column_text]Siete organizovan\u00e9ho zlo\u010dinu (OZ) a teroristick\u00e9 siete (TS) s\u00fa hlavn\u00fdmi hrozbami pre Eur\u00f3psku \u00faniu a jej popul\u00e1cie. Na jednej strane po\u010det a hodnota majetku zhaban\u00e9ho z organizovan\u00e9ho zlo\u010dinu v Eur\u00f3pe sa \u010doraz viac zvy\u0161uje, \u010do nazna\u010duje rast organizovanej kriminality v Eur\u00f3pe a v\u00fdzvu pre pr\u00e1vnu ekonomiku alebo da\u0148ov\u00fd z\u00e1klad mnoh\u00fdch n\u00e1rodn\u00fdch \u0161t\u00e1tov. Na druhej strane Eur\u00f3pa \u010del\u00ed \u010doraz v\u00e4\u010d\u0161iemu po\u010dtu jednotlivcov, ktor\u00ed s\u00fa regrutovan\u00ed ako zahrani\u010dn\u00ed bojovn\u00edci alebo na teroristick\u00e9 \u00fatoky v r\u00e1mci Eur\u00f3py. Okrem priamych d\u00f4sledkov sa vytv\u00e1ra aj atmosf\u00e9ra strachu.<\/p>\n<p>Okrem toho sa zvy\u0161uj\u00fa ekonomick\u00e9 n\u00e1klady na prevenciu a boj proti organizovan\u00e9mu zlo\u010dinu a teroristick\u00fdm sie\u0165am. To je obzvl\u00e1\u0161\u0165 d\u00f4le\u017eit\u00e9 v \u010dasoch \u00fasporn\u00fdch opatren\u00ed, ke\u010f zn\u00ed\u017eenie integra\u010dn\u00fdch programov a podpora marginalizovan\u00fdch skup\u00edn zvy\u0161uje hranice medzi sf\u00e9rami. Dokonca aj v \u00fadajne \u201erovnost\u00e1rskych\u201c spolo\u010dnostiach narast\u00e1 zakorenenie v r\u00e1mci spolo\u010dnost\u00ed a vytv\u00e1ra triedy \u201eos\u00f4b na okraji spolo\u010dnosti\u201c bez mo\u017enosti zlep\u0161enia ich soci\u00e1lnej mobility. A \u010dasto s\u00fa to mlad\u00ed \u013eudia bez perspekt\u00edvy bud\u00facnosti, ktor\u00ed s\u00fa vystaven\u00ed riziku, \u017ee sa zapoja do zlo\u010dineck\u00fdch organiz\u00e1ci\u00ed alebo do teroristick\u00fdch siet\u00ed. Kombin\u00e1cia t\u00fdchto v\u00fdziev a pr\u00edslu\u0161n\u00fdch polit\u00edk v kone\u010dnom d\u00f4sledku predstavuje v\u00fdzvu pre soci\u00e1lnu s\u00fadr\u017enos\u0165 v Eur\u00f3pe.[\/vc_column_text][vc_row_inner][vc_column_inner]\t<div  class=\"bs-shortcode bs-heading-shortcode bscb-88762 bsb-have-heading-color\">\r\n\t\t\t\t<h3 class=\"section-heading sh-t6 sh-s6\">\r\n\t\t\t\t<span class=\"h-text\">KOORDIN\u00c1CIA PRACOVN\u00cdKOV PRVEJ POMOCI<\/span>\r\n\t\t\t\t<\/h3>\r\n\t\t\t<\/div>\r\n[vc_column_text]<strong>PROJEKT TAKEDOWN \u2013 IDENTIFIKOVANIE, PREVENCIA A ODPOVEDE NA ORGANIZOVAN\u00dd ZLO\u010cIN A TERORISTICK\u00c9 SIETE<\/strong><\/p>\n<p>Toto s\u00fa hlavn\u00e9 \u0165a\u017eisk\u00e1 projektu TAKEDOWN, ktor\u00fd realizuje 18 eur\u00f3pskych partnersk\u00fdch in\u0161tit\u00faci\u00ed. Partnerstvo medzi akademick\u00fdmi pracovn\u00edkmi, v\u00fdskumn\u00edkmi, odborn\u00edkmi z praxe, odborn\u00edkmi na bezpe\u010dnostn\u00fd softv\u00e9r, org\u00e1nmi \u010dinn\u00fdmi v trestnom konan\u00ed a sie\u0165ami je financovan\u00e9 z v\u00fdskumn\u00e9ho a inova\u010dn\u00e9ho programu E\u00da H2020. Projekt TAKEDOWN implementuje odpovede na zlo\u010dineck\u00e9 hrozby prostredn\u00edctvom viacrozmern\u00e9ho pr\u00edstupu vr\u00e1tane soci\u00e1lnych, psychologick\u00fdch, ekonomick\u00fdch a kult\u00farnych aspektov a integruje n\u00e1stroje technologickej prevencie a pr\u00edstupy spolo\u010denskej prevencie do vypracovanie rie\u0161en\u00ed.<\/p>\n<p>\u010eal\u0161ie inform\u00e1cie: <a href=\"https:\/\/www.takedownproject.eu\/\">Project website<\/a>[\/vc_column_text][vc_video link=&#8220;https:\/\/www.youtube.com\/watch?v=ipPYpmcb3BY&#8220;][\/vc_column_inner][\/vc_row_inner][\/vc_column][vc_column width=&#8220;1\/4&#8243;][vc_widget_sidebar sidebar_id=&#8220;cs-2&#8243;][\/vc_column][\/vc_row][\/vc_section]<\/p>\n","protected":false},"excerpt":{"rendered":"<p>[vc_section css=&#8220;.vc_custom_1523017027877{padding-bottom: 100px !important;}&#8220;][vc_row][vc_column width=&#8220;3\/4&#8243;][vc_row_inner][vc_column_inner width=&#8220;3\/4&#8243;][\/vc_column_inner][vc_column_inner width=&#8220;1\/4&#8243;][\/vc_column_inner][\/vc_row_inner][vc_column_text]Siete organizovan\u00e9ho zlo\u010dinu (OZ) a teroristick\u00e9 siete (TS) s\u00fa hlavn\u00fdmi hrozbami pre Eur\u00f3psku \u00faniu a jej popul\u00e1cie. Na jednej strane po\u010det a hodnota majetku zhaban\u00e9ho z organizovan\u00e9ho zlo\u010dinu v Eur\u00f3pe sa \u010doraz viac zvy\u0161uje, \u010do nazna\u010duje rast organizovanej kriminality v Eur\u00f3pe a v\u00fdzvu pre pr\u00e1vnu ekonomiku alebo da\u0148ov\u00fd z\u00e1klad<\/p>\n","protected":false},"author":4,"featured_media":0,"parent":0,"menu_order":0,"comment_status":"closed","ping_status":"closed","template":"","meta":{"footnotes":""},"yoast_head":"<!-- This site is optimized with the Yoast SEO plugin v21.3 - https:\/\/yoast.com\/wordpress\/plugins\/seo\/ -->\n<title>Takedown Project - FIRST-LINE PRACTITIONERS<\/title>\n<meta name=\"robots\" content=\"index, follow, max-snippet:-1, max-image-preview:large, max-video-preview:-1\" \/>\n<link rel=\"canonical\" href=\"https:\/\/www.firstlinepractitioners.com\/takedown-project\/\" \/>\n<meta property=\"og:locale\" content=\"sk_SK\" \/>\n<meta property=\"og:type\" content=\"article\" \/>\n<meta property=\"og:title\" content=\"Takedown Project - FIRST-LINE PRACTITIONERS\" \/>\n<meta property=\"og:description\" content=\"[vc_section css=&#8220;.vc_custom_1523017027877{padding-bottom: 100px !important;}&#8220;][vc_row][vc_column width=&#8220;3\/4&#8243;][vc_row_inner][vc_column_inner width=&#8220;3\/4&#8243;][\/vc_column_inner][vc_column_inner width=&#8220;1\/4&#8243;][\/vc_column_inner][\/vc_row_inner][vc_column_text]Siete organizovan\u00e9ho zlo\u010dinu (OZ) a teroristick\u00e9 siete (TS) s\u00fa hlavn\u00fdmi hrozbami pre Eur\u00f3psku \u00faniu a jej popul\u00e1cie. Na jednej strane po\u010det a hodnota majetku zhaban\u00e9ho z organizovan\u00e9ho zlo\u010dinu v Eur\u00f3pe sa \u010doraz viac zvy\u0161uje, \u010do nazna\u010duje rast organizovanej kriminality v Eur\u00f3pe a v\u00fdzvu pre pr\u00e1vnu ekonomiku alebo da\u0148ov\u00fd z\u00e1klad\" \/>\n<meta property=\"og:url\" content=\"https:\/\/www.firstlinepractitioners.com\/takedown-project\/\" \/>\n<meta property=\"og:site_name\" content=\"FIRST-LINE PRACTITIONERS\" \/>\n<meta property=\"article:modified_time\" content=\"2019-09-26T09:20:21+00:00\" \/>\n<meta name=\"twitter:card\" content=\"summary_large_image\" \/>\n<meta name=\"twitter:label1\" content=\"Predpokladan\u00fd \u010das \u010d\u00edtania\" \/>\n\t<meta name=\"twitter:data1\" content=\"3 min\u00faty\" \/>\n<script type=\"application\/ld+json\" class=\"yoast-schema-graph\">{\"@context\":\"https:\/\/schema.org\",\"@graph\":[{\"@type\":\"WebPage\",\"@id\":\"https:\/\/www.firstlinepractitioners.com\/takedown-project\/\",\"url\":\"https:\/\/www.firstlinepractitioners.com\/takedown-project\/\",\"name\":\"Takedown Project - FIRST-LINE PRACTITIONERS\",\"isPartOf\":{\"@id\":\"https:\/\/www.firstlinepractitioners.com\/el\/#website\"},\"datePublished\":\"2017-10-09T11:31:17+00:00\",\"dateModified\":\"2019-09-26T09:20:21+00:00\",\"breadcrumb\":{\"@id\":\"https:\/\/www.firstlinepractitioners.com\/takedown-project\/#breadcrumb\"},\"inLanguage\":\"sk-SK\",\"potentialAction\":[{\"@type\":\"ReadAction\",\"target\":[\"https:\/\/www.firstlinepractitioners.com\/takedown-project\/\"]}]},{\"@type\":\"BreadcrumbList\",\"@id\":\"https:\/\/www.firstlinepractitioners.com\/takedown-project\/#breadcrumb\",\"itemListElement\":[{\"@type\":\"ListItem\",\"position\":1,\"name\":\"Home\",\"item\":\"https:\/\/www.firstlinepractitioners.com\/\"},{\"@type\":\"ListItem\",\"position\":2,\"name\":\"Takedown Project\"}]},{\"@type\":\"WebSite\",\"@id\":\"https:\/\/www.firstlinepractitioners.com\/el\/#website\",\"url\":\"https:\/\/www.firstlinepractitioners.com\/el\/\",\"name\":\"FIRST-LINE PRACTITIONERS\",\"description\":\"Curricula - Knowledge - Navigation\",\"potentialAction\":[{\"@type\":\"SearchAction\",\"target\":{\"@type\":\"EntryPoint\",\"urlTemplate\":\"https:\/\/www.firstlinepractitioners.com\/el\/?s={search_term_string}\"},\"query-input\":\"required name=search_term_string\"}],\"inLanguage\":\"sk-SK\"}]}<\/script>\n<!-- \/ Yoast SEO plugin. -->","yoast_head_json":{"title":"Takedown Project - FIRST-LINE PRACTITIONERS","robots":{"index":"index","follow":"follow","max-snippet":"max-snippet:-1","max-image-preview":"max-image-preview:large","max-video-preview":"max-video-preview:-1"},"canonical":"https:\/\/www.firstlinepractitioners.com\/takedown-project\/","og_locale":"sk_SK","og_type":"article","og_title":"Takedown Project - FIRST-LINE PRACTITIONERS","og_description":"[vc_section css=&#8220;.vc_custom_1523017027877{padding-bottom: 100px !important;}&#8220;][vc_row][vc_column width=&#8220;3\/4&#8243;][vc_row_inner][vc_column_inner width=&#8220;3\/4&#8243;][\/vc_column_inner][vc_column_inner width=&#8220;1\/4&#8243;][\/vc_column_inner][\/vc_row_inner][vc_column_text]Siete organizovan\u00e9ho zlo\u010dinu (OZ) a teroristick\u00e9 siete (TS) s\u00fa hlavn\u00fdmi hrozbami pre Eur\u00f3psku \u00faniu a jej popul\u00e1cie. Na jednej strane po\u010det a hodnota majetku zhaban\u00e9ho z organizovan\u00e9ho zlo\u010dinu v Eur\u00f3pe sa \u010doraz viac zvy\u0161uje, \u010do nazna\u010duje rast organizovanej kriminality v Eur\u00f3pe a v\u00fdzvu pre pr\u00e1vnu ekonomiku alebo da\u0148ov\u00fd z\u00e1klad","og_url":"https:\/\/www.firstlinepractitioners.com\/takedown-project\/","og_site_name":"FIRST-LINE PRACTITIONERS","article_modified_time":"2019-09-26T09:20:21+00:00","twitter_card":"summary_large_image","twitter_misc":{"Predpokladan\u00fd \u010das \u010d\u00edtania":"3 min\u00faty"},"schema":{"@context":"https:\/\/schema.org","@graph":[{"@type":"WebPage","@id":"https:\/\/www.firstlinepractitioners.com\/takedown-project\/","url":"https:\/\/www.firstlinepractitioners.com\/takedown-project\/","name":"Takedown Project - FIRST-LINE PRACTITIONERS","isPartOf":{"@id":"https:\/\/www.firstlinepractitioners.com\/el\/#website"},"datePublished":"2017-10-09T11:31:17+00:00","dateModified":"2019-09-26T09:20:21+00:00","breadcrumb":{"@id":"https:\/\/www.firstlinepractitioners.com\/takedown-project\/#breadcrumb"},"inLanguage":"sk-SK","potentialAction":[{"@type":"ReadAction","target":["https:\/\/www.firstlinepractitioners.com\/takedown-project\/"]}]},{"@type":"BreadcrumbList","@id":"https:\/\/www.firstlinepractitioners.com\/takedown-project\/#breadcrumb","itemListElement":[{"@type":"ListItem","position":1,"name":"Home","item":"https:\/\/www.firstlinepractitioners.com\/"},{"@type":"ListItem","position":2,"name":"Takedown Project"}]},{"@type":"WebSite","@id":"https:\/\/www.firstlinepractitioners.com\/el\/#website","url":"https:\/\/www.firstlinepractitioners.com\/el\/","name":"FIRST-LINE PRACTITIONERS","description":"Curricula - Knowledge - Navigation","potentialAction":[{"@type":"SearchAction","target":{"@type":"EntryPoint","urlTemplate":"https:\/\/www.firstlinepractitioners.com\/el\/?s={search_term_string}"},"query-input":"required name=search_term_string"}],"inLanguage":"sk-SK"}]}},"_links":{"self":[{"href":"https:\/\/www.firstlinepractitioners.com\/sk\/wp-json\/wp\/v2\/pages\/7939"}],"collection":[{"href":"https:\/\/www.firstlinepractitioners.com\/sk\/wp-json\/wp\/v2\/pages"}],"about":[{"href":"https:\/\/www.firstlinepractitioners.com\/sk\/wp-json\/wp\/v2\/types\/page"}],"author":[{"embeddable":true,"href":"https:\/\/www.firstlinepractitioners.com\/sk\/wp-json\/wp\/v2\/users\/4"}],"replies":[{"embeddable":true,"href":"https:\/\/www.firstlinepractitioners.com\/sk\/wp-json\/wp\/v2\/comments?post=7939"}],"version-history":[{"count":2,"href":"https:\/\/www.firstlinepractitioners.com\/sk\/wp-json\/wp\/v2\/pages\/7939\/revisions"}],"predecessor-version":[{"id":7956,"href":"https:\/\/www.firstlinepractitioners.com\/sk\/wp-json\/wp\/v2\/pages\/7939\/revisions\/7956"}],"wp:attachment":[{"href":"https:\/\/www.firstlinepractitioners.com\/sk\/wp-json\/wp\/v2\/media?parent=7939"}],"curies":[{"name":"wp","href":"https:\/\/api.w.org\/{rel}","templated":true}]}}